{"id":18343,"date":"2024-11-15T11:21:16","date_gmt":"2024-11-15T10:21:16","guid":{"rendered":"https:\/\/mes-pochoirs.com\/?post_type=product&#038;p=18343"},"modified":"2025-10-31T12:18:59","modified_gmt":"2025-10-31T11:18:59","slug":"plantilla-pueblo-de-navidad-fe0005","status":"publish","type":"product","link":"https:\/\/mes-pochoirs.com\/es\/produit\/pochoir-village-de-noel-fe0005","title":{"rendered":"Plantilla Christmas Village - FE0005"},"content":{"rendered":"<h2>Plantilla Christmas Village<\/h2>\n<h3>Un escenario encantado para captar el esp\u00edritu navide\u00f1o<\/h3>\n<p>Descubra el ambiente m\u00e1gico de las fiestas con nuestra plantilla Christmas Village, una creaci\u00f3n exclusiva que representa un encantador pueblo invernal. Esta plantilla abstracta, de nuestra colecci\u00f3n de fiestas y eventos, representa un entorno id\u00edlico en el que tejados cubiertos de nieve, chimeneas humeantes y callejuelas tranquilas se combinan para evocar la serenidad del invierno y el esp\u00edritu festivo de la Navidad. Cada detalle de este pueblo recuerda a una escena navide\u00f1a tradicional, llena de c\u00e1lidos recuerdos y asombro. Tanto si quieres celebrar paisajes invernales como plasmar la alegr\u00eda de una escena navide\u00f1a, esta plantilla es ideal para a\u00f1adir un toque aut\u00e9ntico de cuento de hadas a tus obras de arte.<\/p>\n<h3>Dise\u00f1o abstracto para ricas creaciones art\u00edsticas<\/h3>\n<p>Con su estilo refinado y abstracto, la plantilla Christmas Village ofrece una gran libertad art\u00edstica para una gran variedad de proyectos. Perfecta para dise\u00f1ar tarjetas de felicitaci\u00f3n, decoraciones murales, envoltorios de regalo personalizados o incluso cuadros \u00fanicos, esta plantilla puede adaptarse a todos sus deseos creativos. Creada con un dise\u00f1o exclusivo de nuestro equipo, garantiza una calidad excepcional y est\u00e1 fabricada para ser reutilizable, reversible y disponible en varios tama\u00f1os. Tanto si opta por crear una composici\u00f3n cl\u00e1sica como por a\u00f1adir un toque contempor\u00e1neo a su trabajo, esta plantilla aporta un aire festivo e invernal que seguro que le conquistar\u00e1. Deje que esta plantilla transforme sus ideas en cautivadoras escenas visuales, reflejando toda la magia y belleza de un pueblo navide\u00f1o.<\/p>","protected":false},"excerpt":{"rendered":"<p>Plantilla Christmas Village: a\u00f1ada un toque festivo a sus proyectos con esta plantilla reutilizable y reversible de varios tama\u00f1os y alta calidad.<\/p>","protected":false},"featured_media":18274,"comment_status":"open","ping_status":"closed","template":"","meta":{"bwfblock_default_font":"","_kad_blocks_custom_css":"","_kad_blocks_head_custom_js":"","_kad_blocks_body_custom_js":"","_kad_blocks_footer_custom_js":"","_kadence_starter_templates_imported_post":false,"_kad_post_transparent":"default","_kad_post_title":"","_kad_post_layout":"default","_kad_post_sidebar_id":"","_kad_post_content_style":"default","_kad_post_vertical_padding":"default","_kad_post_feature":"","_kad_post_feature_position":"","_kad_post_header":false,"_kad_post_footer":false,"_kad_post_classname":""},"product_brand":[1415],"product_cat":[951,950,618],"product_tag":[959,960,952,309,961,958],"class_list":{"0":"post-18343","1":"product","2":"type-product","3":"status-publish","4":"has-post-thumbnail","6":"product_brand-mes-pochoirs","7":"product_cat-pochoirs-noel","8":"product_cat-pochoirs-fetes-evenements","9":"product_cat-pochoirs-paysages","10":"product_tag-hiver","11":"product_tag-neige","12":"product_tag-noel","13":"product_tag-paysage","14":"product_tag-scene-de-noel","15":"product_tag-village","17":"first","18":"instock","19":"taxable","20":"shipping-taxable","21":"purchasable","22":"product-type-variable","23":"has-default-attributes","24":"entry","25":"content-bg","26":"loop-entry"},"taxonomy_info":{"product_brand":[{"value":1415,"label":"Mes Pochoirs"}],"product_cat":[{"value":951,"label":"No\u00ebl"},{"value":950,"label":"F\u00eates &amp; \u00c9v\u00e9nements"},{"value":618,"label":"Paysages"}],"product_tag":[{"value":959,"label":"hiver"},{"value":960,"label":"neige"},{"value":952,"label":"no\u00ebl"},{"value":309,"label":"paysage"},{"value":961,"label":"sc\u00e8ne de no\u00ebl"},{"value":958,"label":"village"}]},"featured_image_src_large":["https:\/\/mes-pochoirs.com\/wp-content\/uploads\/2024\/11\/FE0005-FR-pochoir-village-noel-1-1-copyright-mes-pochoirs-com--858x1030.jpg",858,1030,true],"author_info":[],"comment_info":0,"_links":{"self":[{"href":"https:\/\/mes-pochoirs.com\/es\/wp-json\/wp\/v2\/product\/18343","targetHints":{"allow":["GET"]}}],"collection":[{"href":"https:\/\/mes-pochoirs.com\/es\/wp-json\/wp\/v2\/product"}],"about":[{"href":"https:\/\/mes-pochoirs.com\/es\/wp-json\/wp\/v2\/types\/product"}],"replies":[{"embeddable":true,"href":"https:\/\/mes-pochoirs.com\/es\/wp-json\/wp\/v2\/comments?post=18343"}],"wp:featuredmedia":[{"embeddable":true,"href":"https:\/\/mes-pochoirs.com\/es\/wp-json\/wp\/v2\/media\/18274"}],"wp:attachment":[{"href":"https:\/\/mes-pochoirs.com\/es\/wp-json\/wp\/v2\/media?parent=18343"}],"wp:term":[{"taxonomy":"product_brand","embeddable":true,"href":"https:\/\/mes-pochoirs.com\/es\/wp-json\/wp\/v2\/product_brand?post=18343"},{"taxonomy":"product_cat","embeddable":true,"href":"https:\/\/mes-pochoirs.com\/es\/wp-json\/wp\/v2\/product_cat?post=18343"},{"taxonomy":"product_tag","embeddable":true,"href":"https:\/\/mes-pochoirs.com\/es\/wp-json\/wp\/v2\/product_tag?post=18343"}],"curies":[{"name":"wp","href":"https:\/\/api.w.org\/{rel}","templated":true}]}}