{"id":18361,"date":"2024-11-15T12:05:55","date_gmt":"2024-11-15T11:05:55","guid":{"rendered":"https:\/\/mes-pochoirs.com\/?post_type=product&#038;p=18361"},"modified":"2026-04-13T14:29:36","modified_gmt":"2026-04-13T12:29:36","slug":"plantilla-village-winter-fe0007","status":"publish","type":"product","link":"https:\/\/mes-pochoirs.com\/es\/produit\/pochoir-village-hiver-fe0007","title":{"rendered":"Plantilla Christmas Village - FE0007"},"content":{"rendered":"<h2>Plantilla Winter Village\u00a0<\/h2>\n<h3>Una inspiradora escena de nieve<\/h3>\n<p>Capta la esencia de la estaci\u00f3n invernal con nuestra plantilla Winter Village, una creaci\u00f3n exclusiva que representa un encantador pueblo navide\u00f1o cubierto de nieve. Esta plantilla abstracta, de nuestra colecci\u00f3n de fiestas y eventos, evoca la atm\u00f3sfera apacible y de cuento de hadas de un paisaje invernal, donde los tejados cubiertos de nieve, las calles estrechas y las chimeneas humeantes evocan la magia de las fiestas. Cada detalle de este pueblo te transporta a una t\u00edpica escena navide\u00f1a, evocando momentos c\u00e1lidos y la maravilla de los paisajes invernales. Perfecta para encarnar el esp\u00edritu de la estaci\u00f3n, esta plantilla es ideal para proyectos art\u00edsticos y decorativos que reflejen la serenidad y la belleza del invierno.<\/p>\n<h3>Dise\u00f1o abstracto para una gran variedad de obras creativas<\/h3>\n<p>La plantilla Village Winter ofrece una gran libertad creativa gracias a su estilo refinado y abstracto. Tanto si dise\u00f1a tarjetas de felicitaci\u00f3n, cuadros \u00fanicos, decoraciones murales o envoltorios de regalo personalizados, esta plantilla encajar\u00e1 a la perfecci\u00f3n en sus proyectos de tem\u00e1tica invernal. Creada con un dise\u00f1o exclusivo de nuestro equipo, garantiza una calidad excepcional y es reutilizable, reversible y est\u00e1 disponible en varios tama\u00f1os. Ya se trate de una composici\u00f3n cl\u00e1sica o de un enfoque moderno, esta plantilla aportar\u00e1 un toque festivo e invernal a sus creaciones. Convierta sus ideas en escenas cautivadoras y deje que esta plantilla exclusiva a\u00f1ada un toque navide\u00f1o m\u00e1gico a sus obras de arte.<\/p>","protected":false},"excerpt":{"rendered":"<p>Plantilla Winter Village: a\u00f1ada un toque invernal a sus proyectos con esta plantilla de alta calidad, reversible y reutilizable en varios tama\u00f1os.<\/p>","protected":false},"featured_media":18276,"comment_status":"open","ping_status":"closed","template":"","meta":{"bwfblock_default_font":"","_kad_blocks_custom_css":"","_kad_blocks_head_custom_js":"","_kad_blocks_body_custom_js":"","_kad_blocks_footer_custom_js":"","_kadence_starter_templates_imported_post":false,"_kad_post_transparent":"default","_kad_post_title":"","_kad_post_layout":"default","_kad_post_sidebar_id":"","_kad_post_content_style":"default","_kad_post_vertical_padding":"default","_kad_post_feature":"","_kad_post_feature_position":"","_kad_post_header":false,"_kad_post_footer":false,"_kad_post_classname":""},"product_brand":[1415],"product_cat":[951,950,618],"product_tag":[954,953,681,959,960,952,309,961,958],"class_list":{"0":"post-18361","1":"product","2":"type-product","3":"status-publish","4":"has-post-thumbnail","6":"product_brand-mes-pochoirs","7":"product_cat-pochoirs-noel","8":"product_cat-pochoirs-fetes-evenements","9":"product_cat-pochoirs-paysages","10":"product_tag-celebration","11":"product_tag-evenement","12":"product_tag-fete","13":"product_tag-hiver","14":"product_tag-neige","15":"product_tag-noel","16":"product_tag-paysage","17":"product_tag-scene-de-noel","18":"product_tag-village","20":"first","21":"instock","22":"taxable","23":"shipping-taxable","24":"purchasable","25":"product-type-variable","26":"has-default-attributes","27":"entry","28":"content-bg","29":"loop-entry"},"taxonomy_info":{"product_brand":[{"value":1415,"label":"Mes Pochoirs"}],"product_cat":[{"value":951,"label":"No\u00ebl"},{"value":950,"label":"F\u00eates &amp; \u00c9v\u00e9nements"},{"value":618,"label":"Paysages"}],"product_tag":[{"value":954,"label":"c\u00e9l\u00e9bration"},{"value":953,"label":"\u00e9v\u00e8nement"},{"value":681,"label":"f\u00eate"},{"value":959,"label":"hiver"},{"value":960,"label":"neige"},{"value":952,"label":"no\u00ebl"},{"value":309,"label":"paysage"},{"value":961,"label":"sc\u00e8ne de no\u00ebl"},{"value":958,"label":"village"}]},"featured_image_src_large":["https:\/\/mes-pochoirs.com\/wp-content\/uploads\/2024\/11\/FE0007-FR-pochoir-village-noel-1-1-copyright-mes-pochoirs-com--858x1030.jpg",858,1030,true],"author_info":[],"comment_info":0,"_links":{"self":[{"href":"https:\/\/mes-pochoirs.com\/es\/wp-json\/wp\/v2\/product\/18361","targetHints":{"allow":["GET"]}}],"collection":[{"href":"https:\/\/mes-pochoirs.com\/es\/wp-json\/wp\/v2\/product"}],"about":[{"href":"https:\/\/mes-pochoirs.com\/es\/wp-json\/wp\/v2\/types\/product"}],"replies":[{"embeddable":true,"href":"https:\/\/mes-pochoirs.com\/es\/wp-json\/wp\/v2\/comments?post=18361"}],"wp:featuredmedia":[{"embeddable":true,"href":"https:\/\/mes-pochoirs.com\/es\/wp-json\/wp\/v2\/media\/18276"}],"wp:attachment":[{"href":"https:\/\/mes-pochoirs.com\/es\/wp-json\/wp\/v2\/media?parent=18361"}],"wp:term":[{"taxonomy":"product_brand","embeddable":true,"href":"https:\/\/mes-pochoirs.com\/es\/wp-json\/wp\/v2\/product_brand?post=18361"},{"taxonomy":"product_cat","embeddable":true,"href":"https:\/\/mes-pochoirs.com\/es\/wp-json\/wp\/v2\/product_cat?post=18361"},{"taxonomy":"product_tag","embeddable":true,"href":"https:\/\/mes-pochoirs.com\/es\/wp-json\/wp\/v2\/product_tag?post=18361"}],"curies":[{"name":"wp","href":"https:\/\/api.w.org\/{rel}","templated":true}]}}