{"id":18444,"date":"2024-12-03T09:44:57","date_gmt":"2024-12-03T08:44:57","guid":{"rendered":"https:\/\/mes-pochoirs.com\/?post_type=product&#038;p=18444"},"modified":"2025-10-31T12:19:59","modified_gmt":"2025-10-31T11:19:59","slug":"stencil-abstracto-moto-um0001","status":"publish","type":"product","link":"https:\/\/mes-pochoirs.com\/es\/produit\/pochoir-moto-abstrait-um0001","title":{"rendered":"Plantilla Moto - UM0001"},"content":{"rendered":"<h2>Plantilla abstracta de motocicleta<\/h2>\n<h3>el universo mec\u00e1nico<\/h3>\n<p>La plantilla abstracta de moto capta la esencia cruda y din\u00e1mica del mundo de las dos ruedas. Representando una moto estilizada de l\u00edneas elegantes y modernas, este dise\u00f1o rinde homenaje al ingenio mec\u00e1nico y a la pasi\u00f3n de los motoristas. Esta plantilla encarna a la perfecci\u00f3n el esp\u00edritu de libertad asociado a los veh\u00edculos de dos ruedas, al tiempo que adopta un estilo abstracto que evoca la velocidad, la potencia y la innovaci\u00f3n. Inspirada en el mundo de la mec\u00e1nica, es perfecta para creaciones en las que las motos y la tecnolog\u00eda se convierten en s\u00edmbolos art\u00edsticos. Ya sea para decorar un garaje o un taller, o para crear obras de arte personalizadas, esta plantilla es un aut\u00e9ntico reclamo para mec\u00e1nicos y aficionados al motor.<\/p>\n<h3>Un dise\u00f1o \u00fanico para creaciones atrevidas<\/h3>\n<p>Esta plantilla, de nuestra categor\u00eda universo mec\u00e1nico, ha sido dise\u00f1ada para satisfacer las necesidades de los artistas que buscan motivos originales y evocadores. Su dise\u00f1o \u00fanico y exclusivo, concebido y creado por nuestro equipo, ofrece flexibilidad art\u00edstica para una gran variedad de proyectos. Perfecto para murales, muebles o soportes decorativos, se integra igual de bien en composiciones abstractas que en ambientes industriales o modernos. A\u00f1ada un toque mec\u00e1nico a su trabajo y exprese su creatividad con este modelo dise\u00f1ado para captar la esencia de la moto dejando espacio a la interpretaci\u00f3n personal. Es ideal para entusiastas de la mec\u00e1nica, amantes de las motos o cualquiera que simplemente desee incorporar un elemento fuerte y din\u00e1mico a sus creaciones. \u00a0<\/p>","protected":false},"excerpt":{"rendered":"<p>Plantilla de moto abstracta para pintar o decorar. De alta calidad, reutilizable y reversible. Disponible en varios formatos para tus creaciones.<\/p>","protected":false},"featured_media":18438,"comment_status":"open","ping_status":"closed","template":"","meta":{"bwfblock_default_font":"","_kad_blocks_custom_css":"","_kad_blocks_head_custom_js":"","_kad_blocks_body_custom_js":"","_kad_blocks_footer_custom_js":"","_kadence_starter_templates_imported_post":false,"_kad_post_transparent":"default","_kad_post_title":"","_kad_post_layout":"default","_kad_post_sidebar_id":"","_kad_post_content_style":"default","_kad_post_vertical_padding":"default","_kad_post_feature":"","_kad_post_feature_position":"","_kad_post_header":false,"_kad_post_footer":false,"_kad_post_classname":""},"product_brand":[1415],"product_cat":[971,1714],"product_tag":[973,975,816,976,972,974],"class_list":{"0":"post-18444","1":"product","2":"type-product","3":"status-publish","4":"has-post-thumbnail","6":"product_brand-mes-pochoirs","7":"product_cat-pochoirs-univers-mecanique","8":"product_cat-pochoirs-motos","9":"product_tag-deux-roues","10":"product_tag-garage","11":"product_tag-mecanique","12":"product_tag-motard","13":"product_tag-moto","14":"product_tag-vehicule","16":"first","17":"instock","18":"taxable","19":"shipping-taxable","20":"purchasable","21":"product-type-variable","22":"has-default-attributes","23":"entry","24":"content-bg","25":"loop-entry"},"taxonomy_info":{"product_brand":[{"value":1415,"label":"Mes Pochoirs"}],"product_cat":[{"value":971,"label":"Univers M\u00e9canique"},{"value":1714,"label":"Motos"}],"product_tag":[{"value":973,"label":"deux-roues"},{"value":975,"label":"garage"},{"value":816,"label":"m\u00e9canique"},{"value":976,"label":"motard"},{"value":972,"label":"Moto"},{"value":974,"label":"v\u00e9hicule"}]},"featured_image_src_large":["https:\/\/mes-pochoirs.com\/wp-content\/uploads\/2024\/11\/UM0001-FR-pochoir-moto-1-1-copyright-mes-pochoirs-com--858x1030.jpg",858,1030,true],"author_info":[],"comment_info":0,"_links":{"self":[{"href":"https:\/\/mes-pochoirs.com\/es\/wp-json\/wp\/v2\/product\/18444","targetHints":{"allow":["GET"]}}],"collection":[{"href":"https:\/\/mes-pochoirs.com\/es\/wp-json\/wp\/v2\/product"}],"about":[{"href":"https:\/\/mes-pochoirs.com\/es\/wp-json\/wp\/v2\/types\/product"}],"replies":[{"embeddable":true,"href":"https:\/\/mes-pochoirs.com\/es\/wp-json\/wp\/v2\/comments?post=18444"}],"wp:featuredmedia":[{"embeddable":true,"href":"https:\/\/mes-pochoirs.com\/es\/wp-json\/wp\/v2\/media\/18438"}],"wp:attachment":[{"href":"https:\/\/mes-pochoirs.com\/es\/wp-json\/wp\/v2\/media?parent=18444"}],"wp:term":[{"taxonomy":"product_brand","embeddable":true,"href":"https:\/\/mes-pochoirs.com\/es\/wp-json\/wp\/v2\/product_brand?post=18444"},{"taxonomy":"product_cat","embeddable":true,"href":"https:\/\/mes-pochoirs.com\/es\/wp-json\/wp\/v2\/product_cat?post=18444"},{"taxonomy":"product_tag","embeddable":true,"href":"https:\/\/mes-pochoirs.com\/es\/wp-json\/wp\/v2\/product_tag?post=18444"}],"curies":[{"name":"wp","href":"https:\/\/api.w.org\/{rel}","templated":true}]}}