{"id":18453,"date":"2024-12-04T10:41:24","date_gmt":"2024-12-04T09:41:24","guid":{"rendered":"https:\/\/mes-pochoirs.com\/?post_type=product&#038;p=18453"},"modified":"2025-10-31T12:20:06","modified_gmt":"2025-10-31T11:20:06","slug":"um0002-plantilla-reutilizable-para-moto","status":"publish","type":"product","link":"https:\/\/mes-pochoirs.com\/es\/produit\/pochoir-moto-reutilisable-um0002","title":{"rendered":"Plantilla Moto - UM0002"},"content":{"rendered":"<h2>Plantilla de moto reutilizable<\/h2>\n<h3>un estilo mec\u00e1nico asertivo<\/h3>\n<p>La plantilla reutilizable de moto es una invitaci\u00f3n a sumergirse en el fascinante mundo de las dos ruedas y la mec\u00e1nica. Este modelo representa una moto de dise\u00f1o abstracto, que combina potencia y libertad, con l\u00edneas limpias que evocan energ\u00eda y velocidad. Ideal para los entusiastas del motor, esta plantilla es un homenaje a la elegancia atemporal de las motos y a su papel ic\u00f3nico en la cultura motera. Ya sea para celebrar la ingenier\u00eda de precisi\u00f3n o para a\u00f1adir un toque industrial a tus proyectos, esta plantilla tiene cabida tanto en el mundo art\u00edstico como en el decorativo. Perfecta para temas relacionados con garajes, talleres o escenas mec\u00e1nicas, a\u00f1ade una dimensi\u00f3n original y din\u00e1mica a todas tus creaciones.<\/p>\n<h3>Una herramienta creativa para obras \u00fanicas<\/h3>\n<p>De nuestra categor\u00eda de universos mec\u00e1nicos, este est\u00e9ncil combina calidad y practicidad. Fabricada en pl\u00e1stico resistente, es reutilizable y reversible, ofreciendo una gran flexibilidad para sus proyectos art\u00edsticos. Ya se trate de murales, pinturas o decoraci\u00f3n de objetos, esta plantilla garantiza un acabado profesional. Su dise\u00f1o \u00fanico y exclusivo, ideado por nuestro equipo, le permite crear obras de arte con un fuerte car\u00e1cter, al tiempo que da rienda suelta a su creatividad. A\u00f1ada un toque mec\u00e1nico a sus creaciones y explore un estilo art\u00edstico que evoca dinamismo y modernidad. Disponible en varios tama\u00f1os, esta plantilla es una opci\u00f3n ideal para artistas y aficionados que deseen expresar su pasi\u00f3n por las motos y el mundo mec\u00e1nico.<\/p>","protected":false},"excerpt":{"rendered":"<p>Plantilla reutilizable de moto con un dise\u00f1o exclusivo, reversible y duradero. Ideal para cuadros, pinturas o decoraci\u00f3n del hogar. Disponible en varios tama\u00f1os.<\/p>","protected":false},"featured_media":18439,"comment_status":"open","ping_status":"closed","template":"","meta":{"bwfblock_default_font":"","_kad_blocks_custom_css":"","_kad_blocks_head_custom_js":"","_kad_blocks_body_custom_js":"","_kad_blocks_footer_custom_js":"","_kadence_starter_templates_imported_post":false,"_kad_post_transparent":"default","_kad_post_title":"","_kad_post_layout":"default","_kad_post_sidebar_id":"","_kad_post_content_style":"default","_kad_post_vertical_padding":"default","_kad_post_feature":"","_kad_post_feature_position":"","_kad_post_header":false,"_kad_post_footer":false,"_kad_post_classname":""},"product_brand":[1415],"product_cat":[971,1714],"product_tag":[973,975,816,976,972,974],"class_list":{"0":"post-18453","1":"product","2":"type-product","3":"status-publish","4":"has-post-thumbnail","6":"product_brand-mes-pochoirs","7":"product_cat-pochoirs-univers-mecanique","8":"product_cat-pochoirs-motos","9":"product_tag-deux-roues","10":"product_tag-garage","11":"product_tag-mecanique","12":"product_tag-motard","13":"product_tag-moto","14":"product_tag-vehicule","16":"first","17":"instock","18":"taxable","19":"shipping-taxable","20":"purchasable","21":"product-type-variable","22":"has-default-attributes","23":"entry","24":"content-bg","25":"loop-entry"},"taxonomy_info":{"product_brand":[{"value":1415,"label":"Mes Pochoirs"}],"product_cat":[{"value":971,"label":"Univers M\u00e9canique"},{"value":1714,"label":"Motos"}],"product_tag":[{"value":973,"label":"deux-roues"},{"value":975,"label":"garage"},{"value":816,"label":"m\u00e9canique"},{"value":976,"label":"motard"},{"value":972,"label":"Moto"},{"value":974,"label":"v\u00e9hicule"}]},"featured_image_src_large":["https:\/\/mes-pochoirs.com\/wp-content\/uploads\/2024\/11\/UM0002-FR-pochoir-moto-1-1-copyright-mes-pochoirs-com--858x1030.jpg",858,1030,true],"author_info":[],"comment_info":0,"_links":{"self":[{"href":"https:\/\/mes-pochoirs.com\/es\/wp-json\/wp\/v2\/product\/18453","targetHints":{"allow":["GET"]}}],"collection":[{"href":"https:\/\/mes-pochoirs.com\/es\/wp-json\/wp\/v2\/product"}],"about":[{"href":"https:\/\/mes-pochoirs.com\/es\/wp-json\/wp\/v2\/types\/product"}],"replies":[{"embeddable":true,"href":"https:\/\/mes-pochoirs.com\/es\/wp-json\/wp\/v2\/comments?post=18453"}],"wp:featuredmedia":[{"embeddable":true,"href":"https:\/\/mes-pochoirs.com\/es\/wp-json\/wp\/v2\/media\/18439"}],"wp:attachment":[{"href":"https:\/\/mes-pochoirs.com\/es\/wp-json\/wp\/v2\/media?parent=18453"}],"wp:term":[{"taxonomy":"product_brand","embeddable":true,"href":"https:\/\/mes-pochoirs.com\/es\/wp-json\/wp\/v2\/product_brand?post=18453"},{"taxonomy":"product_cat","embeddable":true,"href":"https:\/\/mes-pochoirs.com\/es\/wp-json\/wp\/v2\/product_cat?post=18453"},{"taxonomy":"product_tag","embeddable":true,"href":"https:\/\/mes-pochoirs.com\/es\/wp-json\/wp\/v2\/product_tag?post=18453"}],"curies":[{"name":"wp","href":"https:\/\/api.w.org\/{rel}","templated":true}]}}