{"id":18571,"date":"2024-11-22T17:32:07","date_gmt":"2024-11-22T16:32:07","guid":{"rendered":"https:\/\/mes-pochoirs.com\/?post_type=product&#038;p=18571"},"modified":"2025-10-31T12:20:21","modified_gmt":"2025-10-31T11:20:21","slug":"street-art-plantilla-retrato-mujer-pa0032","status":"publish","type":"product","link":"https:\/\/mes-pochoirs.com\/es\/produit\/pochoir-street-art-portrait-femme-pa0032","title":{"rendered":"Graffiti Muse\" Retrato Mujer Plantilla - PA0032"},"content":{"rendered":"<h2>Plantilla \"Graffiti Muse\" Retrato de mujer<\/h2>\n<h3>Un retrato que capta una energ\u00eda \u00fanica<\/h3>\n<p>Le <strong>Stencil Street Art Retrato Mujer<\/strong> capture l\u2019essence du glamour urbain avec une repr\u00e9sentation saisissante. Ce pochoir incarne un style urbain et contemporain, m\u00ealant l\u2019\u00e9nergie brute du street art \u00e0 l\u2019\u00e9l\u00e9gance graphique du pop art. Son design, audacieux et pr\u00e9cis, met en valeur un portrait f\u00e9minin stylis\u00e9, avec des lunettes de soleil iconiques qui apportent une touche de modernit\u00e9 et d\u2019attitude. Les lignes nettes et les formes bien d\u00e9finies permettent de cr\u00e9er des \u0153uvres percutantes, id\u00e9ales pour des compositions dynamiques et expressives. Avec ce <strong>Stencil Street Art Retrato Mujer<\/strong>Con esta plantilla, podr\u00e1 explorar un estilo decididamente urbano, donde la fuerza del contraste y la intensidad de los detalles cautivan inmediatamente la mirada. Ya sea para fondos abstractos o piezas m\u00e1s figurativas, esta plantilla ofrece una gran libertad creativa, al tiempo que conserva un fuerte impacto visual. Perfecta para quienes buscan afirmar un estilo art\u00edstico audaz y sin concesiones.<\/p>\n<h3>Una puerta abierta a la creatividad sin l\u00edmites<\/h3>\n<p>La obra que presentamos aqu\u00ed ilustra a la perfecci\u00f3n el potencial creativo que ofrece esta plantilla. Creado con audacia y dinamismo, combina colores vibrantes y t\u00e9cnicas inspiradas en el arte callejero para crear un poderoso impacto visual. El retrato femenino, realzado por gafas de sol y fuertes l\u00edneas gr\u00e1ficas, expresa una actitud decididamente moderna y urbana.<\/p>\n<p>Esta obra le servir\u00e1 de ejemplo para inspirarse y guiar sus propias exploraciones art\u00edsticas. Muestra c\u00f3mo esta plantilla puede utilizarse para realizar obras impactantes y personalizadas, jugando con los contrastes y la energ\u00eda bruta de los fondos abstractos. Una invitaci\u00f3n a dar rienda suelta a su creatividad afirmando un estilo \u00fanico y contempor\u00e1neo.<\/p>\n<p>\u00a0<\/p>","protected":false},"excerpt":{"rendered":"<p>Plantilla Street Art Retrato de mujer de alta calidad, disponible en varios tama\u00f1os. Perfecta para creaciones de street art \/ pop art.<\/p>","protected":false},"featured_media":18583,"comment_status":"open","ping_status":"closed","template":"","meta":{"bwfblock_default_font":"","_kad_blocks_custom_css":"","_kad_blocks_head_custom_js":"","_kad_blocks_body_custom_js":"","_kad_blocks_footer_custom_js":"","_kadence_starter_templates_imported_post":false,"_kad_post_transparent":"default","_kad_post_title":"","_kad_post_layout":"default","_kad_post_sidebar_id":"","_kad_post_content_style":"default","_kad_post_vertical_padding":"default","_kad_post_feature":"","_kad_post_feature_position":"","_kad_post_header":false,"_kad_post_footer":false,"_kad_post_classname":""},"product_brand":[1415],"product_cat":[328,332,36],"product_tag":[359,607,285,430,978,333,390,327,286,338],"class_list":{"0":"post-18571","1":"product","2":"type-product","3":"status-publish","4":"has-post-thumbnail","6":"product_brand-mes-pochoirs","7":"product_cat-pochoirs-street-art","8":"product_cat-pochoirs-pop-art","9":"product_cat-pochoirs-portraits-visages","10":"product_tag-femme","11":"product_tag-glamour","12":"product_tag-graffiti","13":"product_tag-lunettes","14":"product_tag-muse","15":"product_tag-pop-art","16":"product_tag-portrait","17":"product_tag-street-art","18":"product_tag-urbain","19":"product_tag-visage","21":"first","22":"instock","23":"taxable","24":"shipping-taxable","25":"purchasable","26":"product-type-variable","27":"has-default-attributes","28":"entry","29":"content-bg","30":"loop-entry"},"taxonomy_info":{"product_brand":[{"value":1415,"label":"Mes Pochoirs"}],"product_cat":[{"value":328,"label":"Street Art"},{"value":332,"label":"Pop Art"},{"value":36,"label":"Portraits &amp; Visages"}],"product_tag":[{"value":359,"label":"femme"},{"value":607,"label":"glamour"},{"value":285,"label":"graffiti"},{"value":430,"label":"lunettes"},{"value":978,"label":"muse"},{"value":333,"label":"pop art"},{"value":390,"label":"portrait"},{"value":327,"label":"street art"},{"value":286,"label":"urbain"},{"value":338,"label":"visage"}]},"featured_image_src_large":["https:\/\/mes-pochoirs.com\/wp-content\/uploads\/2024\/11\/PA0032-FR-pochoir-portrait-femme-graffiti-muse-1-1-copyright-mes-pochoirs-com-1-1-858x1030.jpg",858,1030,true],"author_info":[],"comment_info":0,"_links":{"self":[{"href":"https:\/\/mes-pochoirs.com\/es\/wp-json\/wp\/v2\/product\/18571","targetHints":{"allow":["GET"]}}],"collection":[{"href":"https:\/\/mes-pochoirs.com\/es\/wp-json\/wp\/v2\/product"}],"about":[{"href":"https:\/\/mes-pochoirs.com\/es\/wp-json\/wp\/v2\/types\/product"}],"replies":[{"embeddable":true,"href":"https:\/\/mes-pochoirs.com\/es\/wp-json\/wp\/v2\/comments?post=18571"}],"wp:featuredmedia":[{"embeddable":true,"href":"https:\/\/mes-pochoirs.com\/es\/wp-json\/wp\/v2\/media\/18583"}],"wp:attachment":[{"href":"https:\/\/mes-pochoirs.com\/es\/wp-json\/wp\/v2\/media?parent=18571"}],"wp:term":[{"taxonomy":"product_brand","embeddable":true,"href":"https:\/\/mes-pochoirs.com\/es\/wp-json\/wp\/v2\/product_brand?post=18571"},{"taxonomy":"product_cat","embeddable":true,"href":"https:\/\/mes-pochoirs.com\/es\/wp-json\/wp\/v2\/product_cat?post=18571"},{"taxonomy":"product_tag","embeddable":true,"href":"https:\/\/mes-pochoirs.com\/es\/wp-json\/wp\/v2\/product_tag?post=18571"}],"curies":[{"name":"wp","href":"https:\/\/api.w.org\/{rel}","templated":true}]}}