{"id":18645,"date":"2025-02-07T10:52:11","date_gmt":"2025-02-07T09:52:11","guid":{"rendered":"https:\/\/mes-pochoirs.com\/?post_type=product&#038;p=18645"},"modified":"2025-10-31T12:20:27","modified_gmt":"2025-10-31T11:20:27","slug":"plantilla-rock-star-pa0034","status":"publish","type":"product","link":"https:\/\/mes-pochoirs.com\/es\/produit\/pochoir-rock-star-pa0034","title":{"rendered":"Plantilla Rock Star - PA0034"},"content":{"rendered":"<h2>Un icono de la m\u00fasica<\/h2>\n<h3>La cultura del rock'n'roll<\/h3>\n<p>Le <strong>Plantilla Rock Star<\/strong> representa una silueta ic\u00f3nica con gafas de sol de aviador, chaqueta sin mangas y pelo voluminoso. Este dise\u00f1o evoca un estilo y <strong>actitud rebelde<\/strong>y misteriosa, s\u00edmbolo de libertad, expresi\u00f3n art\u00edstica e independencia. La androginia de este Rock Star refuerza su car\u00e1cter atemporal y universal, recordando a los grandes iconos del rock y el glam. Esta plantilla capta la esencia misma del <strong>cultura del rock'n'roll<\/strong>la libertad de expresi\u00f3n, el poder del artista y la esencia misma de la m\u00fasica como lenguaje universal.<\/p>\n<h3>Ritmo y actitud rebelde<\/h3>\n<p>Parte de nuestra colecci\u00f3n dedicada a la m\u00fasica, este <strong>Plantilla Rock Star<\/strong> es un llamativo dise\u00f1o gr\u00e1fico t\u00edpico del arte callejero y el pop art.  Con un dise\u00f1o exclusivo creado por nuestro equipo, este modelo rememora la \u00e9poca dorada del rock en los a\u00f1os 70 y 80, cuando el glam rock, el punk y el hard rock redefinieron los c\u00f3digos de la moda y la actitud. La cazadora vaquera sin mangas, las gafas de aviador y el estilo asertivo del personaje son referencias directas a los iconos de aquellas d\u00e9cadas, como David Bowie, Joan Jett y Freddie Mercury. Esta plantilla encarna el esp\u00edritu de esa \u00e9poca musical revolucionaria, en la que la identidad y la expresi\u00f3n art\u00edstica se expresaban a trav\u00e9s de un aspecto fuerte y atemporal. Ideal para proyectos de inspiraci\u00f3n cultural<strong> subterr\u00e1neo<\/strong>trae un <strong>un toque de energ\u00eda y actitud rockera<\/strong> a toda creaci\u00f3n art\u00edstica. \ud83c\udfb8\ud83d\udd25<\/p>","protected":false},"excerpt":{"rendered":"<p>Plantilla de estrella del rock para frescos y cuadros musicales. Reutilizable, reversible, de alta calidad, disponible en varios tama\u00f1os.<\/p>","protected":false},"featured_media":18620,"comment_status":"open","ping_status":"closed","template":"","meta":{"bwfblock_default_font":"","_kad_blocks_custom_css":"","_kad_blocks_head_custom_js":"","_kad_blocks_body_custom_js":"","_kad_blocks_footer_custom_js":"","_kadence_starter_templates_imported_post":false,"_kad_post_transparent":"default","_kad_post_title":"","_kad_post_layout":"default","_kad_post_sidebar_id":"","_kad_post_content_style":"default","_kad_post_vertical_padding":"default","_kad_post_feature":"","_kad_post_feature_position":"","_kad_post_header":false,"_kad_post_footer":false,"_kad_post_classname":""},"product_brand":[1415],"product_cat":[650,332,36],"product_tag":[656,654,989,801,1131,798,445,333,1130,560,988,475,1132],"class_list":{"0":"post-18645","1":"product","2":"type-product","3":"status-publish","4":"has-post-thumbnail","6":"product_brand-mes-pochoirs","7":"product_cat-musique","8":"product_cat-pochoirs-pop-art","9":"product_cat-pochoirs-portraits-visages","10":"product_tag-artiste","11":"product_tag-chanson","12":"product_tag-chant","13":"product_tag-concert","14":"product_tag-hard-rock","15":"product_tag-instrument","16":"product_tag-musique","17":"product_tag-pop-art","18":"product_tag-punk","19":"product_tag-rock","20":"product_tag-rock-star","21":"product_tag-star","22":"product_tag-underground","24":"first","25":"instock","26":"taxable","27":"shipping-taxable","28":"purchasable","29":"product-type-variable","30":"has-default-attributes","31":"entry","32":"content-bg","33":"loop-entry"},"taxonomy_info":{"product_brand":[{"value":1415,"label":"Mes Pochoirs"}],"product_cat":[{"value":650,"label":"Musique"},{"value":332,"label":"Pop Art"},{"value":36,"label":"Portraits &amp; Visages"}],"product_tag":[{"value":656,"label":"artiste"},{"value":654,"label":"chanson"},{"value":989,"label":"chant"},{"value":801,"label":"concert"},{"value":1131,"label":"hard rock"},{"value":798,"label":"instrument"},{"value":445,"label":"musique"},{"value":333,"label":"pop art"},{"value":1130,"label":"punk"},{"value":560,"label":"Rock"},{"value":988,"label":"rock-star"},{"value":475,"label":"star"},{"value":1132,"label":"underground"}]},"featured_image_src_large":["https:\/\/mes-pochoirs.com\/wp-content\/uploads\/2024\/11\/PA0034-FR-pochoir-rock-star-1-1-copyright-mes-pochoirs-com--858x1030.jpg",858,1030,true],"author_info":[],"comment_info":0,"_links":{"self":[{"href":"https:\/\/mes-pochoirs.com\/es\/wp-json\/wp\/v2\/product\/18645","targetHints":{"allow":["GET"]}}],"collection":[{"href":"https:\/\/mes-pochoirs.com\/es\/wp-json\/wp\/v2\/product"}],"about":[{"href":"https:\/\/mes-pochoirs.com\/es\/wp-json\/wp\/v2\/types\/product"}],"replies":[{"embeddable":true,"href":"https:\/\/mes-pochoirs.com\/es\/wp-json\/wp\/v2\/comments?post=18645"}],"wp:featuredmedia":[{"embeddable":true,"href":"https:\/\/mes-pochoirs.com\/es\/wp-json\/wp\/v2\/media\/18620"}],"wp:attachment":[{"href":"https:\/\/mes-pochoirs.com\/es\/wp-json\/wp\/v2\/media?parent=18645"}],"wp:term":[{"taxonomy":"product_brand","embeddable":true,"href":"https:\/\/mes-pochoirs.com\/es\/wp-json\/wp\/v2\/product_brand?post=18645"},{"taxonomy":"product_cat","embeddable":true,"href":"https:\/\/mes-pochoirs.com\/es\/wp-json\/wp\/v2\/product_cat?post=18645"},{"taxonomy":"product_tag","embeddable":true,"href":"https:\/\/mes-pochoirs.com\/es\/wp-json\/wp\/v2\/product_tag?post=18645"}],"curies":[{"name":"wp","href":"https:\/\/api.w.org\/{rel}","templated":true}]}}