{"id":18787,"date":"2024-12-05T14:31:36","date_gmt":"2024-12-05T13:31:36","guid":{"rendered":"https:\/\/mes-pochoirs.com\/?post_type=product&#038;p=18787"},"modified":"2025-10-31T12:20:37","modified_gmt":"2025-10-31T11:20:37","slug":"plantilla-breezeblock-pared-u0011","status":"publish","type":"product","link":"https:\/\/mes-pochoirs.com\/es\/produit\/pochoir-mur-parpaings-u0011","title":{"rendered":"Parpaings Plantilla de pared - U0011"},"content":{"rendered":"<h2>Parpaings Plantilla de pared<\/h2>\n<h3>Dise\u00f1o aut\u00e9ntico para un efecto de hormig\u00f3n realista<\/h3>\n<p>La plantilla Mur Parpaings es la herramienta perfecta para recrear el aspecto tosco e industrial de una pared de bloques de hormig\u00f3n. Inspirada en la est\u00e9tica urbana y la cultura del arte callejero, esta plantilla permite imitar con precisi\u00f3n la textura y las formas geom\u00e9tricas de un muro de bloques de hormig\u00f3n. Ideal para dar un toque moderno e industrial a sus creaciones, este motivo emblem\u00e1tico evoca la solidez y la autenticidad del hormig\u00f3n en bruto, al tiempo que ofrece un efecto visual impactante. Gracias a su dise\u00f1o \u00fanico y exclusivo, ideado por nuestro equipo de expertos, est\u00e1 pensado para satisfacer a los amantes del arte urbano y a los artistas profesionales que buscan un acabado realista e impactante.<\/p>\n<h3>Una invitaci\u00f3n a la creatividad al estilo del arte callejero<\/h3>\n<p>A\u00f1ada un toque urbano a sus trabajos con esta plantilla, que encaja a la perfecci\u00f3n con el estilo urbano. Tanto si quieres personalizar un cuadro, decorar un mueble o transformar una pared con una imitaci\u00f3n realista de bloques de hormig\u00f3n, este modelo ofrece infinitas posibilidades. Dise\u00f1ado para los entusiastas del arte callejero, se adapta a una gran variedad de soportes y t\u00e9cnicas, como la pintura en spray, los pinceles e incluso las esp\u00e1tulas. Ideal para proyectos decorativos o art\u00edsticos, esta plantilla es una pieza clave de nuestra colecci\u00f3n, especialmente dise\u00f1ada para dise\u00f1adores que desean capturar la esencia bruta de los materiales urbanos. Deje volar su imaginaci\u00f3n y convierta la plantilla Mur Parpaings en la pieza central de su pr\u00f3ximo trabajo, transformando superficies ordinarias en obras maestras inspiradas en el hormig\u00f3n y la ciudad.<\/p>","protected":false},"excerpt":{"rendered":"<p>Plantilla Mur Parpaings: plantilla reutilizable y reversible. Ideal para cuadros, paredes o decoraciones. Disponible en diferentes tama\u00f1os.<\/p>","protected":false},"featured_media":18784,"comment_status":"open","ping_status":"closed","template":"","meta":{"bwfblock_default_font":"","_kad_blocks_custom_css":"","_kad_blocks_head_custom_js":"","_kad_blocks_body_custom_js":"","_kad_blocks_footer_custom_js":"","_kadence_starter_templates_imported_post":false,"_kad_post_transparent":"default","_kad_post_title":"","_kad_post_layout":"default","_kad_post_sidebar_id":"","_kad_post_content_style":"default","_kad_post_vertical_padding":"default","_kad_post_feature":"","_kad_post_feature_position":"","_kad_post_header":false,"_kad_post_footer":false,"_kad_post_classname":""},"product_brand":[1415],"product_cat":[273,328],"product_tag":[995,996,998,999,433,997,327],"class_list":{"0":"post-18787","1":"product","2":"type-product","3":"status-publish","4":"has-post-thumbnail","6":"product_brand-mes-pochoirs","7":"product_cat-pochoirs-urbains","8":"product_cat-pochoirs-street-art","9":"product_tag-beton","10":"product_tag-bloc-beton","11":"product_tag-effet-visuel","12":"product_tag-imitation","13":"product_tag-mur","14":"product_tag-parpaing","15":"product_tag-street-art","17":"first","18":"instock","19":"taxable","20":"shipping-taxable","21":"purchasable","22":"product-type-variable","23":"has-default-attributes","24":"entry","25":"content-bg","26":"loop-entry"},"taxonomy_info":{"product_brand":[{"value":1415,"label":"Mes Pochoirs"}],"product_cat":[{"value":273,"label":"Urbains"},{"value":328,"label":"Street Art"}],"product_tag":[{"value":995,"label":"b\u00e9ton"},{"value":996,"label":"bloc b\u00e9ton"},{"value":998,"label":"effet visuel"},{"value":999,"label":"imitation"},{"value":433,"label":"mur"},{"value":997,"label":"parpaing"},{"value":327,"label":"street art"}]},"featured_image_src_large":["https:\/\/mes-pochoirs.com\/wp-content\/uploads\/2024\/12\/U0011-FR-pochoir-mur-parpaings-1-1-copyright-mes-pochoirs-com--858x1030.jpg",858,1030,true],"author_info":[],"comment_info":0,"_links":{"self":[{"href":"https:\/\/mes-pochoirs.com\/es\/wp-json\/wp\/v2\/product\/18787","targetHints":{"allow":["GET"]}}],"collection":[{"href":"https:\/\/mes-pochoirs.com\/es\/wp-json\/wp\/v2\/product"}],"about":[{"href":"https:\/\/mes-pochoirs.com\/es\/wp-json\/wp\/v2\/types\/product"}],"replies":[{"embeddable":true,"href":"https:\/\/mes-pochoirs.com\/es\/wp-json\/wp\/v2\/comments?post=18787"}],"wp:featuredmedia":[{"embeddable":true,"href":"https:\/\/mes-pochoirs.com\/es\/wp-json\/wp\/v2\/media\/18784"}],"wp:attachment":[{"href":"https:\/\/mes-pochoirs.com\/es\/wp-json\/wp\/v2\/media?parent=18787"}],"wp:term":[{"taxonomy":"product_brand","embeddable":true,"href":"https:\/\/mes-pochoirs.com\/es\/wp-json\/wp\/v2\/product_brand?post=18787"},{"taxonomy":"product_cat","embeddable":true,"href":"https:\/\/mes-pochoirs.com\/es\/wp-json\/wp\/v2\/product_cat?post=18787"},{"taxonomy":"product_tag","embeddable":true,"href":"https:\/\/mes-pochoirs.com\/es\/wp-json\/wp\/v2\/product_tag?post=18787"}],"curies":[{"name":"wp","href":"https:\/\/api.w.org\/{rel}","templated":true}]}}