{"id":19278,"date":"2025-01-15T15:07:14","date_gmt":"2025-01-15T14:07:14","guid":{"rendered":"https:\/\/mes-pochoirs.com\/?post_type=product&#038;p=19278"},"modified":"2025-10-31T12:22:29","modified_gmt":"2025-10-31T11:22:29","slug":"plantilla-inspiracion-blek-le-rat-sa0003","status":"publish","type":"product","link":"https:\/\/mes-pochoirs.com\/es\/produit\/pochoir-inspiration-blek-le-rat-sa0003","title":{"rendered":"Plantilla \"Le Rat Elegant\" - SA0003"},"content":{"rendered":"<h2>Blek Le Rat Inspiraci\u00f3n Plantilla<\/h2>\n<h3>Una plantilla \u00fanica para una decoraci\u00f3n atrevida<\/h3>\n<p>Mejore sus creaciones con <strong>plantilla Inspiraci\u00f3n Blek Le Rat<\/strong>Esta plantilla combina el encanto urbano del arte callejero con un toque de sofisticaci\u00f3n. Esta plantilla representa a una rata con un atuendo elegante, vestida con un impecable smoking, adornada con gafas de sol y portando dos lujosas bolsas de la compra. Esta imagen intrigante y elegante encarna el humor, la elegancia y el contraste entre el mundo animal y los c\u00f3digos del lujo humano. Con sus minuciosos detalles, el <strong>plantilla Inspiraci\u00f3n Blek Le Rat\u00a0<\/strong>\u00a0es ideal para personalizar tus espacios, tus objetos o tus obras de arte. Ya sea para decorar una pared, personalizar un mueble o embellecer un lienzo, este motivo atraer\u00e1 todas las miradas e inspirar\u00e1 admiraci\u00f3n.<\/p>\n<h3>Cuando el arte callejero se une al lujo<\/h3>\n<p>Le <strong>plantilla Inspiraci\u00f3n Blek Le Rat<\/strong>\u00a0se inscribe en la gran tradici\u00f3n del arte callejero, con inspiraci\u00f3n directa en las obras del famoso artista <strong>Blek le Rat<\/strong>pionero de esta forma de arte urbano. Este estilo art\u00edstico presenta personajes inesperados en contextos poco convencionales, ofreciendo una visi\u00f3n cr\u00edtica o humor\u00edstica de la sociedad contempor\u00e1nea. Al elegir esta plantilla, introducir\u00e1 un universo visual sorprendente, mezclando los c\u00f3digos de la calle con los del lujo. Es perfecta para proyectos de arte mural, decoraci\u00f3n de interiores o incluso personalizaci\u00f3n textil. Este dise\u00f1o es un homenaje a las obras de arte audaces y llenas de car\u00e1cter, perfecto para los amantes del arte y de las creaciones originales. Exprese su creatividad con esta plantilla, \u00a1una herramienta esencial para dar vida a ideas originales y elegantes!<\/p>","protected":false},"excerpt":{"rendered":"<p>Inspiraci\u00f3n Blek Le Rat plantilla, reutilizable y reversible, de alta calidad, perfecto para sus obras \u00fanicas. Disponible en varios tama\u00f1os.<\/p>","protected":false},"featured_media":19289,"comment_status":"open","ping_status":"closed","template":"","meta":{"bwfblock_default_font":"","_kad_blocks_custom_css":"","_kad_blocks_head_custom_js":"","_kad_blocks_body_custom_js":"","_kad_blocks_footer_custom_js":"","_kadence_starter_templates_imported_post":false,"_kad_post_transparent":"default","_kad_post_title":"","_kad_post_layout":"default","_kad_post_sidebar_id":"","_kad_post_content_style":"default","_kad_post_vertical_padding":"default","_kad_post_feature":"","_kad_post_feature_position":"","_kad_post_header":false,"_kad_post_footer":false,"_kad_post_classname":""},"product_brand":[1415],"product_cat":[328,364,481,1029],"product_tag":[901,1016,1017,1015,1018,327],"class_list":{"0":"post-19278","1":"product","2":"type-product","3":"status-publish","4":"has-post-thumbnail","6":"product_brand-mes-pochoirs","7":"product_cat-pochoirs-street-art","8":"product_cat-pochoirs-animaux","9":"product_cat-collections","10":"product_cat-spray-and-soul","11":"product_tag-blek-le-rat","12":"product_tag-elegant","13":"product_tag-luxe","14":"product_tag-rat","15":"product_tag-shopping","16":"product_tag-street-art","18":"first","19":"instock","20":"taxable","21":"shipping-taxable","22":"purchasable","23":"product-type-variable","24":"entry","25":"content-bg","26":"loop-entry"},"taxonomy_info":{"product_brand":[{"value":1415,"label":"Mes Pochoirs"}],"product_cat":[{"value":328,"label":"Street Art"},{"value":364,"label":"Animaux"},{"value":481,"label":"Collections"},{"value":1029,"label":"Spray and Soul"}],"product_tag":[{"value":901,"label":"blek le rat"},{"value":1016,"label":"\u00e9l\u00e9gant"},{"value":1017,"label":"luxe"},{"value":1015,"label":"rat"},{"value":1018,"label":"shopping"},{"value":327,"label":"street art"}]},"featured_image_src_large":["https:\/\/mes-pochoirs.com\/wp-content\/uploads\/2025\/01\/SA0003-pochoir-rat-elegant-copyright-mes-pochoirs-858x1030.jpg",858,1030,true],"author_info":[],"comment_info":0,"_links":{"self":[{"href":"https:\/\/mes-pochoirs.com\/es\/wp-json\/wp\/v2\/product\/19278","targetHints":{"allow":["GET"]}}],"collection":[{"href":"https:\/\/mes-pochoirs.com\/es\/wp-json\/wp\/v2\/product"}],"about":[{"href":"https:\/\/mes-pochoirs.com\/es\/wp-json\/wp\/v2\/types\/product"}],"replies":[{"embeddable":true,"href":"https:\/\/mes-pochoirs.com\/es\/wp-json\/wp\/v2\/comments?post=19278"}],"wp:featuredmedia":[{"embeddable":true,"href":"https:\/\/mes-pochoirs.com\/es\/wp-json\/wp\/v2\/media\/19289"}],"wp:attachment":[{"href":"https:\/\/mes-pochoirs.com\/es\/wp-json\/wp\/v2\/media?parent=19278"}],"wp:term":[{"taxonomy":"product_brand","embeddable":true,"href":"https:\/\/mes-pochoirs.com\/es\/wp-json\/wp\/v2\/product_brand?post=19278"},{"taxonomy":"product_cat","embeddable":true,"href":"https:\/\/mes-pochoirs.com\/es\/wp-json\/wp\/v2\/product_cat?post=19278"},{"taxonomy":"product_tag","embeddable":true,"href":"https:\/\/mes-pochoirs.com\/es\/wp-json\/wp\/v2\/product_tag?post=19278"}],"curies":[{"name":"wp","href":"https:\/\/api.w.org\/{rel}","templated":true}]}}