{"id":19326,"date":"2025-01-15T16:27:09","date_gmt":"2025-01-15T15:27:09","guid":{"rendered":"https:\/\/mes-pochoirs.com\/?post_type=product&#038;p=19326"},"modified":"2025-10-31T12:22:58","modified_gmt":"2025-10-31T11:22:58","slug":"street-art-style-oveja-stencil-sa0015","status":"publish","type":"product","link":"https:\/\/mes-pochoirs.com\/es\/produit\/pochoir-mouton-style-street-art-sa0015","title":{"rendered":"Plantilla \"La T\u00e9l\u00e9 Mouton\" - SA0015"},"content":{"rendered":"<h2>Oveja Street Art Stencil<\/h2>\n<h3>Una plantilla intrigante y simb\u00f3lica para creaciones impactantes<\/h3>\n<p>A\u00f1ade un toque de originalidad y consideraci\u00f3n a tus proyectos con el <strong>Oveja Street Art Stencil<\/strong>. Este llamativo dise\u00f1o representa una oveja realista cuya cabeza ha sido sustituida por una pantalla de televisi\u00f3n retro. El contraste entre lo org\u00e1nico y lo tecnol\u00f3gico da lugar a una obra cautivadora y provocadora, que invita a reflexionar sobre los temas de la conformidad, la influencia de los medios de comunicaci\u00f3n y el control moderno. Perfecto para personalizar paredes, muebles u obras de arte, el <strong>Oveja Street Art Stencil<\/strong> es una elecci\u00f3n atrevida y moderna. Con sus l\u00edneas detalladas y su dise\u00f1o de calidad, se puede plasmar de forma profesional en una gran variedad de superficies. Esta plantilla se presta por igual a creaciones art\u00edsticas comprometidas y a decoraciones originales para espacios contempor\u00e1neos o urbanos.<\/p>\n<h3>Un homenaje al arte callejero comprometido<\/h3>\n<p>Le <strong>Oveja Street Art Stencil<\/strong> se inscribe plenamente en el mundo del arte callejero, un estilo conocido por su enfoque cr\u00edtico de la sociedad y su capacidad para apropiarse de los s\u00edmbolos. Inspirado en las obras de <strong>Blek le Rat<\/strong>Esta plantilla, creada por el artista pionero del arte urbano, transforma la oveja, s\u00edmbolo de conformidad y sumisi\u00f3n, en una obra moderna y contundente gracias a la incorporaci\u00f3n de la pantalla de televisi\u00f3n. Tanto si eres un fan del arte urbano como un dise\u00f1ador en busca de dise\u00f1os fuertes y originales, esta plantilla es la herramienta perfecta para expresar tu creatividad a la vez que provocas la reflexi\u00f3n. Con la <strong>Oveja Street Art Stencil<\/strong>Combinando la est\u00e9tica urbana con un mensaje arraigado, puede dar vida a proyectos cautivadores. \u00a0<\/p>","protected":false},"excerpt":{"rendered":"<p>Plantilla Sheep Street Art de alta calidad, reutilizable y reversible, perfecta para creaciones comprometidas. Disponible en varios tama\u00f1os.<\/p>","protected":false},"featured_media":19332,"comment_status":"open","ping_status":"closed","template":"","meta":{"bwfblock_default_font":"","_kad_blocks_custom_css":"","_kad_blocks_head_custom_js":"","_kad_blocks_body_custom_js":"","_kad_blocks_footer_custom_js":"","_kadence_starter_templates_imported_post":false,"_kad_post_transparent":"default","_kad_post_title":"","_kad_post_layout":"default","_kad_post_sidebar_id":"","_kad_post_content_style":"default","_kad_post_vertical_padding":"default","_kad_post_feature":"","_kad_post_feature_position":"","_kad_post_header":false,"_kad_post_footer":false,"_kad_post_classname":""},"product_brand":[1415],"product_cat":[328,364,481,1029],"product_tag":[1025,327,1033,1031,500,1026],"class_list":{"0":"post-19326","1":"product","2":"type-product","3":"status-publish","4":"has-post-thumbnail","6":"product_brand-mes-pochoirs","7":"product_cat-pochoirs-street-art","8":"product_cat-pochoirs-animaux","9":"product_cat-collections","10":"product_cat-spray-and-soul","11":"product_tag-mouton","12":"product_tag-street-art","13":"product_tag-televiseur","14":"product_tag-television","15":"product_tag-tete","16":"product_tag-tv","18":"first","19":"instock","20":"taxable","21":"shipping-taxable","22":"purchasable","23":"product-type-variable","24":"has-default-attributes","25":"entry","26":"content-bg","27":"loop-entry"},"taxonomy_info":{"product_brand":[{"value":1415,"label":"Mes Pochoirs"}],"product_cat":[{"value":328,"label":"Street Art"},{"value":364,"label":"Animaux"},{"value":481,"label":"Collections"},{"value":1029,"label":"Spray and Soul"}],"product_tag":[{"value":1025,"label":"mouton"},{"value":327,"label":"street art"},{"value":1033,"label":"t\u00e9l\u00e9viseur"},{"value":1031,"label":"t\u00e9l\u00e9vision"},{"value":500,"label":"t\u00eate"},{"value":1026,"label":"TV"}]},"featured_image_src_large":["https:\/\/mes-pochoirs.com\/wp-content\/uploads\/2025\/01\/SA0015-pochoir-rmouton-tv-copyright-mes-pochoirs-858x1030.jpg",858,1030,true],"author_info":[],"comment_info":0,"_links":{"self":[{"href":"https:\/\/mes-pochoirs.com\/es\/wp-json\/wp\/v2\/product\/19326","targetHints":{"allow":["GET"]}}],"collection":[{"href":"https:\/\/mes-pochoirs.com\/es\/wp-json\/wp\/v2\/product"}],"about":[{"href":"https:\/\/mes-pochoirs.com\/es\/wp-json\/wp\/v2\/types\/product"}],"replies":[{"embeddable":true,"href":"https:\/\/mes-pochoirs.com\/es\/wp-json\/wp\/v2\/comments?post=19326"}],"wp:featuredmedia":[{"embeddable":true,"href":"https:\/\/mes-pochoirs.com\/es\/wp-json\/wp\/v2\/media\/19332"}],"wp:attachment":[{"href":"https:\/\/mes-pochoirs.com\/es\/wp-json\/wp\/v2\/media?parent=19326"}],"wp:term":[{"taxonomy":"product_brand","embeddable":true,"href":"https:\/\/mes-pochoirs.com\/es\/wp-json\/wp\/v2\/product_brand?post=19326"},{"taxonomy":"product_cat","embeddable":true,"href":"https:\/\/mes-pochoirs.com\/es\/wp-json\/wp\/v2\/product_cat?post=19326"},{"taxonomy":"product_tag","embeddable":true,"href":"https:\/\/mes-pochoirs.com\/es\/wp-json\/wp\/v2\/product_tag?post=19326"}],"curies":[{"name":"wp","href":"https:\/\/api.w.org\/{rel}","templated":true}]}}