{"id":19370,"date":"2025-01-15T09:50:40","date_gmt":"2025-01-15T08:50:40","guid":{"rendered":"https:\/\/mes-pochoirs.com\/?post_type=product&#038;p=19370"},"modified":"2025-10-31T12:23:07","modified_gmt":"2025-10-31T11:23:07","slug":"plantilla-para-comprar-ratas-sa0020","status":"publish","type":"product","link":"https:\/\/mes-pochoirs.com\/es\/produit\/pochoir-rat-shopping-sa0020","title":{"rendered":"Plantilla \"Le Rat du Shopping\" - SA0020"},"content":{"rendered":"<p>\u00a0Rata de compras Stencil<\/p>\n<h3>Una plantilla chic y humor\u00edstica para sus creaciones<\/h3>\n<p>A\u00f1ada un toque de originalidad y elegancia a sus proyectos con el <strong>Plantilla Compras Paloma<\/strong>Este dise\u00f1o \u00fanico representa una paloma antropomorfa, elegantemente vestida con un traje elegante, empujando un carrito de la compra lleno de comestibles, incluida una botella de champ\u00e1n. Este dise\u00f1o \u00fanico representa una paloma antropomorfa, elegantemente vestida con un elegante traje, empujando un carrito de la compra lleno de comestibles, incluida una botella de champ\u00e1n. Esta estrafalaria escena mezcla humor y sofisticaci\u00f3n, creando una imagen cautivadora que llama inmediatamente la atenci\u00f3n. Ideal para personalizar sus paredes, muebles, textiles u obras de arte, el <strong>Plantilla Compras Paloma<\/strong> es una excelente elecci\u00f3n para dar un toque moderno y urbano a sus creaciones. Tanto si desea embellecer un espacio habitable como crear una obra de arte original, esta plantilla garantiza un acabado profesional gracias a sus detalles minuciosos y precisos. Se integra perfectamente en ambientes contempor\u00e1neos o urbanos, aportando una dosis de humor y refinamiento a sus espacios.<\/p>\n<h3>Un audaz homenaje al arte callejero<\/h3>\n<p>Le <strong>Rata de compras Stencil<\/strong> se inscribe plenamente en el mundo del arte callejero, una forma de expresi\u00f3n art\u00edstica que combina la est\u00e9tica urbana con la cr\u00edtica social. Inspirado en las obras ic\u00f3nicas de <strong>Blek le Rat<\/strong>Pionero del arte callejero, este dise\u00f1o juega con los c\u00f3digos del lujo y la sociedad de consumo colocando una rata, a menudo vista como s\u00edmbolo de la calle, en una pose chic y elegante. Esta plantilla es ideal para los amantes del arte urbano y los que buscan dise\u00f1os \u00fanicos y cautivadores. Transforma tus proyectos en verdaderas obras de arte, combinando humor, estilo y reflexi\u00f3n. Crea <strong>Rata de compras Stencil<\/strong> el elemento central de tus creaciones y expresa tu creatividad rindiendo homenaje al esp\u00edritu del arte callejero.<\/p>","protected":false},"excerpt":{"rendered":"<p>Plantilla Rat Shopping reutilizable, de alta calidad y reversible. Disponible en varios tama\u00f1os para creaciones de arte callejero en diversas superficies.<\/p>","protected":false},"featured_media":19346,"comment_status":"open","ping_status":"closed","template":"","meta":{"bwfblock_default_font":"","_kad_blocks_custom_css":"","_kad_blocks_head_custom_js":"","_kad_blocks_body_custom_js":"","_kad_blocks_footer_custom_js":"","_kadence_starter_templates_imported_post":false,"_kad_post_transparent":"default","_kad_post_title":"","_kad_post_layout":"default","_kad_post_sidebar_id":"","_kad_post_content_style":"default","_kad_post_vertical_padding":"default","_kad_post_feature":"","_kad_post_feature_position":"","_kad_post_header":false,"_kad_post_footer":false,"_kad_post_classname":""},"product_brand":[1415],"product_cat":[328,364,481,1029],"product_tag":[1016,1017,1015,1018,327],"class_list":{"0":"post-19370","1":"product","2":"type-product","3":"status-publish","4":"has-post-thumbnail","6":"product_brand-mes-pochoirs","7":"product_cat-pochoirs-street-art","8":"product_cat-pochoirs-animaux","9":"product_cat-collections","10":"product_cat-spray-and-soul","11":"product_tag-elegant","12":"product_tag-luxe","13":"product_tag-rat","14":"product_tag-shopping","15":"product_tag-street-art","17":"first","18":"instock","19":"taxable","20":"shipping-taxable","21":"purchasable","22":"product-type-variable","23":"has-default-attributes","24":"entry","25":"content-bg","26":"loop-entry"},"taxonomy_info":{"product_brand":[{"value":1415,"label":"Mes Pochoirs"}],"product_cat":[{"value":328,"label":"Street Art"},{"value":364,"label":"Animaux"},{"value":481,"label":"Collections"},{"value":1029,"label":"Spray and Soul"}],"product_tag":[{"value":1016,"label":"\u00e9l\u00e9gant"},{"value":1017,"label":"luxe"},{"value":1015,"label":"rat"},{"value":1018,"label":"shopping"},{"value":327,"label":"street art"}]},"featured_image_src_large":["https:\/\/mes-pochoirs.com\/wp-content\/uploads\/2025\/01\/SA0020-pochoir-rat-shopping-copyright-mes-pochoirs-858x1030.jpg",858,1030,true],"author_info":[],"comment_info":0,"_links":{"self":[{"href":"https:\/\/mes-pochoirs.com\/es\/wp-json\/wp\/v2\/product\/19370","targetHints":{"allow":["GET"]}}],"collection":[{"href":"https:\/\/mes-pochoirs.com\/es\/wp-json\/wp\/v2\/product"}],"about":[{"href":"https:\/\/mes-pochoirs.com\/es\/wp-json\/wp\/v2\/types\/product"}],"replies":[{"embeddable":true,"href":"https:\/\/mes-pochoirs.com\/es\/wp-json\/wp\/v2\/comments?post=19370"}],"wp:featuredmedia":[{"embeddable":true,"href":"https:\/\/mes-pochoirs.com\/es\/wp-json\/wp\/v2\/media\/19346"}],"wp:attachment":[{"href":"https:\/\/mes-pochoirs.com\/es\/wp-json\/wp\/v2\/media?parent=19370"}],"wp:term":[{"taxonomy":"product_brand","embeddable":true,"href":"https:\/\/mes-pochoirs.com\/es\/wp-json\/wp\/v2\/product_brand?post=19370"},{"taxonomy":"product_cat","embeddable":true,"href":"https:\/\/mes-pochoirs.com\/es\/wp-json\/wp\/v2\/product_cat?post=19370"},{"taxonomy":"product_tag","embeddable":true,"href":"https:\/\/mes-pochoirs.com\/es\/wp-json\/wp\/v2\/product_tag?post=19370"}],"curies":[{"name":"wp","href":"https:\/\/api.w.org\/{rel}","templated":true}]}}