{"id":19626,"date":"2025-01-24T15:15:00","date_gmt":"2025-01-24T14:15:00","guid":{"rendered":"https:\/\/mes-pochoirs.com\/?post_type=product&#038;p=19626"},"modified":"2025-10-31T12:26:38","modified_gmt":"2025-10-31T11:26:38","slug":"stencil-man-tv-satira-social-sa0035","status":"publish","type":"product","link":"https:\/\/mes-pochoirs.com\/es\/produit\/pochoir-homme-tele-satire-sociale-sa0035","title":{"rendered":"Plantilla TV Man - SA0035"},"content":{"rendered":"<h2>Plantilla de TV de s\u00e1tira social<\/h2>\n<h3>Una imagen fuerte y reveladora<\/h3>\n<p>Le <strong>Stencil Man TV S\u00e1tira social<\/strong>est une repr\u00e9sentation saisissante de notre \u00e9poque. Il met en sc\u00e8ne un humain \u00e0 la t\u00eate de TV, un symbole puissant de notre soci\u00e9t\u00e9 actuelle, domin\u00e9e par les \u00e9crans et l\u2019influence m\u00e9diatique. Cette caricature visuelle propose une satire sociale audacieuse, mettant en lumi\u00e8re notre rapport \u00e0 l\u2019information et \u00e0 la manipulation des masses. La t\u00e9l\u00e9vision, prenant la place de la t\u00eate humaine, illustre l\u2019impact des m\u00e9dias sur nos pens\u00e9es et notre perception du monde. Avec son design en noir et blanc percutant, ce pochoir amplifie l\u2019impact visuel du message. Que ce soit pour personnaliser un mur, une toile, du mobilier ou m\u00eame des textiles, ce pochoir engag\u00e9 vous permet de r\u00e9aliser une \u0153uvre artistique et porteuse de sens en quelques gestes seulement.<\/p>\n<h3>Una plantilla de arte callejero\u00a0<\/h3>\n<p>Le <strong>Stencil Man TV S\u00e1tira social<\/strong> es parte integrante del <strong>arte urbano<\/strong>, un mouvement artistique reconnu pour ses messages engag\u00e9s et critiques. Ce pochoir reprend les codes du graffiti contestataire : une silhouette minimaliste, un contraste fort et un message imm\u00e9diatement compr\u00e9hensible. Que vous soyez artiste urbain, amateur de d\u00e9coration originale ou passionn\u00e9 par l\u2019art engag\u00e9, ce pochoir est une opportunit\u00e9 unique d\u2019exprimer une vision critique de la soci\u00e9t\u00e9. Facile \u00e0 utiliser, il permet de reproduire cette image percutante sur diff\u00e9rents supports, pour insuffler une touche <strong>urbano, provocador y comprometido<\/strong> \u00e0 votre environnement. Apportez une dimension satirique et r\u00e9fl\u00e9chie \u00e0 vos cr\u00e9ations avec ce <strong>Una plantilla con un mensaje poderoso y universal.<\/strong><\/p>","protected":false},"excerpt":{"rendered":"<p>Plantilla T\u00e9l\u00e9 Satire Sociale para hombre: reutilizable, reversible, de alta calidad. Disponible en varios tama\u00f1os para creaciones \u00fanicas y retro.<\/p>","protected":false},"featured_media":19417,"comment_status":"open","ping_status":"closed","template":"","meta":{"bwfblock_default_font":"","_kad_blocks_custom_css":"","_kad_blocks_head_custom_js":"","_kad_blocks_body_custom_js":"","_kad_blocks_footer_custom_js":"","_kadence_starter_templates_imported_post":false,"_kad_post_transparent":"default","_kad_post_title":"","_kad_post_layout":"default","_kad_post_sidebar_id":"","_kad_post_content_style":"default","_kad_post_vertical_padding":"default","_kad_post_feature":"","_kad_post_feature_position":"","_kad_post_header":false,"_kad_post_footer":false,"_kad_post_classname":""},"product_brand":[1415],"product_cat":[328,481,1029],"product_tag":[505,525,327,1033,500,231],"class_list":{"0":"post-19626","1":"product","2":"type-product","3":"status-publish","4":"has-post-thumbnail","6":"product_brand-mes-pochoirs","7":"product_cat-pochoirs-street-art","8":"product_cat-collections","9":"product_cat-spray-and-soul","10":"product_tag-homme","11":"product_tag-retro","12":"product_tag-street-art","13":"product_tag-televiseur","14":"product_tag-tete","15":"product_tag-vintage","17":"first","18":"instock","19":"taxable","20":"shipping-taxable","21":"purchasable","22":"product-type-variable","23":"entry","24":"content-bg","25":"loop-entry"},"taxonomy_info":{"product_brand":[{"value":1415,"label":"Mes Pochoirs"}],"product_cat":[{"value":328,"label":"Street Art"},{"value":481,"label":"Collections"},{"value":1029,"label":"Spray and Soul"}],"product_tag":[{"value":505,"label":"homme"},{"value":525,"label":"r\u00e9tro"},{"value":327,"label":"street art"},{"value":1033,"label":"t\u00e9l\u00e9viseur"},{"value":500,"label":"t\u00eate"},{"value":231,"label":"vintage"}]},"featured_image_src_large":["https:\/\/mes-pochoirs.com\/wp-content\/uploads\/2025\/01\/SA0035-pochoir-homme-tete-tv-copyright-mes-pochoirs-858x1030.jpg",858,1030,true],"author_info":[],"comment_info":0,"_links":{"self":[{"href":"https:\/\/mes-pochoirs.com\/es\/wp-json\/wp\/v2\/product\/19626","targetHints":{"allow":["GET"]}}],"collection":[{"href":"https:\/\/mes-pochoirs.com\/es\/wp-json\/wp\/v2\/product"}],"about":[{"href":"https:\/\/mes-pochoirs.com\/es\/wp-json\/wp\/v2\/types\/product"}],"replies":[{"embeddable":true,"href":"https:\/\/mes-pochoirs.com\/es\/wp-json\/wp\/v2\/comments?post=19626"}],"wp:featuredmedia":[{"embeddable":true,"href":"https:\/\/mes-pochoirs.com\/es\/wp-json\/wp\/v2\/media\/19417"}],"wp:attachment":[{"href":"https:\/\/mes-pochoirs.com\/es\/wp-json\/wp\/v2\/media?parent=19626"}],"wp:term":[{"taxonomy":"product_brand","embeddable":true,"href":"https:\/\/mes-pochoirs.com\/es\/wp-json\/wp\/v2\/product_brand?post=19626"},{"taxonomy":"product_cat","embeddable":true,"href":"https:\/\/mes-pochoirs.com\/es\/wp-json\/wp\/v2\/product_cat?post=19626"},{"taxonomy":"product_tag","embeddable":true,"href":"https:\/\/mes-pochoirs.com\/es\/wp-json\/wp\/v2\/product_tag?post=19626"}],"curies":[{"name":"wp","href":"https:\/\/api.w.org\/{rel}","templated":true}]}}