{"id":19786,"date":"2025-02-07T10:52:13","date_gmt":"2025-02-07T09:52:13","guid":{"rendered":"https:\/\/mes-pochoirs.com\/?post_type=product&#038;p=19786"},"modified":"2025-10-31T12:26:49","modified_gmt":"2025-10-31T11:26:49","slug":"plantilla-dj-estatua-de-la-libertad-mc0009","status":"publish","type":"product","link":"https:\/\/mes-pochoirs.com\/es\/produit\/pochoir-dj-statue-de-la-liberte-mc0009","title":{"rendered":"Plantilla DJ Estatua de la Libertad - MC0009"},"content":{"rendered":"<h2>Plantilla DJ Estatua de la Libertad\u00a0<\/h2>\n<h3>Una fusi\u00f3n ic\u00f3nica de historia y m\u00fasica<\/h3>\n<p>Le <strong>Plantilla DJ Estatua de la Libertad<\/strong> revisita uno de los s\u00edmbolos m\u00e1s emblem\u00e1ticos del mundo en una forma completamente nueva y moderna. Aqu\u00ed, la famosa Estatua de la Libertad porta una antorcha, lleva auriculares y se sit\u00faa detr\u00e1s de unos platos de DJ, encarnando la energ\u00eda de la m\u00fasica y la cultura de los DJ. Este atrevido contraste entre el patrimonio hist\u00f3rico y el mundo de la m\u00fasica hace de esta plantilla una obra llamativa y original. Evoca la fusi\u00f3n de la libertad de expresi\u00f3n y la creatividad art\u00edstica, donde la m\u00fasica se convierte en un veh\u00edculo de emancipaci\u00f3n.<\/p>\n<h3>Una plantilla ic\u00f3nica<\/h3>\n<p>Le <strong>Plantilla DJ Estatua de la Libertad<\/strong> Mezcla de simbolismo hist\u00f3rico y modernidad musical, recuerda el impacto cultural del hip-hop y el arte callejero, donde los DJ han desempe\u00f1ado un papel clave en la evoluci\u00f3n de la m\u00fasica y la expresi\u00f3n art\u00edstica. A la manera de las grandes figuras del graffiti y el estarcido urbano, esta obra secuestra un icono cl\u00e1sico para desafiar y sorprender. Si le apasiona la m\u00fasica, el graffiti, el arte contempor\u00e1neo o la decoraci\u00f3n \u00fanica, esta plantilla es una herramienta ideal para a\u00f1adir un toque electrizante e inspirador a sus creaciones. \u00a1Transforma tus espacios con este dise\u00f1o fuerte, din\u00e1mico y simb\u00f3lico!<\/p>","protected":false},"excerpt":{"rendered":"<p><strong>Plantilla DJ Estatua de la Libertad<\/strong>La herramienta perfecta para artistas y amantes de la m\u00fasica. Reutilizable, reversible, de alta calidad, disponible en varios formatos.<\/p>","protected":false},"featured_media":19526,"comment_status":"open","ping_status":"closed","template":"","meta":{"bwfblock_default_font":"","_kad_blocks_custom_css":"","_kad_blocks_head_custom_js":"","_kad_blocks_body_custom_js":"","_kad_blocks_footer_custom_js":"","_kadence_starter_templates_imported_post":false,"_kad_post_transparent":"default","_kad_post_title":"","_kad_post_layout":"default","_kad_post_sidebar_id":"","_kad_post_content_style":"default","_kad_post_vertical_padding":"default","_kad_post_feature":"","_kad_post_feature_position":"","_kad_post_header":false,"_kad_post_footer":false,"_kad_post_classname":""},"product_brand":[1415],"product_cat":[650,732],"product_tag":[1039,445,1040,1038],"class_list":{"0":"post-19786","1":"product","2":"type-product","3":"status-publish","4":"has-post-thumbnail","6":"product_brand-mes-pochoirs","7":"product_cat-musique","8":"product_cat-pochoirs-icones-celebrites","9":"product_tag-dj","10":"product_tag-musique","11":"product_tag-platines","12":"product_tag-statue-de-la-liberte","14":"first","15":"instock","16":"taxable","17":"shipping-taxable","18":"purchasable","19":"product-type-variable","20":"has-default-attributes","21":"entry","22":"content-bg","23":"loop-entry"},"taxonomy_info":{"product_brand":[{"value":1415,"label":"Mes Pochoirs"}],"product_cat":[{"value":650,"label":"Musique"},{"value":732,"label":"Ic\u00f4nes &amp; C\u00e9l\u00e9brit\u00e9s"}],"product_tag":[{"value":1039,"label":"DJ"},{"value":445,"label":"musique"},{"value":1040,"label":"platines"},{"value":1038,"label":"statue de la libert\u00e9"}]},"featured_image_src_large":["https:\/\/mes-pochoirs.com\/wp-content\/uploads\/2025\/01\/MC0009-pochoir-dj-statue-liberte-copyright-mes-pochoirs-858x1030.jpg",858,1030,true],"author_info":[],"comment_info":0,"_links":{"self":[{"href":"https:\/\/mes-pochoirs.com\/es\/wp-json\/wp\/v2\/product\/19786","targetHints":{"allow":["GET"]}}],"collection":[{"href":"https:\/\/mes-pochoirs.com\/es\/wp-json\/wp\/v2\/product"}],"about":[{"href":"https:\/\/mes-pochoirs.com\/es\/wp-json\/wp\/v2\/types\/product"}],"replies":[{"embeddable":true,"href":"https:\/\/mes-pochoirs.com\/es\/wp-json\/wp\/v2\/comments?post=19786"}],"wp:featuredmedia":[{"embeddable":true,"href":"https:\/\/mes-pochoirs.com\/es\/wp-json\/wp\/v2\/media\/19526"}],"wp:attachment":[{"href":"https:\/\/mes-pochoirs.com\/es\/wp-json\/wp\/v2\/media?parent=19786"}],"wp:term":[{"taxonomy":"product_brand","embeddable":true,"href":"https:\/\/mes-pochoirs.com\/es\/wp-json\/wp\/v2\/product_brand?post=19786"},{"taxonomy":"product_cat","embeddable":true,"href":"https:\/\/mes-pochoirs.com\/es\/wp-json\/wp\/v2\/product_cat?post=19786"},{"taxonomy":"product_tag","embeddable":true,"href":"https:\/\/mes-pochoirs.com\/es\/wp-json\/wp\/v2\/product_tag?post=19786"}],"curies":[{"name":"wp","href":"https:\/\/api.w.org\/{rel}","templated":true}]}}