{"id":19836,"date":"2025-02-07T10:52:12","date_gmt":"2025-02-07T09:52:12","guid":{"rendered":"https:\/\/mes-pochoirs.com\/?post_type=product&#038;p=19836"},"modified":"2025-10-31T12:27:01","modified_gmt":"2025-10-31T11:27:01","slug":"plantilla-estatua-de-la-libertad-ic0005","status":"publish","type":"product","link":"https:\/\/mes-pochoirs.com\/es\/produit\/pochoir-statue-de-la-liberte-ic0005","title":{"rendered":"Plantilla Estatua de la Libertad - IC0005"},"content":{"rendered":"<h2>Plantilla Estatua de la Libertad\u00a0<\/h2>\n<h3>S\u00edmbolo de libertad y grandeza<\/h3>\n<p>Le <strong>Plantilla de la Estatua de la Libertad<\/strong> le permite dar un toque majestuoso y emblem\u00e1tico a sus creaciones. Representa el famoso <strong>Estatua de la Libertad<\/strong>un monumento de visita obligada en <strong>Nueva York<\/strong>conocido en todo el mundo como s\u00edmbolo de <strong>libertad, independencia y esperanza<\/strong>. La ilustraci\u00f3n destaca los detalles ic\u00f3nicos de la estatua: la corona radiante, el manto drapeado y la antorcha elevada hacia el cielo. A primera vista, esta plantilla evoca la grandeza y la historia de este monumento, con sus detalles precisos y l\u00edneas fuertes que rinden homenaje a la impresionante arquitectura de esta estatua ic\u00f3nica.<\/p>\n<h3>Una plantilla esencial en la<\/strong><strong>Obedecer al Esp\u00edritu<\/h3>\n<p>Esta plantilla se inspira en el poderoso estilo gr\u00e1fico de <strong>Shepard Fairey<\/strong>tambi\u00e9n conocido como <strong>Obedezca<\/strong>un importante artista estadounidense del<strong> arte callejero<\/strong>conocida por su est\u00e9tica<strong> contundente y comprometida<\/strong>. Al igual que sus obras emblem\u00e1ticas, este dise\u00f1o juega con los contrastes, las sombras estilizadas y una composici\u00f3n din\u00e1mica, que recuerda a los carteles de propaganda revisitados con un toque contempor\u00e1neo. La vista de la Estatua de la Libertad desde un \u00e1ngulo bajo refuerza su car\u00e1cter imponente y simb\u00f3lico, haci\u00e9ndose eco de los temas m\u00e1s queridos por Fairey: la libertad, la resistencia y el poder del pueblo. Esta plantilla no es s\u00f3lo un elemento decorativo, es una aut\u00e9ntica declaraci\u00f3n art\u00edstica, perfecta para el arte callejero, la decoraci\u00f3n urbana y las creaciones comprometidas.<\/p>","protected":false},"excerpt":{"rendered":"<p><strong>Plantilla Estatua de la Libertad<\/strong>Un dise\u00f1o \u00fanico para cuadros y pinturas. Reutilizable, reversible y disponible en varios tama\u00f1os para creaciones art\u00edsticas.<\/p>","protected":false},"featured_media":19525,"comment_status":"open","ping_status":"closed","template":"","meta":{"bwfblock_default_font":"","_kad_blocks_custom_css":"","_kad_blocks_head_custom_js":"","_kad_blocks_body_custom_js":"","_kad_blocks_footer_custom_js":"","_kadence_starter_templates_imported_post":false,"_kad_post_transparent":"default","_kad_post_title":"","_kad_post_layout":"default","_kad_post_sidebar_id":"","_kad_post_content_style":"default","_kad_post_vertical_padding":"default","_kad_post_feature":"","_kad_post_feature_position":"","_kad_post_header":false,"_kad_post_footer":false,"_kad_post_classname":""},"product_brand":[1415],"product_cat":[732,328,315],"product_tag":[469,1046,1045,292,1127,1126,1038,327],"class_list":{"0":"post-19836","1":"product","2":"type-product","3":"status-publish","4":"has-post-thumbnail","6":"product_brand-mes-pochoirs","7":"product_cat-pochoirs-icones-celebrites","8":"product_cat-pochoirs-street-art","9":"product_cat-pochoirs-symboles","10":"product_tag-celebre","11":"product_tag-etats-unis","12":"product_tag-monument","13":"product_tag-new-york","14":"product_tag-obey","15":"product_tag-shepard-fairey","16":"product_tag-statue-de-la-liberte","17":"product_tag-street-art","19":"first","20":"instock","21":"taxable","22":"shipping-taxable","23":"purchasable","24":"product-type-variable","25":"entry","26":"content-bg","27":"loop-entry"},"taxonomy_info":{"product_brand":[{"value":1415,"label":"Mes Pochoirs"}],"product_cat":[{"value":732,"label":"Ic\u00f4nes &amp; C\u00e9l\u00e9brit\u00e9s"},{"value":328,"label":"Street Art"},{"value":315,"label":"Symboles"}],"product_tag":[{"value":469,"label":"c\u00e9l\u00e8bre"},{"value":1046,"label":"\u00e9tats-unis"},{"value":1045,"label":"monument"},{"value":292,"label":"New York"},{"value":1127,"label":"Obey"},{"value":1126,"label":"Shepard Fairey"},{"value":1038,"label":"statue de la libert\u00e9"},{"value":327,"label":"street art"}]},"featured_image_src_large":["https:\/\/mes-pochoirs.com\/wp-content\/uploads\/2025\/01\/IC0005-pochoir-statue-de-la-liberte-copyright-mes-pochoirs-858x1030.jpg",858,1030,true],"author_info":[],"comment_info":1,"_links":{"self":[{"href":"https:\/\/mes-pochoirs.com\/es\/wp-json\/wp\/v2\/product\/19836","targetHints":{"allow":["GET"]}}],"collection":[{"href":"https:\/\/mes-pochoirs.com\/es\/wp-json\/wp\/v2\/product"}],"about":[{"href":"https:\/\/mes-pochoirs.com\/es\/wp-json\/wp\/v2\/types\/product"}],"replies":[{"embeddable":true,"href":"https:\/\/mes-pochoirs.com\/es\/wp-json\/wp\/v2\/comments?post=19836"}],"wp:featuredmedia":[{"embeddable":true,"href":"https:\/\/mes-pochoirs.com\/es\/wp-json\/wp\/v2\/media\/19525"}],"wp:attachment":[{"href":"https:\/\/mes-pochoirs.com\/es\/wp-json\/wp\/v2\/media?parent=19836"}],"wp:term":[{"taxonomy":"product_brand","embeddable":true,"href":"https:\/\/mes-pochoirs.com\/es\/wp-json\/wp\/v2\/product_brand?post=19836"},{"taxonomy":"product_cat","embeddable":true,"href":"https:\/\/mes-pochoirs.com\/es\/wp-json\/wp\/v2\/product_cat?post=19836"},{"taxonomy":"product_tag","embeddable":true,"href":"https:\/\/mes-pochoirs.com\/es\/wp-json\/wp\/v2\/product_tag?post=19836"}],"curies":[{"name":"wp","href":"https:\/\/api.w.org\/{rel}","templated":true}]}}