{"id":19941,"date":"2025-01-31T08:16:57","date_gmt":"2025-01-31T07:16:57","guid":{"rendered":"https:\/\/mes-pochoirs.com\/?post_type=product&#038;p=19941"},"modified":"2025-10-31T12:27:03","modified_gmt":"2025-10-31T11:27:03","slug":"stencil-artista-rata-graffiti-sa0037","status":"publish","type":"product","link":"https:\/\/mes-pochoirs.com\/es\/produit\/pochoir-artiste-rat-graffiti-sa0037","title":{"rendered":"Arte es Resistencia Rata Graffiti Stencil - SA0037"},"content":{"rendered":"<p>\u00a0<\/p>\n<h2>Rata Graffitero Stencil<\/h2>\n<h3>Un s\u00edmbolo de creatividad rebelde<\/h3>\n<p>Le <strong>artista de la plantilla rata graffiti<\/strong> representa a una rata antropomorfa con boina y delantal de pintor, que sostiene en la mano un bote de pintura en spray. A sus pies, botes y aerosoles de pintura refuerzan la idea de un artista en acci\u00f3n. Detr\u00e1s de \u00e9l, la inscripci\u00f3n <strong>\"EL ARTE ES RESISTENCIA<\/strong> aparece en letras goteantes, expresando el poder del arte como medio de protesta y libertad. Esta plantilla encarna el esp\u00edritu rebelde del arte callejero, donde la rata -a menudo vista como una figura marginal- se convierte en el s\u00edmbolo de la perseverancia y el ingenio frente a las normas establecidas. Es una oda a la libertad de expresi\u00f3n y al impacto del arte en el espacio urbano.<\/p>\n<h3>Dise\u00f1o de arte callejero crudo y expresivo<\/h3>\n<p>Le <strong>artista de la plantilla rata graffiti<\/strong> adopta una <strong>estilo street art<\/strong> El resultado es un llamativo dise\u00f1o de l\u00edneas limpias y efectos de goteo realistas. Inspirado en las obras ic\u00f3nicas del graffiti urbano, juega con una est\u00e9tica cruda y espont\u00e1nea que capta inmediatamente la atenci\u00f3n. Su dise\u00f1o din\u00e1mico, con su mezcla de subversi\u00f3n y humor, lo convierte en una opci\u00f3n ideal para artistas y amantes comprometidos del arte. F\u00e1cil de usar en una variedad de superficies - paredes, lienzos, muebles o textiles - este <strong>plantilla art\u00edstica<\/strong> a\u00f1ade un toque de rebeld\u00eda y creatividad a sus dise\u00f1os. Tanto si desea expresar un mensaje contundente como si simplemente quiere a\u00f1adir una est\u00e9tica urbana a su decoraci\u00f3n, este modelo \u00fanico ofrece infinitas posibilidades. A\u00f1ada una dimensi\u00f3n audaz e inspiradora a su trabajo con este <strong>artista de la plantilla rata graffiti<\/strong> !<\/p>","protected":false},"excerpt":{"rendered":"<p>Plantilla precisa y reutilizable para grafiteros, ideal para pinturas y decoraciones. Disponible en varios tama\u00f1os para artistas.<\/p>","protected":false},"featured_media":20064,"comment_status":"open","ping_status":"closed","template":"","meta":{"bwfblock_default_font":"","_kad_blocks_custom_css":"","_kad_blocks_head_custom_js":"","_kad_blocks_body_custom_js":"","_kad_blocks_footer_custom_js":"","_kadence_starter_templates_imported_post":false,"_kad_post_transparent":"default","_kad_post_title":"","_kad_post_layout":"default","_kad_post_sidebar_id":"","_kad_post_content_style":"default","_kad_post_vertical_padding":"default","_kad_post_feature":"","_kad_post_feature_position":"","_kad_post_header":false,"_kad_post_footer":false,"_kad_post_classname":""},"product_brand":[1415],"product_cat":[328,364,481,1029],"product_tag":[656,900,1049,1053,491,285,433,467,1015,834,1048,1047,286],"class_list":{"0":"post-19941","1":"product","2":"type-product","3":"status-publish","4":"has-post-thumbnail","6":"product_brand-mes-pochoirs","7":"product_cat-pochoirs-street-art","8":"product_cat-pochoirs-animaux","9":"product_cat-collections","10":"product_cat-spray-and-soul","11":"product_tag-artiste","12":"product_tag-banksy","13":"product_tag-contestataire","14":"product_tag-engage","15":"product_tag-expression","16":"product_tag-graffiti","17":"product_tag-mur","18":"product_tag-peinture","19":"product_tag-rat","20":"product_tag-rebelle","21":"product_tag-resistance","22":"product_tag-streetart","23":"product_tag-urbain","25":"first","26":"instock","27":"taxable","28":"shipping-taxable","29":"purchasable","30":"product-type-variable","31":"has-default-attributes","32":"entry","33":"content-bg","34":"loop-entry"},"taxonomy_info":{"product_brand":[{"value":1415,"label":"Mes Pochoirs"}],"product_cat":[{"value":328,"label":"Street Art"},{"value":364,"label":"Animaux"},{"value":481,"label":"Collections"},{"value":1029,"label":"Spray and Soul"}],"product_tag":[{"value":656,"label":"artiste"},{"value":900,"label":"banksy"},{"value":1049,"label":"Contestataire"},{"value":1053,"label":"Engag\u00e9"},{"value":491,"label":"expression"},{"value":285,"label":"graffiti"},{"value":433,"label":"mur"},{"value":467,"label":"peinture"},{"value":1015,"label":"rat"},{"value":834,"label":"rebelle"},{"value":1048,"label":"R\u00e9sistance"},{"value":1047,"label":"Streetart"},{"value":286,"label":"urbain"}]},"featured_image_src_large":["https:\/\/mes-pochoirs.com\/wp-content\/uploads\/2025\/01\/SA0037-pochoir-rat-graffiti-art-resistance-copyright-mes-pochoirs-858x1030.jpg",858,1030,true],"author_info":[],"comment_info":0,"_links":{"self":[{"href":"https:\/\/mes-pochoirs.com\/es\/wp-json\/wp\/v2\/product\/19941","targetHints":{"allow":["GET"]}}],"collection":[{"href":"https:\/\/mes-pochoirs.com\/es\/wp-json\/wp\/v2\/product"}],"about":[{"href":"https:\/\/mes-pochoirs.com\/es\/wp-json\/wp\/v2\/types\/product"}],"replies":[{"embeddable":true,"href":"https:\/\/mes-pochoirs.com\/es\/wp-json\/wp\/v2\/comments?post=19941"}],"wp:featuredmedia":[{"embeddable":true,"href":"https:\/\/mes-pochoirs.com\/es\/wp-json\/wp\/v2\/media\/20064"}],"wp:attachment":[{"href":"https:\/\/mes-pochoirs.com\/es\/wp-json\/wp\/v2\/media?parent=19941"}],"wp:term":[{"taxonomy":"product_brand","embeddable":true,"href":"https:\/\/mes-pochoirs.com\/es\/wp-json\/wp\/v2\/product_brand?post=19941"},{"taxonomy":"product_cat","embeddable":true,"href":"https:\/\/mes-pochoirs.com\/es\/wp-json\/wp\/v2\/product_cat?post=19941"},{"taxonomy":"product_tag","embeddable":true,"href":"https:\/\/mes-pochoirs.com\/es\/wp-json\/wp\/v2\/product_tag?post=19941"}],"curies":[{"name":"wp","href":"https:\/\/api.w.org\/{rel}","templated":true}]}}