{"id":19947,"date":"2025-01-31T08:16:57","date_gmt":"2025-01-31T07:16:57","guid":{"rendered":"https:\/\/mes-pochoirs.com\/?post_type=product&#038;p=19947"},"modified":"2025-10-31T12:27:05","modified_gmt":"2025-10-31T11:27:05","slug":"nino-y-paraguas-plantilla-sa0038","status":"publish","type":"product","link":"https:\/\/mes-pochoirs.com\/es\/produit\/pochoir-enfant-et-parapluie-sa0038","title":{"rendered":"Plantilla L'Enfant et son Parapluie - SA0038"},"content":{"rendered":"<h2>plantilla ni\u00f1o y paraguas<\/h2>\n<h3>Una escena po\u00e9tica e inspiradora<\/h3>\n<p>Le <strong>plantilla ni\u00f1o y paraguas<\/strong> capta un momento de asombro y misterio. La imagen muestra a un ni\u00f1o peque\u00f1o que sujeta con fuerza un gran paraguas, mirando al cielo como si esperara algo inesperado. Su expresi\u00f3n combina curiosidad y sorpresa, creando una atm\u00f3sfera apacible y contemplativa. Esta plantilla evoca la protecci\u00f3n, la inocencia y la capacidad de la infancia para ver la magia en cada momento de la vida cotidiana. Invita a la imaginaci\u00f3n y al ensue\u00f1o, perfecto para transmitir una emoci\u00f3n sincera y universal a trav\u00e9s de una obra de arte.<\/p>\n<h3>Un estilo de arte callejero expresivo y elegante<\/h3>\n<p>Le <strong>plantilla ni\u00f1o y paraguas<\/strong> adopta una <strong>estilo de arte callejero.<\/strong>El paraguas, elemento central de la composici\u00f3n, a\u00f1ade un toque de misterio y simbolismo, reforzando el impacto visual y narrativo del motivo. Este dise\u00f1o puro pero expresivo se presta a una amplia gama de interpretaciones art\u00edsticas, ofreciendo profundidad y una carga emocional \u00fanica. F\u00e1cil de aplicar a una gran variedad de superficies -paredes, lienzos, muebles o textiles- este <strong>plantilla art\u00edstica<\/strong> es ideal para dar un toque po\u00e9tico e inspirador a sus creaciones. Tanto si es un artista como un amante de la decoraci\u00f3n original, este modelo le permitir\u00e1 expresar una visi\u00f3n a la vez sensible y creativa. A\u00f1ada una dimensi\u00f3n emocional e intemporal a su trabajo con este <strong>plantilla ni\u00f1o y paraguas<\/strong> !<\/p>","protected":false},"excerpt":{"rendered":"<p><strong>Plantilla y paraguas para ni\u00f1os<\/strong>Ideal para artistas y decoradores. Reutilizables, reversibles y disponibles en varios tama\u00f1os para todas las creaciones.<\/p>","protected":false},"featured_media":20065,"comment_status":"open","ping_status":"closed","template":"","meta":{"bwfblock_default_font":"","_kad_blocks_custom_css":"","_kad_blocks_head_custom_js":"","_kad_blocks_body_custom_js":"","_kad_blocks_footer_custom_js":"","_kadence_starter_templates_imported_post":false,"_kad_post_transparent":"default","_kad_post_title":"","_kad_post_layout":"default","_kad_post_sidebar_id":"","_kad_post_content_style":"default","_kad_post_vertical_padding":"default","_kad_post_feature":"","_kad_post_feature_position":"","_kad_post_header":false,"_kad_post_footer":false,"_kad_post_classname":""},"product_brand":[1415],"product_cat":[328,481,36,1029],"product_tag":[147,1058,825,491,285,433,1054,1055,442,1047,1056],"class_list":{"0":"post-19947","1":"product","2":"type-product","3":"status-publish","4":"has-post-thumbnail","6":"product_brand-mes-pochoirs","7":"product_cat-pochoirs-street-art","8":"product_cat-collections","9":"product_cat-pochoirs-portraits-visages","10":"product_cat-spray-and-soul","11":"product_tag-design","12":"product_tag-emotion","13":"product_tag-enfant","14":"product_tag-expression","15":"product_tag-graffiti","16":"product_tag-mur","17":"product_tag-parapluie","18":"product_tag-poetique","19":"product_tag-reve","20":"product_tag-streetart","21":"product_tag-symbolique","23":"first","24":"instock","25":"taxable","26":"shipping-taxable","27":"purchasable","28":"product-type-variable","29":"has-default-attributes","30":"entry","31":"content-bg","32":"loop-entry"},"taxonomy_info":{"product_brand":[{"value":1415,"label":"Mes Pochoirs"}],"product_cat":[{"value":328,"label":"Street Art"},{"value":481,"label":"Collections"},{"value":36,"label":"Portraits &amp; Visages"},{"value":1029,"label":"Spray and Soul"}],"product_tag":[{"value":147,"label":"Design"},{"value":1058,"label":"Emotion"},{"value":825,"label":"enfant"},{"value":491,"label":"expression"},{"value":285,"label":"graffiti"},{"value":433,"label":"mur"},{"value":1054,"label":"Parapluie"},{"value":1055,"label":"Po\u00e9tique"},{"value":442,"label":"R\u00eave"},{"value":1047,"label":"Streetart"},{"value":1056,"label":"Symbolique"}]},"featured_image_src_large":["https:\/\/mes-pochoirs.com\/wp-content\/uploads\/2025\/01\/SA0038-pochoir-enfant-parapluie-copyright-mes-pochoirs-858x1030.jpg",858,1030,true],"author_info":[],"comment_info":0,"_links":{"self":[{"href":"https:\/\/mes-pochoirs.com\/es\/wp-json\/wp\/v2\/product\/19947","targetHints":{"allow":["GET"]}}],"collection":[{"href":"https:\/\/mes-pochoirs.com\/es\/wp-json\/wp\/v2\/product"}],"about":[{"href":"https:\/\/mes-pochoirs.com\/es\/wp-json\/wp\/v2\/types\/product"}],"replies":[{"embeddable":true,"href":"https:\/\/mes-pochoirs.com\/es\/wp-json\/wp\/v2\/comments?post=19947"}],"wp:featuredmedia":[{"embeddable":true,"href":"https:\/\/mes-pochoirs.com\/es\/wp-json\/wp\/v2\/media\/20065"}],"wp:attachment":[{"href":"https:\/\/mes-pochoirs.com\/es\/wp-json\/wp\/v2\/media?parent=19947"}],"wp:term":[{"taxonomy":"product_brand","embeddable":true,"href":"https:\/\/mes-pochoirs.com\/es\/wp-json\/wp\/v2\/product_brand?post=19947"},{"taxonomy":"product_cat","embeddable":true,"href":"https:\/\/mes-pochoirs.com\/es\/wp-json\/wp\/v2\/product_cat?post=19947"},{"taxonomy":"product_tag","embeddable":true,"href":"https:\/\/mes-pochoirs.com\/es\/wp-json\/wp\/v2\/product_tag?post=19947"}],"curies":[{"name":"wp","href":"https:\/\/api.w.org\/{rel}","templated":true}]}}