{"id":19955,"date":"2025-01-31T08:16:57","date_gmt":"2025-01-31T07:16:57","guid":{"rendered":"https:\/\/mes-pochoirs.com\/?post_type=product&#038;p=19955"},"modified":"2025-10-31T12:27:07","modified_gmt":"2025-10-31T11:27:07","slug":"plantilla-nino-pescador-en-una-nube-sa0039","status":"publish","type":"product","link":"https:\/\/mes-pochoirs.com\/es\/produit\/pochoir-enfant-pecheur-sur-un-nuage-sa0039","title":{"rendered":"Plantilla Dream Fisherman - SA0039"},"content":{"rendered":"<h2>Plantilla ni\u00f1o pescador sobre una nube<\/h2>\n<h3>Invitaci\u00f3n a so\u00f1ar despierto<\/h3>\n<p>Le <strong>plantilla ni\u00f1o pescador en una nube<\/strong> representa un momento suspendido entre la imaginaci\u00f3n y la contemplaci\u00f3n. Un ni\u00f1o peque\u00f1o, sentado tranquilamente en una nube, sostiene una ca\u00f1a de pescar con un sedal que llega hasta lo invisible. Su actitud relajada y su mirada vuelta hacia el horizonte evocan la inocencia, la curiosidad y la libertad de la infancia. Esta plantilla transmite una sensaci\u00f3n de calma y evasi\u00f3n, invitando a todos a reconectar con su mundo interior y dejar espacio para los sue\u00f1os y la creatividad.<\/p>\n<h3>Un estilo de arte callejero on\u00edrico y contemplativo<\/h3>\n<p>Le <strong>plantilla ni\u00f1o pescador en una nube<\/strong> forma parte de un <strong>un estilo de arte callejero puro y simb\u00f3lico.<\/strong>La representaci\u00f3n minimalista de la nube, combinada con el sutil sombreado del personaje, crea una impresi\u00f3n de ligereza y misterio. Este llamativo dise\u00f1o encaja perfectamente en obras art\u00edsticas donde se mezclan sue\u00f1os y realidad, ofreciendo un mensaje fuerte y universal. F\u00e1cil de aplicar a una gran variedad de superficies -paredes, lienzos, muebles o textiles- este <strong>plantilla art\u00edstica<\/strong> es una herramienta ideal para a\u00f1adir una dimensi\u00f3n po\u00e9tica e inspiradora a sus creaciones. Tanto si es un artista como un amante de la decoraci\u00f3n original, este modelo le permitir\u00e1 expresar su imaginaci\u00f3n con sutileza y profundidad. A\u00f1ada un toque de magia y escapismo a sus creaciones con este <strong>plantilla ni\u00f1o pescador en una nube<\/strong> !<\/p>","protected":false},"excerpt":{"rendered":"<p><strong>Plantilla ni\u00f1o pescador sobre una nube<\/strong>Ideal para artistas y decoradores. De alta calidad, reutilizables y reversibles, en varios tama\u00f1os para sus creaciones.<\/p>","protected":false},"featured_media":20066,"comment_status":"open","ping_status":"closed","template":"","meta":{"bwfblock_default_font":"","_kad_blocks_custom_css":"","_kad_blocks_head_custom_js":"","_kad_blocks_body_custom_js":"","_kad_blocks_footer_custom_js":"","_kadence_starter_templates_imported_post":false,"_kad_post_transparent":"default","_kad_post_title":"","_kad_post_layout":"default","_kad_post_sidebar_id":"","_kad_post_content_style":"default","_kad_post_vertical_padding":"default","_kad_post_feature":"","_kad_post_feature_position":"","_kad_post_header":false,"_kad_post_footer":false,"_kad_post_classname":""},"product_brand":[1415],"product_cat":[328,481,36,1029],"product_tag":[1057,825,1060,1061,1059,932,1055,442,1056],"class_list":{"0":"post-19955","1":"product","2":"type-product","3":"status-publish","4":"has-post-thumbnail","6":"product_brand-mes-pochoirs","7":"product_cat-pochoirs-street-art","8":"product_cat-collections","9":"product_cat-pochoirs-portraits-visages","10":"product_cat-spray-and-soul","11":"product_tag-contemplation","12":"product_tag-enfant","13":"product_tag-evasion","14":"product_tag-imagination","15":"product_tag-nuage","16":"product_tag-pecheur","17":"product_tag-poetique","18":"product_tag-reve","19":"product_tag-symbolique","21":"first","22":"instock","23":"taxable","24":"shipping-taxable","25":"purchasable","26":"product-type-variable","27":"has-default-attributes","28":"entry","29":"content-bg","30":"loop-entry"},"taxonomy_info":{"product_brand":[{"value":1415,"label":"Mes Pochoirs"}],"product_cat":[{"value":328,"label":"Street Art"},{"value":481,"label":"Collections"},{"value":36,"label":"Portraits &amp; Visages"},{"value":1029,"label":"Spray and Soul"}],"product_tag":[{"value":1057,"label":"Contemplation"},{"value":825,"label":"enfant"},{"value":1060,"label":"\u00c9vasion"},{"value":1061,"label":"Imagination"},{"value":1059,"label":"Nuage"},{"value":932,"label":"p\u00eacheur"},{"value":1055,"label":"Po\u00e9tique"},{"value":442,"label":"R\u00eave"},{"value":1056,"label":"Symbolique"}]},"featured_image_src_large":["https:\/\/mes-pochoirs.com\/wp-content\/uploads\/2025\/01\/SA0039-pochoir-enfant-pecheur-nuage-copyright-mes-pochoirs-858x1030.jpg",858,1030,true],"author_info":[],"comment_info":1,"_links":{"self":[{"href":"https:\/\/mes-pochoirs.com\/es\/wp-json\/wp\/v2\/product\/19955","targetHints":{"allow":["GET"]}}],"collection":[{"href":"https:\/\/mes-pochoirs.com\/es\/wp-json\/wp\/v2\/product"}],"about":[{"href":"https:\/\/mes-pochoirs.com\/es\/wp-json\/wp\/v2\/types\/product"}],"replies":[{"embeddable":true,"href":"https:\/\/mes-pochoirs.com\/es\/wp-json\/wp\/v2\/comments?post=19955"}],"wp:featuredmedia":[{"embeddable":true,"href":"https:\/\/mes-pochoirs.com\/es\/wp-json\/wp\/v2\/media\/20066"}],"wp:attachment":[{"href":"https:\/\/mes-pochoirs.com\/es\/wp-json\/wp\/v2\/media?parent=19955"}],"wp:term":[{"taxonomy":"product_brand","embeddable":true,"href":"https:\/\/mes-pochoirs.com\/es\/wp-json\/wp\/v2\/product_brand?post=19955"},{"taxonomy":"product_cat","embeddable":true,"href":"https:\/\/mes-pochoirs.com\/es\/wp-json\/wp\/v2\/product_cat?post=19955"},{"taxonomy":"product_tag","embeddable":true,"href":"https:\/\/mes-pochoirs.com\/es\/wp-json\/wp\/v2\/product_tag?post=19955"}],"curies":[{"name":"wp","href":"https:\/\/api.w.org\/{rel}","templated":true}]}}