{"id":20015,"date":"2025-01-31T08:16:54","date_gmt":"2025-01-31T07:16:54","guid":{"rendered":"https:\/\/mes-pochoirs.com\/?post_type=product&#038;p=20015"},"modified":"2025-10-31T12:27:46","modified_gmt":"2025-10-31T11:27:46","slug":"queen-selfie-stencil-sa0047","status":"publish","type":"product","link":"https:\/\/mes-pochoirs.com\/es\/produit\/pochoir-reine-selfie-sa0047","title":{"rendered":"Royal Selfie Plantilla - SA0047"},"content":{"rendered":"<h2>Plantilla Royal Selfie<\/h2>\n<h3>Un escenario majestuoso y fuera de lo com\u00fan<\/h3>\n<p>Le <strong>Plantilla Queen Selfie<\/strong>\u00a0presenta a una emblem\u00e1tica figura real, ataviada con su corona y sus joyas ceremoniales, en una pose inesperada: la Reina sostiene un tel\u00e9fono m\u00f3vil y parece estar haci\u00e9ndose un selfie. Este llamativo contraste entre tradici\u00f3n y modernidad aporta un toque humor\u00edstico, cuestionando el lugar de las nuevas tecnolog\u00edas en nuestra vida cotidiana, incluso dentro de las instituciones m\u00e1s solemnes. Esta plantilla juega con la iron\u00eda y la apropiaci\u00f3n indebida, modernizando la imagen de la realeza con un toque de sarcasmo.<\/p>\n<h3>Un estilo de arte callejero elegante e impactante<\/h3>\n<p>Le <strong>Plantilla Queen Selfie<\/strong>\u00a0adopte un design street art expressif, avec des d\u00e9tails raffin\u00e9s mettant en valeur l\u2019\u00e9l\u00e9gance et le prestige de la tenue royale. Ce m\u00e9lange subtil entre sophistication et impertinence cr\u00e9e une image forte, parfaitement adapt\u00e9e \u00e0 l\u2019univers du graffiti et de l\u2019art urbain. Son esth\u00e9tique percutante en fait un outil id\u00e9al pour personnaliser des \u0153uvres artistiques et d\u00e9coratives avec une touche d\u2019originalit\u00e9. Facile \u00e0 appliquer sur divers supports \u2013 murs, toiles, meubles ou textiles \u2013 ce pochoir est parfait pour ceux qui souhaitent int\u00e9grer une note d\u2019humour et de modernit\u00e9 \u00e0 leurs cr\u00e9ations. Que vous soyez passionn\u00e9 de street art ou artiste en qu\u00eate d\u2019un visuel audacieux et symbolique, ce mod\u00e8le unique ajoutera du caract\u00e8re \u00e0 vos r\u00e9alisations. Apportez une touche de satire royale et d\u2019audace contemporaine avec ce <strong>Plantilla Royal Selfie<\/strong> !<\/p>","protected":false},"excerpt":{"rendered":"<p><strong>Plantilla Queen Selfie<\/strong> ideal para una creaci\u00f3n original. De alta calidad, reutilizables, reversibles y disponibles en varios tama\u00f1os.<\/p>","protected":false},"featured_media":20130,"comment_status":"open","ping_status":"closed","template":"","meta":{"bwfblock_default_font":"","_kad_blocks_custom_css":"","_kad_blocks_head_custom_js":"","_kad_blocks_body_custom_js":"","_kad_blocks_footer_custom_js":"","_kadence_starter_templates_imported_post":false,"_kad_post_transparent":"default","_kad_post_title":"","_kad_post_layout":"default","_kad_post_sidebar_id":"","_kad_post_content_style":"default","_kad_post_vertical_padding":"default","_kad_post_feature":"","_kad_post_feature_position":"","_kad_post_header":false,"_kad_post_footer":false,"_kad_post_classname":""},"product_brand":[1415],"product_cat":[328,481,732,1029],"product_tag":[439,1091,285,1075,471,675,1093,1111,1107,1092,1090,1047,1110],"class_list":{"0":"post-20015","1":"product","2":"type-product","3":"status-publish","4":"has-post-thumbnail","6":"product_brand-mes-pochoirs","7":"product_cat-pochoirs-street-art","8":"product_cat-collections","9":"product_cat-pochoirs-icones-celebrites","10":"product_cat-spray-and-soul","11":"product_tag-art","12":"product_tag-decale","13":"product_tag-graffiti","14":"product_tag-humoristique","15":"product_tag-icone","16":"product_tag-moderne","17":"product_tag-monarchie","18":"product_tag-photo","19":"product_tag-reine","20":"product_tag-royal","21":"product_tag-selfie","22":"product_tag-streetart","23":"product_tag-telephone","25":"first","26":"instock","27":"taxable","28":"shipping-taxable","29":"purchasable","30":"product-type-variable","31":"has-default-attributes","32":"entry","33":"content-bg","34":"loop-entry"},"taxonomy_info":{"product_brand":[{"value":1415,"label":"Mes Pochoirs"}],"product_cat":[{"value":328,"label":"Street Art"},{"value":481,"label":"Collections"},{"value":732,"label":"Ic\u00f4nes &amp; C\u00e9l\u00e9brit\u00e9s"},{"value":1029,"label":"Spray and Soul"}],"product_tag":[{"value":439,"label":"art"},{"value":1091,"label":"d\u00e9cal\u00e9"},{"value":285,"label":"graffiti"},{"value":1075,"label":"humoristique"},{"value":471,"label":"icone"},{"value":675,"label":"moderne"},{"value":1093,"label":"monarchie"},{"value":1111,"label":"photo"},{"value":1107,"label":"reine"},{"value":1092,"label":"royal"},{"value":1090,"label":"selfie"},{"value":1047,"label":"Streetart"},{"value":1110,"label":"t\u00e9l\u00e9phone"}]},"featured_image_src_large":["https:\/\/mes-pochoirs.com\/wp-content\/uploads\/2025\/01\/SA0047-pochoir-selfie-reine-copyright-mes-pochoirs-858x1030.jpg",858,1030,true],"author_info":[],"comment_info":0,"_links":{"self":[{"href":"https:\/\/mes-pochoirs.com\/es\/wp-json\/wp\/v2\/product\/20015","targetHints":{"allow":["GET"]}}],"collection":[{"href":"https:\/\/mes-pochoirs.com\/es\/wp-json\/wp\/v2\/product"}],"about":[{"href":"https:\/\/mes-pochoirs.com\/es\/wp-json\/wp\/v2\/types\/product"}],"replies":[{"embeddable":true,"href":"https:\/\/mes-pochoirs.com\/es\/wp-json\/wp\/v2\/comments?post=20015"}],"wp:featuredmedia":[{"embeddable":true,"href":"https:\/\/mes-pochoirs.com\/es\/wp-json\/wp\/v2\/media\/20130"}],"wp:attachment":[{"href":"https:\/\/mes-pochoirs.com\/es\/wp-json\/wp\/v2\/media?parent=20015"}],"wp:term":[{"taxonomy":"product_brand","embeddable":true,"href":"https:\/\/mes-pochoirs.com\/es\/wp-json\/wp\/v2\/product_brand?post=20015"},{"taxonomy":"product_cat","embeddable":true,"href":"https:\/\/mes-pochoirs.com\/es\/wp-json\/wp\/v2\/product_cat?post=20015"},{"taxonomy":"product_tag","embeddable":true,"href":"https:\/\/mes-pochoirs.com\/es\/wp-json\/wp\/v2\/product_tag?post=20015"}],"curies":[{"name":"wp","href":"https:\/\/api.w.org\/{rel}","templated":true}]}}