{"id":20027,"date":"2025-01-31T08:16:56","date_gmt":"2025-01-31T07:16:56","guid":{"rendered":"https:\/\/mes-pochoirs.com\/?post_type=product&#038;p=20027"},"modified":"2025-10-31T12:27:50","modified_gmt":"2025-10-31T11:27:50","slug":"mono-artista-plantilla-sa0049","status":"publish","type":"product","link":"https:\/\/mes-pochoirs.com\/es\/produit\/pochoir-singe-artiste-sa0049","title":{"rendered":"\u00bfQui\u00e9n es el verdadero artista?\" Monkey Messenger Stencil - SA0049"},"content":{"rendered":"<p>Mono Artista Plantilla<\/p>\n<h3>Una obra sat\u00edrica y comprometida<\/h3>\n<p>Le <strong>stencil Monkey Artista<\/strong> representa a un chimpanc\u00e9 que sostiene un cartel en el que se lee <strong>\"\u00bfQUI\u00c9N ES EL VERDADERO ARTISTA?<\/strong> (\u00bfQui\u00e9n es el verdadero artista?). Este visual juega con la iron\u00eda y cuestiona la percepci\u00f3n del arte, el lugar del arte callejero en el mundo del arte y la legitimidad de los creadores no convencionales. La expresi\u00f3n seria y la mirada penetrante del mono a\u00f1aden un toque de provocaci\u00f3n, mientras que la pregunta escrita en el cartel incita a la reflexi\u00f3n. Esta plantilla es una invitaci\u00f3n a desafiar las normas establecidas y a celebrar la expresi\u00f3n art\u00edstica en todas sus formas.<\/p>\n<h3>Llamativo y simb\u00f3lico dise\u00f1o de arte callejero<\/h3>\n<p>Le <strong>stencil Monkey Artista<\/strong> adopta una <strong>estilo street art<\/strong> con un fuerte contraste, resaltando cada detalle de la piel y del cartel. El efecto de goteo del texto acent\u00faa la crudeza y espontaneidad del graffiti, haciendo la obra a\u00fan m\u00e1s impactante. Este dise\u00f1o sigue la tradici\u00f3n de la apropiaci\u00f3n art\u00edstica indebida y el mensaje comprometido del arte urbano, aportando un toque de humor y cr\u00edtica social a cualquier creaci\u00f3n. F\u00e1cil de aplicar sobre diversas superficies -paredes, lienzos, muebles o textiles-, este <strong>plantilla art\u00edstica<\/strong> es ideal para los amantes del arte urbano que desean a\u00f1adir un mensaje fuerte y provocador a sus obras. Ya sea grafitero, artista o aficionado a la decoraci\u00f3n original, este modelo \u00fanico a\u00f1adir\u00e1 una dimensi\u00f3n atrevida y comprometida a su obra. Exprese su creatividad con fuerza y originalidad gracias a este <strong>stencil Monkey Artista<\/strong> !<\/p>","protected":false},"excerpt":{"rendered":"<p><strong>Mono Artista Plantilla<\/strong>Un dise\u00f1o llamativo y moderno. Reutilizable, reversible y disponible en varios tama\u00f1os para creaciones \u00fanicas.<\/p>","protected":false},"featured_media":20076,"comment_status":"open","ping_status":"closed","template":"","meta":{"bwfblock_default_font":"","_kad_blocks_custom_css":"","_kad_blocks_head_custom_js":"","_kad_blocks_body_custom_js":"","_kad_blocks_footer_custom_js":"","_kadence_starter_templates_imported_post":false,"_kad_post_transparent":"default","_kad_post_title":"","_kad_post_layout":"default","_kad_post_sidebar_id":"","_kad_post_content_style":"default","_kad_post_vertical_padding":"default","_kad_post_feature":"","_kad_post_feature_position":"","_kad_post_header":false,"_kad_post_footer":false,"_kad_post_classname":""},"product_brand":[1415],"product_cat":[328,364,481,1029],"product_tag":[439,689,568,1053,491,285,1075,275,675,467,664,286],"class_list":{"0":"post-20027","1":"product","2":"type-product","3":"status-publish","4":"has-post-thumbnail","6":"product_brand-mes-pochoirs","7":"product_cat-pochoirs-street-art","8":"product_cat-pochoirs-animaux","9":"product_cat-collections","10":"product_cat-spray-and-soul","11":"product_tag-art","12":"product_tag-artistique","13":"product_tag-creatif","14":"product_tag-engage","15":"product_tag-expression","16":"product_tag-graffiti","17":"product_tag-humoristique","18":"product_tag-message","19":"product_tag-moderne","20":"product_tag-peinture","21":"product_tag-singe","22":"product_tag-urbain","24":"first","25":"instock","26":"taxable","27":"shipping-taxable","28":"purchasable","29":"product-type-variable","30":"has-default-attributes","31":"entry","32":"content-bg","33":"loop-entry"},"taxonomy_info":{"product_brand":[{"value":1415,"label":"Mes Pochoirs"}],"product_cat":[{"value":328,"label":"Street Art"},{"value":364,"label":"Animaux"},{"value":481,"label":"Collections"},{"value":1029,"label":"Spray and Soul"}],"product_tag":[{"value":439,"label":"art"},{"value":689,"label":"artistique"},{"value":568,"label":"cr\u00e9atif"},{"value":1053,"label":"Engag\u00e9"},{"value":491,"label":"expression"},{"value":285,"label":"graffiti"},{"value":1075,"label":"humoristique"},{"value":275,"label":"message"},{"value":675,"label":"moderne"},{"value":467,"label":"peinture"},{"value":664,"label":"singe"},{"value":286,"label":"urbain"}]},"featured_image_src_large":["https:\/\/mes-pochoirs.com\/wp-content\/uploads\/2025\/01\/SA0049-pochoir-singe-messager-real-artist-copyright-mes-pochoirs-858x1030.jpg",858,1030,true],"author_info":[],"comment_info":0,"_links":{"self":[{"href":"https:\/\/mes-pochoirs.com\/es\/wp-json\/wp\/v2\/product\/20027","targetHints":{"allow":["GET"]}}],"collection":[{"href":"https:\/\/mes-pochoirs.com\/es\/wp-json\/wp\/v2\/product"}],"about":[{"href":"https:\/\/mes-pochoirs.com\/es\/wp-json\/wp\/v2\/types\/product"}],"replies":[{"embeddable":true,"href":"https:\/\/mes-pochoirs.com\/es\/wp-json\/wp\/v2\/comments?post=20027"}],"wp:featuredmedia":[{"embeddable":true,"href":"https:\/\/mes-pochoirs.com\/es\/wp-json\/wp\/v2\/media\/20076"}],"wp:attachment":[{"href":"https:\/\/mes-pochoirs.com\/es\/wp-json\/wp\/v2\/media?parent=20027"}],"wp:term":[{"taxonomy":"product_brand","embeddable":true,"href":"https:\/\/mes-pochoirs.com\/es\/wp-json\/wp\/v2\/product_brand?post=20027"},{"taxonomy":"product_cat","embeddable":true,"href":"https:\/\/mes-pochoirs.com\/es\/wp-json\/wp\/v2\/product_cat?post=20027"},{"taxonomy":"product_tag","embeddable":true,"href":"https:\/\/mes-pochoirs.com\/es\/wp-json\/wp\/v2\/product_tag?post=20027"}],"curies":[{"name":"wp","href":"https:\/\/api.w.org\/{rel}","templated":true}]}}