{"id":20033,"date":"2025-01-31T08:16:55","date_gmt":"2025-01-31T07:16:55","guid":{"rendered":"https:\/\/mes-pochoirs.com\/?post_type=product&#038;p=20033"},"modified":"2025-10-31T12:27:52","modified_gmt":"2025-10-31T11:27:52","slug":"stencil-mono-signo-militante-sa0050","status":"publish","type":"product","link":"https:\/\/mes-pochoirs.com\/es\/produit\/pochoir-singe-pancarte-militant-sa0050","title":{"rendered":"\u00bfQui\u00e9n es el verdadero artista?\" Plantilla Mono Activista - SA0050"},"content":{"rendered":"<h2>Mono Militante Stencil<\/h2>\n<h3>Una reflexi\u00f3n atractiva y provocadora<\/h3>\n<p><strong>Mono Stencil Letrero Militante<\/strong>\u00a0muestra a un mono de pie que sostiene un cartel con una pregunta contundente <strong>\"\u00bfQUI\u00c9N ES EL VERDADERO ARTISTA?<\/strong> (\u00bfQui\u00e9n es el verdadero artista?). Su expresi\u00f3n seria y su postura decidida evocan una reivindicaci\u00f3n art\u00edstica y social, interpelando directamente al espectador. Este visual sat\u00edrico juega con la iron\u00eda y cuestiona la noci\u00f3n de artista y el reconocimiento del arte urbano. Tambi\u00e9n cuestiona los l\u00edmites entre instinto, inteligencia y creatividad, al tiempo que a\u00f1ade un toque humor\u00edstico y subversivo. Una plantilla perfecta para quienes gustan de las obras que hacen pensar y debaten.<\/p>\n<h3>Llamativo dise\u00f1o de arte callejero<\/h3>\n<p>Le Pochoir Singe Pancarte Real Artist\u00a0adopte un <strong>estilo street art<\/strong> crudo y expresivo. El efecto fluido de las letras refuerza el aspecto espont\u00e1neo y comprometido del mensaje, t\u00edpico del graffiti de protesta. Este llamativo dise\u00f1o encaja perfectamente con la est\u00e9tica del arte callejero y la apropiaci\u00f3n art\u00edstica indebida, ofreciendo una obra provocadora y visualmente impactante. F\u00e1cil de aplicar sobre diversas superficies -paredes, lienzos, muebles o textiles-, este <strong>plantilla art\u00edstica<\/strong> es ideal para los dise\u00f1adores que desean a\u00f1adir un toque comprometido y humor\u00edstico a su trabajo. Tanto si le apasiona el graffiti como el arte urbano o la decoraci\u00f3n original, este modelo le permitir\u00e1 expresar con audacia su visi\u00f3n. Expr\u00e9sese libremente con este <strong>Mono Militante Stencil<\/strong>\u00a0\u00a1y a\u00f1ada una dimensi\u00f3n subversiva a sus creaciones!<\/p>","protected":false},"excerpt":{"rendered":"<p>Plantilla Activist Sign Monkey dise\u00f1ada para graffiti y decoraci\u00f3n de paredes. Reutilizable, de alta calidad y disponible en varios tama\u00f1os.<\/p>","protected":false},"featured_media":20077,"comment_status":"open","ping_status":"closed","template":"","meta":{"bwfblock_default_font":"","_kad_blocks_custom_css":"","_kad_blocks_head_custom_js":"","_kad_blocks_body_custom_js":"","_kad_blocks_footer_custom_js":"","_kadence_starter_templates_imported_post":false,"_kad_post_transparent":"default","_kad_post_title":"","_kad_post_layout":"default","_kad_post_sidebar_id":"","_kad_post_content_style":"default","_kad_post_vertical_padding":"default","_kad_post_feature":"","_kad_post_feature_position":"","_kad_post_header":false,"_kad_post_footer":false,"_kad_post_classname":""},"product_brand":[1415],"product_cat":[328,364,481,1029],"product_tag":[439,656,689,568,1053,491,285,1075,275,1109,675,467,664],"class_list":{"0":"post-20033","1":"product","2":"type-product","3":"status-publish","4":"has-post-thumbnail","6":"product_brand-mes-pochoirs","7":"product_cat-pochoirs-street-art","8":"product_cat-pochoirs-animaux","9":"product_cat-collections","10":"product_cat-spray-and-soul","11":"product_tag-art","12":"product_tag-artiste","13":"product_tag-artistique","14":"product_tag-creatif","15":"product_tag-engage","16":"product_tag-expression","17":"product_tag-graffiti","18":"product_tag-humoristique","19":"product_tag-message","20":"product_tag-militant","21":"product_tag-moderne","22":"product_tag-peinture","23":"product_tag-singe","25":"first","26":"instock","27":"taxable","28":"shipping-taxable","29":"purchasable","30":"product-type-variable","31":"has-default-attributes","32":"entry","33":"content-bg","34":"loop-entry"},"taxonomy_info":{"product_brand":[{"value":1415,"label":"Mes Pochoirs"}],"product_cat":[{"value":328,"label":"Street Art"},{"value":364,"label":"Animaux"},{"value":481,"label":"Collections"},{"value":1029,"label":"Spray and Soul"}],"product_tag":[{"value":439,"label":"art"},{"value":656,"label":"artiste"},{"value":689,"label":"artistique"},{"value":568,"label":"cr\u00e9atif"},{"value":1053,"label":"Engag\u00e9"},{"value":491,"label":"expression"},{"value":285,"label":"graffiti"},{"value":1075,"label":"humoristique"},{"value":275,"label":"message"},{"value":1109,"label":"militant"},{"value":675,"label":"moderne"},{"value":467,"label":"peinture"},{"value":664,"label":"singe"}]},"featured_image_src_large":["https:\/\/mes-pochoirs.com\/wp-content\/uploads\/2025\/01\/SA0050-pochoir-singe-militant-real-artist-copyright-mes-pochoirs-858x1030.jpg",858,1030,true],"author_info":[],"comment_info":0,"_links":{"self":[{"href":"https:\/\/mes-pochoirs.com\/es\/wp-json\/wp\/v2\/product\/20033","targetHints":{"allow":["GET"]}}],"collection":[{"href":"https:\/\/mes-pochoirs.com\/es\/wp-json\/wp\/v2\/product"}],"about":[{"href":"https:\/\/mes-pochoirs.com\/es\/wp-json\/wp\/v2\/types\/product"}],"replies":[{"embeddable":true,"href":"https:\/\/mes-pochoirs.com\/es\/wp-json\/wp\/v2\/comments?post=20033"}],"wp:featuredmedia":[{"embeddable":true,"href":"https:\/\/mes-pochoirs.com\/es\/wp-json\/wp\/v2\/media\/20077"}],"wp:attachment":[{"href":"https:\/\/mes-pochoirs.com\/es\/wp-json\/wp\/v2\/media?parent=20033"}],"wp:term":[{"taxonomy":"product_brand","embeddable":true,"href":"https:\/\/mes-pochoirs.com\/es\/wp-json\/wp\/v2\/product_brand?post=20033"},{"taxonomy":"product_cat","embeddable":true,"href":"https:\/\/mes-pochoirs.com\/es\/wp-json\/wp\/v2\/product_cat?post=20033"},{"taxonomy":"product_tag","embeddable":true,"href":"https:\/\/mes-pochoirs.com\/es\/wp-json\/wp\/v2\/product_tag?post=20033"}],"curies":[{"name":"wp","href":"https:\/\/api.w.org\/{rel}","templated":true}]}}