{"id":20039,"date":"2025-02-07T10:52:12","date_gmt":"2025-02-07T09:52:12","guid":{"rendered":"https:\/\/mes-pochoirs.com\/?post_type=product&#038;p=20039"},"modified":"2025-10-31T12:27:53","modified_gmt":"2025-10-31T11:27:53","slug":"plantilla-estatua-cibernetica-pv0014","status":"publish","type":"product","link":"https:\/\/mes-pochoirs.com\/es\/produit\/pochoir-cyber-statue-pv0014","title":{"rendered":"Cyber Statue Stencil - PV0014"},"content":{"rendered":"<p>Plantilla Cyber Statue<\/p>\n<h3>Una fusi\u00f3n de Antig\u00fcedad y Futurismo<\/h3>\n<p>Le <strong>Plantilla Cyber Statue<\/strong> representa una escultura antigua revisitada a trav\u00e9s del prisma de la tecnolog\u00eda moderna. El busto, inspirado en el arte grecorromano, est\u00e1 equipado con unos auriculares de realidad virtual y unos auriculares de audio futuristas, creando un sorprendente contraste entre la elegancia del pasado y la innovaci\u00f3n del futuro. La obra cuestiona nuestra relaci\u00f3n con la tecnolog\u00eda, la evoluci\u00f3n de la percepci\u00f3n art\u00edstica y el modo en que la tecnolog\u00eda digital moldea nuestra visi\u00f3n del mundo. Encarna el encuentro entre tradici\u00f3n y modernidad, ideal para los amantes del arte urbano y el dise\u00f1o visionario.<\/p>\n<h3>Dise\u00f1o moderno e impactante de arte callejero<\/h3>\n<p>Le <strong>Plantilla Cyber Statue<\/strong> se inspira en <strong>estilo street art<\/strong>Combina la delicadeza de las esculturas cl\u00e1sicas con las l\u00edneas futuristas de las tecnolog\u00edas actuales. Destaca cada detalle del busto, desde el drapeado hasta la textura del pelo, mientras que los accesorios de alta tecnolog\u00eda a\u00f1aden una dimensi\u00f3n vanguardista a lo visual. Este dise\u00f1o audaz y minimalista juega con las referencias art\u00edsticas cl\u00e1sicas al tiempo que le infunde un toque contempor\u00e1neo y digital. F\u00e1cil de aplicar a una gran variedad de superficies -paredes, lienzos, muebles o textiles- este <strong>plantilla art\u00edstica<\/strong> es perfecto para a\u00f1adir un toque futurista y original a sus creaciones. Tanto si es un artista urbano, un entusiasta de la tecnolog\u00eda o un fan del renovado estilo neocl\u00e1sico, este modelo a\u00f1adir\u00e1 una dimensi\u00f3n innovadora y llamativa a su arte. Exprese su creatividad y redefina los c\u00f3digos est\u00e9ticos con este <strong>Plantilla Cyber Statue<\/strong> !<\/p>","protected":false},"excerpt":{"rendered":"<p><strong>Plantilla Cyber Statue<\/strong> Concebido para pintar, pizarras y paredes. Reutilizables, de alta calidad y disponibles en varios tama\u00f1os para artistas.<\/p>","protected":false},"featured_media":20078,"comment_status":"open","ping_status":"closed","template":"","meta":{"bwfblock_default_font":"","_kad_blocks_custom_css":"","_kad_blocks_head_custom_js":"","_kad_blocks_body_custom_js":"","_kad_blocks_footer_custom_js":"","_kadence_starter_templates_imported_post":false,"_kad_post_transparent":"default","_kad_post_title":"","_kad_post_layout":"default","_kad_post_sidebar_id":"","_kad_post_content_style":"default","_kad_post_vertical_padding":"default","_kad_post_feature":"","_kad_post_feature_position":"","_kad_post_header":false,"_kad_post_footer":false,"_kad_post_classname":""},"product_brand":[1415],"product_cat":[36],"product_tag":[439,410,1094,1102,1095,1096,1098,398,750,1101,1097],"class_list":{"0":"post-20039","1":"product","2":"type-product","3":"status-publish","4":"has-post-thumbnail","6":"product_brand-mes-pochoirs","7":"product_cat-pochoirs-portraits-visages","8":"product_tag-art","9":"product_tag-casque","10":"product_tag-cyber","11":"product_tag-digital","12":"product_tag-futuriste","13":"product_tag-hightech","14":"product_tag-numerique","15":"product_tag-statue","16":"product_tag-technologie","17":"product_tag-virtuel","18":"product_tag-vr","20":"first","21":"instock","22":"taxable","23":"shipping-taxable","24":"purchasable","25":"product-type-variable","26":"has-default-attributes","27":"entry","28":"content-bg","29":"loop-entry"},"taxonomy_info":{"product_brand":[{"value":1415,"label":"Mes Pochoirs"}],"product_cat":[{"value":36,"label":"Portraits &amp; Visages"}],"product_tag":[{"value":439,"label":"art"},{"value":410,"label":"casque"},{"value":1094,"label":"cyber"},{"value":1102,"label":"digital"},{"value":1095,"label":"futuriste"},{"value":1096,"label":"hightech"},{"value":1098,"label":"num\u00e9rique"},{"value":398,"label":"statue"},{"value":750,"label":"technologie"},{"value":1101,"label":"virtuel"},{"value":1097,"label":"VR"}]},"featured_image_src_large":["https:\/\/mes-pochoirs.com\/wp-content\/uploads\/2025\/01\/PV0014-pochoir-cyber-statue-copyright-mes-pochoirs-858x1030.jpg",858,1030,true],"author_info":[],"comment_info":0,"_links":{"self":[{"href":"https:\/\/mes-pochoirs.com\/es\/wp-json\/wp\/v2\/product\/20039","targetHints":{"allow":["GET"]}}],"collection":[{"href":"https:\/\/mes-pochoirs.com\/es\/wp-json\/wp\/v2\/product"}],"about":[{"href":"https:\/\/mes-pochoirs.com\/es\/wp-json\/wp\/v2\/types\/product"}],"replies":[{"embeddable":true,"href":"https:\/\/mes-pochoirs.com\/es\/wp-json\/wp\/v2\/comments?post=20039"}],"wp:featuredmedia":[{"embeddable":true,"href":"https:\/\/mes-pochoirs.com\/es\/wp-json\/wp\/v2\/media\/20078"}],"wp:attachment":[{"href":"https:\/\/mes-pochoirs.com\/es\/wp-json\/wp\/v2\/media?parent=20039"}],"wp:term":[{"taxonomy":"product_brand","embeddable":true,"href":"https:\/\/mes-pochoirs.com\/es\/wp-json\/wp\/v2\/product_brand?post=20039"},{"taxonomy":"product_cat","embeddable":true,"href":"https:\/\/mes-pochoirs.com\/es\/wp-json\/wp\/v2\/product_cat?post=20039"},{"taxonomy":"product_tag","embeddable":true,"href":"https:\/\/mes-pochoirs.com\/es\/wp-json\/wp\/v2\/product_tag?post=20039"}],"curies":[{"name":"wp","href":"https:\/\/api.w.org\/{rel}","templated":true}]}}