{"id":20052,"date":"2025-02-07T10:52:12","date_gmt":"2025-02-07T09:52:12","guid":{"rendered":"https:\/\/mes-pochoirs.com\/?post_type=product&#038;p=20052"},"modified":"2026-02-26T15:15:41","modified_gmt":"2026-02-26T14:15:41","slug":"plantilla-estatua-vr-pv0015","status":"publish","type":"product","link":"https:\/\/mes-pochoirs.com\/es\/produit\/pochoir-statue-vr-pv0015","title":{"rendered":"Plantilla Estatua VR - PV0015"},"content":{"rendered":"<h2>Stencil Estatua VR<\/h2>\n<h3>Cuando la antig\u00fcedad se encuentra con el futuro<\/h3>\n<p>Le <strong>Plantilla Statue VR<\/strong> reinventa la escultura antigua con un atrevido toque moderno. Inspirada en los bustos grecorromanos, esta imagen revisitada combina la grandeza del pasado con la innovaci\u00f3n tecnol\u00f3gica en una forma nueva y m\u00e1s moderna. <strong>casco de realidad virtual<\/strong> y un <strong>auriculares futuristas<\/strong>. Esta fusi\u00f3n \u00fanica ilustra nuestra inmersi\u00f3n en la era digital y cuestiona nuestra cambiante percepci\u00f3n de la realidad. Este contraste entre tradici\u00f3n e innovaci\u00f3n transforma una figura atemporal en un icono del mundo digital, simbolizando la coexistencia de historia y modernidad.<\/p>\n<h3>Dise\u00f1o gr\u00e1fico de vanguardia<\/h3>\n<p>Le <strong>Plantilla Statue VR<\/strong> se inspira en <strong>arte callejero.<\/strong>\u00a0La combinaci\u00f3n de texturas cl\u00e1sicas y l\u00edneas futuristas crea un visual intrigante, perfecto para quienes desean incorporar un <strong>est\u00e9tica vanguardista e inmersiva<\/strong> a su trabajo. Su llamativo dise\u00f1o mezcla el pasado y el futuro para crear un impacto visual impactante. F\u00e1cil de aplicar sobre diversas superficies -paredes, lienzos, muebles o textiles-, este <strong>plantilla art\u00edstica<\/strong> es ideal para a\u00f1adir un toque de <strong>neocl\u00e1sico y alta tecnolog\u00eda<\/strong> a sus creaciones. Tanto si eres un entusiasta del arte urbano, un fan de la cultura pop futurista o un artista en busca de un potente visual, este modelo aportar\u00e1 una nueva dimensi\u00f3n a tu trabajo. <strong>una dimensi\u00f3n \u00fanica e inspiradora<\/strong> a sus creaciones. Experimente la combinaci\u00f3n de tradici\u00f3n e innovaci\u00f3n con este <strong>Plantilla Statue VR<\/strong> !<\/p>","protected":false},"excerpt":{"rendered":"<p><strong>Stencil Estatua VR<\/strong> Concebido para pintar, pizarras y paredes. Reutilizables, de alta calidad y disponibles en varios tama\u00f1os para artistas.<\/p>","protected":false},"featured_media":20079,"comment_status":"open","ping_status":"closed","template":"","meta":{"bwfblock_default_font":"","_kad_blocks_custom_css":"","_kad_blocks_head_custom_js":"","_kad_blocks_body_custom_js":"","_kad_blocks_footer_custom_js":"","_kadence_starter_templates_imported_post":false,"_kad_post_transparent":"default","_kad_post_title":"","_kad_post_layout":"default","_kad_post_sidebar_id":"","_kad_post_content_style":"default","_kad_post_vertical_padding":"default","_kad_post_feature":"","_kad_post_feature_position":"","_kad_post_header":false,"_kad_post_footer":false,"_kad_post_classname":""},"product_brand":[1415],"product_cat":[36],"product_tag":[439,410,1094,1102,1095,1096,675,1098,1104,398,750,1101,1097],"class_list":{"0":"post-20052","1":"product","2":"type-product","3":"status-publish","4":"has-post-thumbnail","6":"product_brand-mes-pochoirs","7":"product_cat-pochoirs-portraits-visages","8":"product_tag-art","9":"product_tag-casque","10":"product_tag-cyber","11":"product_tag-digital","12":"product_tag-futuriste","13":"product_tag-hightech","14":"product_tag-moderne","15":"product_tag-numerique","16":"product_tag-revolutionnaire","17":"product_tag-statue","18":"product_tag-technologie","19":"product_tag-virtuel","20":"product_tag-vr","22":"first","23":"instock","24":"taxable","25":"shipping-taxable","26":"purchasable","27":"product-type-variable","28":"entry","29":"content-bg","30":"loop-entry"},"taxonomy_info":{"product_brand":[{"value":1415,"label":"Mes Pochoirs"}],"product_cat":[{"value":36,"label":"Portraits &amp; Visages"}],"product_tag":[{"value":439,"label":"art"},{"value":410,"label":"casque"},{"value":1094,"label":"cyber"},{"value":1102,"label":"digital"},{"value":1095,"label":"futuriste"},{"value":1096,"label":"hightech"},{"value":675,"label":"moderne"},{"value":1098,"label":"num\u00e9rique"},{"value":1104,"label":"r\u00e9volutionnaire"},{"value":398,"label":"statue"},{"value":750,"label":"technologie"},{"value":1101,"label":"virtuel"},{"value":1097,"label":"VR"}]},"featured_image_src_large":["https:\/\/mes-pochoirs.com\/wp-content\/uploads\/2025\/01\/PV0015-pochoir-statue-vr-copyright-mes-pochoirs-858x1030.jpg",858,1030,true],"author_info":[],"comment_info":1,"_links":{"self":[{"href":"https:\/\/mes-pochoirs.com\/es\/wp-json\/wp\/v2\/product\/20052","targetHints":{"allow":["GET"]}}],"collection":[{"href":"https:\/\/mes-pochoirs.com\/es\/wp-json\/wp\/v2\/product"}],"about":[{"href":"https:\/\/mes-pochoirs.com\/es\/wp-json\/wp\/v2\/types\/product"}],"replies":[{"embeddable":true,"href":"https:\/\/mes-pochoirs.com\/es\/wp-json\/wp\/v2\/comments?post=20052"}],"wp:featuredmedia":[{"embeddable":true,"href":"https:\/\/mes-pochoirs.com\/es\/wp-json\/wp\/v2\/media\/20079"}],"wp:attachment":[{"href":"https:\/\/mes-pochoirs.com\/es\/wp-json\/wp\/v2\/media?parent=20052"}],"wp:term":[{"taxonomy":"product_brand","embeddable":true,"href":"https:\/\/mes-pochoirs.com\/es\/wp-json\/wp\/v2\/product_brand?post=20052"},{"taxonomy":"product_cat","embeddable":true,"href":"https:\/\/mes-pochoirs.com\/es\/wp-json\/wp\/v2\/product_cat?post=20052"},{"taxonomy":"product_tag","embeddable":true,"href":"https:\/\/mes-pochoirs.com\/es\/wp-json\/wp\/v2\/product_tag?post=20052"}],"curies":[{"name":"wp","href":"https:\/\/api.w.org\/{rel}","templated":true}]}}