{"id":20186,"date":"2025-02-07T10:52:14","date_gmt":"2025-02-07T09:52:14","guid":{"rendered":"https:\/\/mes-pochoirs.com\/?post_type=product&#038;p=20186"},"modified":"2025-10-31T12:27:59","modified_gmt":"2025-10-31T11:27:59","slug":"plantilla-chaqueta-paloma-capucha-sa0051","status":"publish","type":"product","link":"https:\/\/mes-pochoirs.com\/es\/produit\/pochoir-pigeon-veste-capuche-sa0051","title":{"rendered":"Plantilla Paloma con capucha - SA0051"},"content":{"rendered":"<h2>Chaqueta con capucha Pigeon Stencil<\/h2>\n<h3>Fusi\u00f3n de naturaleza y cultura callejera<\/h3>\n<p><strong>Esta chaqueta con capucha Pigeon Stencil<\/strong>es m\u00e1s que un dise\u00f1o: es una declaraci\u00f3n art\u00edstica. Este dise\u00f1o \u00fanico presenta una paloma, un ave urbana emblem\u00e1tica, que lleva una chaqueta con capucha que le da un aspecto misterioso y asertivo. Encarna el esp\u00edritu urbano de libertad, resistencia y rebeld\u00eda. Este animal, a menudo visto como un simple habitante de la metr\u00f3poli, se convierte aqu\u00ed en un personaje central, casi humano, que recuerda a las figuras callejeras que observan el mundo con una elegante distancia.<\/p>\n<h3>Un mensaje fuerte para una creaci\u00f3n poderosa<\/h3>\n<p><strong>Chaqueta con capucha The Pigeon Stencil<\/strong> es una herramienta ideal para quienes quieren dar car\u00e1cter a su trabajo. Da que pensar: \u00bfes una cr\u00edtica al mundo urbano, un homenaje al streetwear o un gui\u00f1o a la cultura underground? Cada uno puede ver su propia historia, su propio mensaje. Esta plantilla es para los que quieren expresar un punto de vista \u00fanico, crear un fuerte impacto visual y captar la atenci\u00f3n con un dise\u00f1o que sea a la vez original y evocador.<\/p>","protected":false},"excerpt":{"rendered":"<p><strong>Chaqueta con capucha Pigeon Stencil <\/strong>Alta calidad, perfecto para personalizar sus obras de arte, cuadros y decoraciones. Reutilizables, reversibles, varios tama\u00f1os.<\/p>","protected":false},"featured_media":20285,"comment_status":"open","ping_status":"closed","template":"","meta":{"bwfblock_default_font":"","_kad_blocks_custom_css":"","_kad_blocks_head_custom_js":"","_kad_blocks_body_custom_js":"","_kad_blocks_footer_custom_js":"","_kadence_starter_templates_imported_post":false,"_kad_post_transparent":"default","_kad_post_title":"","_kad_post_layout":"default","_kad_post_sidebar_id":"","_kad_post_content_style":"default","_kad_post_vertical_padding":"default","_kad_post_feature":"","_kad_post_feature_position":"","_kad_post_header":false,"_kad_post_footer":false,"_kad_post_classname":""},"product_brand":[1415],"product_cat":[328,364,481,1029],"product_tag":[439,1117,285,1027,327,1118,286,1116],"class_list":{"0":"post-20186","1":"product","2":"type-product","3":"status-publish","4":"has-post-thumbnail","6":"product_brand-mes-pochoirs","7":"product_cat-pochoirs-street-art","8":"product_cat-pochoirs-animaux","9":"product_cat-collections","10":"product_cat-spray-and-soul","11":"product_tag-art","12":"product_tag-capuche","13":"product_tag-graffiti","14":"product_tag-pigeon","15":"product_tag-street-art","16":"product_tag-streetwear","17":"product_tag-urbain","18":"product_tag-veste","20":"first","21":"instock","22":"taxable","23":"shipping-taxable","24":"purchasable","25":"product-type-variable","26":"has-default-attributes","27":"entry","28":"content-bg","29":"loop-entry"},"taxonomy_info":{"product_brand":[{"value":1415,"label":"Mes Pochoirs"}],"product_cat":[{"value":328,"label":"Street Art"},{"value":364,"label":"Animaux"},{"value":481,"label":"Collections"},{"value":1029,"label":"Spray and Soul"}],"product_tag":[{"value":439,"label":"art"},{"value":1117,"label":"capuche"},{"value":285,"label":"graffiti"},{"value":1027,"label":"pigeon"},{"value":327,"label":"street art"},{"value":1118,"label":"streetwear"},{"value":286,"label":"urbain"},{"value":1116,"label":"veste"}]},"featured_image_src_large":["https:\/\/mes-pochoirs.com\/wp-content\/uploads\/2025\/02\/SA0051-pochoir-pigeon-veste-copyright-mes-pochoirs-858x1030.jpg",858,1030,true],"author_info":[],"comment_info":0,"_links":{"self":[{"href":"https:\/\/mes-pochoirs.com\/es\/wp-json\/wp\/v2\/product\/20186","targetHints":{"allow":["GET"]}}],"collection":[{"href":"https:\/\/mes-pochoirs.com\/es\/wp-json\/wp\/v2\/product"}],"about":[{"href":"https:\/\/mes-pochoirs.com\/es\/wp-json\/wp\/v2\/types\/product"}],"replies":[{"embeddable":true,"href":"https:\/\/mes-pochoirs.com\/es\/wp-json\/wp\/v2\/comments?post=20186"}],"wp:featuredmedia":[{"embeddable":true,"href":"https:\/\/mes-pochoirs.com\/es\/wp-json\/wp\/v2\/media\/20285"}],"wp:attachment":[{"href":"https:\/\/mes-pochoirs.com\/es\/wp-json\/wp\/v2\/media?parent=20186"}],"wp:term":[{"taxonomy":"product_brand","embeddable":true,"href":"https:\/\/mes-pochoirs.com\/es\/wp-json\/wp\/v2\/product_brand?post=20186"},{"taxonomy":"product_cat","embeddable":true,"href":"https:\/\/mes-pochoirs.com\/es\/wp-json\/wp\/v2\/product_cat?post=20186"},{"taxonomy":"product_tag","embeddable":true,"href":"https:\/\/mes-pochoirs.com\/es\/wp-json\/wp\/v2\/product_tag?post=20186"}],"curies":[{"name":"wp","href":"https:\/\/api.w.org\/{rel}","templated":true}]}}