{"id":20399,"date":"2025-03-13T10:13:49","date_gmt":"2025-03-13T09:13:49","guid":{"rendered":"https:\/\/mes-pochoirs.com\/?post_type=product&#038;p=20399"},"modified":"2025-10-31T12:28:15","modified_gmt":"2025-10-31T11:28:15","slug":"plantilla-cabeza-de-leon-salvaje-a0063","status":"publish","type":"product","link":"https:\/\/mes-pochoirs.com\/es\/produit\/pochoir-tete-lion-sauvage-a0063","title":{"rendered":"Plantilla Cabeza de Le\u00f3n Salvaje - A0063"},"content":{"rendered":"<h2>Plantilla de cabeza de le\u00f3n salvaje\u00a0<\/h2>\n<h3>Una expresi\u00f3n de fuerza y majestad<\/h3>\n<p>Sum\u00e9rgete en el mundo del poder y la nobleza con este <strong>Plantilla de cabeza de le\u00f3n salvaje<\/strong>. Este llamativo modelo capta la esencia misma del rey de los animales: una mirada penetrante, una melena imponente y una presencia indomable. El le\u00f3n encarna la fuerza, el valor y la libertad, valores atemporales que resuenan en toda su imagen. Con esta plantilla, podr\u00e1s infundir un sentido de libertad a tus creaciones. <strong>energ\u00eda bruta y carisma natural<\/strong>perfecta para expresar una fuerte personalidad y un poderoso mensaje. Tanto si est\u00e1 trabajando en un audaz proyecto decorativo, en un cautivador mural de pared o en un textil de estilo \u00fanico, esta plantilla le ayudar\u00e1 a transformar cualquier superficie en un... <strong>una obra expresiva e impactante<\/strong>. Su dise\u00f1o, a la vez realista y elegante, lo convierte en una opci\u00f3n ideal para artistas y dise\u00f1adores que deseen dar vida a sus obras. <strong>un toque salvaje y poderoso a sus creaciones<\/strong>.<\/p>\n<h3>Dise\u00f1o impactante y art\u00edstico<\/h3>\n<p>Este <strong>Plantilla de cabeza de le\u00f3n salvaje<\/strong> se distingue por su estilo din\u00e1mico y moderno, que combina <strong>abstracci\u00f3n y realismo<\/strong>. Sus l\u00edneas cinceladas y estalladas dan un sorprendente efecto de movimiento, como si el le\u00f3n cobrara vida bajo tus pinceladas o tu spray. Cada detalle est\u00e1 pensado para crear un efecto visual intenso, capaz de cautivar la mirada e imponer un aut\u00e9ntico sentido del estilo. <strong>presencia art\u00edstica<\/strong> a su trabajo. Gracias a su minucioso recorte y al perfecto equilibrio entre las zonas s\u00f3lidas y las caladas, esta plantilla garantizar\u00e1 que su trabajo tenga tan buen aspecto como parece. <strong>potente efecto gr\u00e1fico<\/strong> y f\u00e1cil de aplicar sobre diversas superficies: pared, lienzo, madera, textil o incluso muebles. Esto lo convierte en un <strong>herramienta inspiradora<\/strong> para expresar tu creatividad sin l\u00edmites. Tanto si eres un artista entusiasta, un decorador o un entusiasta del bricolaje, esta plantilla es una invitaci\u00f3n a <strong>atr\u00e9vete a experimentar y a afirmar tu estilo<\/strong> a trav\u00e9s de una creaci\u00f3n poderosa y original.<\/p>\n<p>A\u00f1adir un <strong>una huella salvaje y majestuosa<\/strong> a tus creaciones con esta plantilla \u00fanica, \u00a1y deja volar tu imaginaci\u00f3n!<\/p>","protected":false},"excerpt":{"rendered":"<p><strong>Plantilla de cabeza de le\u00f3n salvaje,<\/strong> perfecto para dar vida a sus obras de arte Reutilizables, reversibles y disponibles en varios tama\u00f1os para un efecto \u00fanico.<\/p>","protected":false},"featured_media":20396,"comment_status":"open","ping_status":"closed","template":"","meta":{"bwfblock_default_font":"","_kad_blocks_custom_css":"","_kad_blocks_head_custom_js":"","_kad_blocks_body_custom_js":"","_kad_blocks_footer_custom_js":"","_kadence_starter_templates_imported_post":false,"_kad_post_transparent":"default","_kad_post_title":"","_kad_post_layout":"default","_kad_post_sidebar_id":"","_kad_post_content_style":"default","_kad_post_vertical_padding":"default","_kad_post_feature":"","_kad_post_feature_position":"","_kad_post_header":false,"_kad_post_footer":false,"_kad_post_classname":""},"product_brand":[1415],"product_cat":[618,364],"product_tag":[694,366,1135,666,927,667,1133,1134,452],"class_list":{"0":"post-20399","1":"product","2":"type-product","3":"status-publish","4":"has-post-thumbnail","6":"product_brand-mes-pochoirs","7":"product_cat-pochoirs-paysages","8":"product_cat-pochoirs-animaux","9":"product_tag-abstrait","10":"product_tag-animaux","11":"product_tag-charisme","12":"product_tag-felin","13":"product_tag-force","14":"product_tag-lion","15":"product_tag-majestueux","16":"product_tag-puissant","17":"product_tag-sauvage","19":"first","20":"instock","21":"taxable","22":"shipping-taxable","23":"purchasable","24":"product-type-variable","25":"entry","26":"content-bg","27":"loop-entry"},"taxonomy_info":{"product_brand":[{"value":1415,"label":"Mes Pochoirs"}],"product_cat":[{"value":618,"label":"Paysages"},{"value":364,"label":"Animaux"}],"product_tag":[{"value":694,"label":"abstrait"},{"value":366,"label":"animaux"},{"value":1135,"label":"charisme"},{"value":666,"label":"f\u00e9lin"},{"value":927,"label":"force"},{"value":667,"label":"lion"},{"value":1133,"label":"majestueux"},{"value":1134,"label":"puissant"},{"value":452,"label":"sauvage"}]},"featured_image_src_large":["https:\/\/mes-pochoirs.com\/wp-content\/uploads\/2025\/02\/A0063-pochoir-tete-lion-copyright-mes-pochoirs-858x1030.jpg",858,1030,true],"author_info":[],"comment_info":0,"_links":{"self":[{"href":"https:\/\/mes-pochoirs.com\/es\/wp-json\/wp\/v2\/product\/20399","targetHints":{"allow":["GET"]}}],"collection":[{"href":"https:\/\/mes-pochoirs.com\/es\/wp-json\/wp\/v2\/product"}],"about":[{"href":"https:\/\/mes-pochoirs.com\/es\/wp-json\/wp\/v2\/types\/product"}],"replies":[{"embeddable":true,"href":"https:\/\/mes-pochoirs.com\/es\/wp-json\/wp\/v2\/comments?post=20399"}],"wp:featuredmedia":[{"embeddable":true,"href":"https:\/\/mes-pochoirs.com\/es\/wp-json\/wp\/v2\/media\/20396"}],"wp:attachment":[{"href":"https:\/\/mes-pochoirs.com\/es\/wp-json\/wp\/v2\/media?parent=20399"}],"wp:term":[{"taxonomy":"product_brand","embeddable":true,"href":"https:\/\/mes-pochoirs.com\/es\/wp-json\/wp\/v2\/product_brand?post=20399"},{"taxonomy":"product_cat","embeddable":true,"href":"https:\/\/mes-pochoirs.com\/es\/wp-json\/wp\/v2\/product_cat?post=20399"},{"taxonomy":"product_tag","embeddable":true,"href":"https:\/\/mes-pochoirs.com\/es\/wp-json\/wp\/v2\/product_tag?post=20399"}],"curies":[{"name":"wp","href":"https:\/\/api.w.org\/{rel}","templated":true}]}}