{"id":20409,"date":"2025-03-13T10:13:49","date_gmt":"2025-03-13T09:13:49","guid":{"rendered":"https:\/\/mes-pochoirs.com\/?post_type=product&#038;p=20409"},"modified":"2025-10-31T12:29:17","modified_gmt":"2025-10-31T11:29:17","slug":"plantilla-artistica-cabeza-de-leon-a0064","status":"publish","type":"product","link":"https:\/\/mes-pochoirs.com\/es\/produit\/pochoir-tete-lion-artistique-a0064","title":{"rendered":"Plantilla Art\u00edstica Cabeza de Le\u00f3n- A0064"},"content":{"rendered":"<h2>Plantilla art\u00edstica con cabeza de le\u00f3n<\/h2>\n<h3>El emblema del rey de los animales, s\u00edmbolo de fuerza y majestuosidad<\/h3>\n<p><strong>Plantilla art\u00edstica con cabeza de le\u00f3n<\/strong> te invita a capturar todo el poder y la nobleza de este m\u00edtico animal. Su mirada penetrante y su expresi\u00f3n feroz infunden una energ\u00eda \u00fanica a tus creaciones. Cada detalle de su crin parece animado por el viento, creando una impresi\u00f3n de movimiento y fuerza bruta. Esta plantilla es mucho m\u00e1s que un simple motivo: es una invitaci\u00f3n a expresar tu creatividad. <strong>determinaci\u00f3n, poder y libertad<\/strong> a trav\u00e9s de su arte. Ya sea en una pared, un lienzo o un mueble, a\u00f1adir\u00e1 un aura impresionante e inspiradora a tu decoraci\u00f3n.<\/p>\n<h3>Un estilo art\u00edstico expresivo para creaciones impactantes<\/h3>\n<p><strong>Plantilla art\u00edstica con cabeza de le\u00f3n<\/strong> se distingue por un dise\u00f1o a la vez crudo y refinado. Inspirado en las t\u00e9cnicas del arte callejero y la ilustraci\u00f3n moderna, juega con los contrastes entre l\u00edneas estallantes, ara\u00f1azos din\u00e1micos y trazos delicados para conseguir un llamativo efecto de relieve. Esta mezcla de abstracci\u00f3n y realismo confiere a su obra una fuerte identidad, ideal para entornos urbanos, contempor\u00e1neos o tribales. F\u00e1cil de usar, esta plantilla le permite personalizar sus superficies en un abrir y cerrar de ojos y a\u00f1adir un toque de clase. <strong>un toque salvaje y art\u00edstico<\/strong> a tus creaciones.<\/p>\n<p>D\u00e9 rienda suelta a su imaginaci\u00f3n y convierta cada proyecto en una obra de arte poderosa e inspiradora con esta plantilla \u00fanica.<\/p>","protected":false},"excerpt":{"rendered":"<p><strong>Plantilla art\u00edstica con cabeza de le\u00f3n<\/strong> para personalizar tus obras de arte. Reutilizables y reversibles, perfectos para cuadros y decoraciones.<\/p>","protected":false},"featured_media":20397,"comment_status":"open","ping_status":"closed","template":"","meta":{"bwfblock_default_font":"","_kad_blocks_custom_css":"","_kad_blocks_head_custom_js":"","_kad_blocks_body_custom_js":"","_kad_blocks_footer_custom_js":"","_kadence_starter_templates_imported_post":false,"_kad_post_transparent":"default","_kad_post_title":"","_kad_post_layout":"default","_kad_post_sidebar_id":"","_kad_post_content_style":"default","_kad_post_vertical_padding":"default","_kad_post_feature":"","_kad_post_feature_position":"","_kad_post_header":false,"_kad_post_footer":false,"_kad_post_classname":""},"product_brand":[1415],"product_cat":[364],"product_tag":[366,1135,666,927,667,1133,1134,452],"class_list":{"0":"post-20409","1":"product","2":"type-product","3":"status-publish","4":"has-post-thumbnail","6":"product_brand-mes-pochoirs","7":"product_cat-pochoirs-animaux","8":"product_tag-animaux","9":"product_tag-charisme","10":"product_tag-felin","11":"product_tag-force","12":"product_tag-lion","13":"product_tag-majestueux","14":"product_tag-puissant","15":"product_tag-sauvage","17":"first","18":"instock","19":"taxable","20":"shipping-taxable","21":"purchasable","22":"product-type-variable","23":"has-default-attributes","24":"entry","25":"content-bg","26":"loop-entry"},"taxonomy_info":{"product_brand":[{"value":1415,"label":"Mes Pochoirs"}],"product_cat":[{"value":364,"label":"Animaux"}],"product_tag":[{"value":366,"label":"animaux"},{"value":1135,"label":"charisme"},{"value":666,"label":"f\u00e9lin"},{"value":927,"label":"force"},{"value":667,"label":"lion"},{"value":1133,"label":"majestueux"},{"value":1134,"label":"puissant"},{"value":452,"label":"sauvage"}]},"featured_image_src_large":["https:\/\/mes-pochoirs.com\/wp-content\/uploads\/2025\/02\/A0064-pochoir-tete-lion-copyright-mes-pochoirs-858x1030.jpg",858,1030,true],"author_info":[],"comment_info":0,"_links":{"self":[{"href":"https:\/\/mes-pochoirs.com\/es\/wp-json\/wp\/v2\/product\/20409","targetHints":{"allow":["GET"]}}],"collection":[{"href":"https:\/\/mes-pochoirs.com\/es\/wp-json\/wp\/v2\/product"}],"about":[{"href":"https:\/\/mes-pochoirs.com\/es\/wp-json\/wp\/v2\/types\/product"}],"replies":[{"embeddable":true,"href":"https:\/\/mes-pochoirs.com\/es\/wp-json\/wp\/v2\/comments?post=20409"}],"wp:featuredmedia":[{"embeddable":true,"href":"https:\/\/mes-pochoirs.com\/es\/wp-json\/wp\/v2\/media\/20397"}],"wp:attachment":[{"href":"https:\/\/mes-pochoirs.com\/es\/wp-json\/wp\/v2\/media?parent=20409"}],"wp:term":[{"taxonomy":"product_brand","embeddable":true,"href":"https:\/\/mes-pochoirs.com\/es\/wp-json\/wp\/v2\/product_brand?post=20409"},{"taxonomy":"product_cat","embeddable":true,"href":"https:\/\/mes-pochoirs.com\/es\/wp-json\/wp\/v2\/product_cat?post=20409"},{"taxonomy":"product_tag","embeddable":true,"href":"https:\/\/mes-pochoirs.com\/es\/wp-json\/wp\/v2\/product_tag?post=20409"}],"curies":[{"name":"wp","href":"https:\/\/api.w.org\/{rel}","templated":true}]}}