{"id":20454,"date":"2025-02-13T11:17:40","date_gmt":"2025-02-13T10:17:40","guid":{"rendered":"https:\/\/mes-pochoirs.com\/?post_type=product&#038;p=20454"},"modified":"2025-10-31T12:29:25","modified_gmt":"2025-10-31T11:29:25","slug":"plantilla-para-labios-estilo-graffiti-pgl005","status":"publish","type":"product","link":"https:\/\/mes-pochoirs.com\/es\/produit\/pochoir-levres-style-graffiti-pgl005","title":{"rendered":"Plantilla Labios Estilo Graffiti - PGL005"},"content":{"rendered":"<h2>Plantilla de labios estilo graffiti<\/h2>\n<h3>Expresi\u00f3n audaz y rebelde<\/h3>\n<p>Sum\u00e9rjase en el mundo del arte callejero con este <strong>plantilla para labios estilo graffiti<\/strong>\u00a1toda una declaraci\u00f3n art\u00edstica! Esta boca entreabierta, de contornos sensuales y expresivos, evoca una actitud a la vez provocativa y misteriosa. Cada detalle, desde las curvas carnosas hasta los sutiles reflejos de luz, aporta volumen y car\u00e1cter a esta composici\u00f3n \u00fanica. Pero lo que m\u00e1s llama la atenci\u00f3n son las gotas de pintura que parecen prolongar el movimiento de los labios, como una palabra que se extiende en el espacio, una idea que se niega a ser contenida. Esta plantilla no es un simple motivo, es un s\u00edmbolo de libertad, expresi\u00f3n y audacia. Se dirigir\u00e1 a las mentes creativas que deseen afirmar un mensaje fuerte en su trabajo, jugando con la sensualidad y el poder del lenguaje visual.<\/p>\n<h3>Un dise\u00f1o impactante para un efecto de arte callejero<\/h3>\n<p>Con su llamativa est\u00e9tica, este <strong>plantilla para labios estilo graffiti<\/strong> forma parte de un universo gr\u00e1fico moderno y urbano. Inspirado en el mundo del graffiti y el arte pop, combina una l\u00ednea limpia y precisa con un efecto de goteo que recuerda a los murales contempor\u00e1neos. Su dise\u00f1o es ideal para crear un fuerte impacto visual sobre un lienzo, una pared o incluso un textil. Esta plantilla es una herramienta vers\u00e1til para la expresi\u00f3n art\u00edstica, perfecta para los aficionados a la personalizaci\u00f3n y la decoraci\u00f3n de arte callejero. Tanto si est\u00e1s trabajando en un fresco din\u00e1mico, un proyecto de bricolaje o un proyecto de personalizaci\u00f3n puntual, podr\u00e1s a\u00f1adir un toque vibrante e impactante a tus creaciones. Con \u00e9l, \u00a1cada obra de arte se convierte en una declaraci\u00f3n!<\/p>\n<p>Expresa tu estilo con esta inspiradora plantilla y da vida a tus ideas m\u00e1s atrevidas.<\/p>","protected":false},"excerpt":{"rendered":"<p><strong>Plantilla para labios estilo graffiti<\/strong> Reutilizables, ideales para pintar y personalizar cuadros. Alta calidad, varios tama\u00f1os disponibles.<\/p>","protected":false},"featured_media":20553,"comment_status":"open","ping_status":"closed","template":"","meta":{"bwfblock_default_font":"","_kad_blocks_custom_css":"","_kad_blocks_head_custom_js":"","_kad_blocks_body_custom_js":"","_kad_blocks_footer_custom_js":"","_kadence_starter_templates_imported_post":false,"_kad_post_transparent":"default","_kad_post_title":"","_kad_post_layout":"default","_kad_post_sidebar_id":"","_kad_post_content_style":"default","_kad_post_vertical_padding":"default","_kad_post_feature":"","_kad_post_feature_position":"","_kad_post_header":false,"_kad_post_footer":false,"_kad_post_classname":""},"product_brand":[1415],"product_cat":[1137,485,481,36],"product_tag":[689,494,489,147,692,359,739,1136,333,327,286,338],"class_list":{"0":"post-20454","1":"product","2":"type-product","3":"status-publish","4":"has-post-thumbnail","6":"product_brand-mes-pochoirs","7":"product_cat-pop-graffiti-lips","8":"product_cat-close-up","9":"product_cat-collections","10":"product_cat-pochoirs-portraits-visages","11":"product_tag-artistique","12":"product_tag-bouche","13":"product_tag-close-up","14":"product_tag-design","15":"product_tag-expressif","16":"product_tag-femme","17":"product_tag-graphique","18":"product_tag-levres","19":"product_tag-pop-art","20":"product_tag-street-art","21":"product_tag-urbain","22":"product_tag-visage","24":"first","25":"instock","26":"taxable","27":"shipping-taxable","28":"purchasable","29":"product-type-variable","30":"has-default-attributes","31":"entry","32":"content-bg","33":"loop-entry"},"taxonomy_info":{"product_brand":[{"value":1415,"label":"Mes Pochoirs"}],"product_cat":[{"value":1137,"label":"Pop Graffiti Lips"},{"value":485,"label":"Close-Up"},{"value":481,"label":"Collections"},{"value":36,"label":"Portraits &amp; Visages"}],"product_tag":[{"value":689,"label":"artistique"},{"value":494,"label":"bouche"},{"value":489,"label":"Close-Up"},{"value":147,"label":"Design"},{"value":692,"label":"expressif"},{"value":359,"label":"femme"},{"value":739,"label":"graphique"},{"value":1136,"label":"l\u00e8vres"},{"value":333,"label":"pop art"},{"value":327,"label":"street art"},{"value":286,"label":"urbain"},{"value":338,"label":"visage"}]},"featured_image_src_large":["https:\/\/mes-pochoirs.com\/wp-content\/uploads\/2025\/02\/PGL005-pochoir-close-up-levres-copyright-mes-pochoirs-858x1030.jpg",858,1030,true],"author_info":[],"comment_info":0,"_links":{"self":[{"href":"https:\/\/mes-pochoirs.com\/es\/wp-json\/wp\/v2\/product\/20454","targetHints":{"allow":["GET"]}}],"collection":[{"href":"https:\/\/mes-pochoirs.com\/es\/wp-json\/wp\/v2\/product"}],"about":[{"href":"https:\/\/mes-pochoirs.com\/es\/wp-json\/wp\/v2\/types\/product"}],"replies":[{"embeddable":true,"href":"https:\/\/mes-pochoirs.com\/es\/wp-json\/wp\/v2\/comments?post=20454"}],"wp:featuredmedia":[{"embeddable":true,"href":"https:\/\/mes-pochoirs.com\/es\/wp-json\/wp\/v2\/media\/20553"}],"wp:attachment":[{"href":"https:\/\/mes-pochoirs.com\/es\/wp-json\/wp\/v2\/media?parent=20454"}],"wp:term":[{"taxonomy":"product_brand","embeddable":true,"href":"https:\/\/mes-pochoirs.com\/es\/wp-json\/wp\/v2\/product_brand?post=20454"},{"taxonomy":"product_cat","embeddable":true,"href":"https:\/\/mes-pochoirs.com\/es\/wp-json\/wp\/v2\/product_cat?post=20454"},{"taxonomy":"product_tag","embeddable":true,"href":"https:\/\/mes-pochoirs.com\/es\/wp-json\/wp\/v2\/product_tag?post=20454"}],"curies":[{"name":"wp","href":"https:\/\/api.w.org\/{rel}","templated":true}]}}