{"id":20468,"date":"2025-02-13T11:17:40","date_gmt":"2025-02-13T10:17:40","guid":{"rendered":"https:\/\/mes-pochoirs.com\/?post_type=product&#038;p=20468"},"modified":"2025-10-31T12:29:27","modified_gmt":"2025-10-31T11:29:27","slug":"glamour-lip-stencil-pgl002","status":"publish","type":"product","link":"https:\/\/mes-pochoirs.com\/es\/produit\/pochoir-levres-glamour-pgl002","title":{"rendered":"Plantilla Labios Glamour - PGL002"},"content":{"rendered":"<h2>Plantilla Labios Glamour<\/h2>\n<h3>Un paladar cautivador y expresivo<\/h3>\n<p>Da rienda suelta a tu creatividad con este <strong>Plantilla Labios Glamour<\/strong>Una atrevida invitaci\u00f3n a la expresi\u00f3n art\u00edstica. Esta boca entreabierta, de labios carnosos, capta una energ\u00eda sensual. Evoca seducci\u00f3n y confianza. Gracias a sus minuciosos detalles, este dise\u00f1o da una impresi\u00f3n de movimiento e intensidad, perfecta para creaciones llamativas y modernas. Tanto si desea dar un toque de glamour a una pared, personalizar un tejido o crear una obra original sobre lienzo, esta plantilla le permitir\u00e1 expresar una actitud asertiva y contempor\u00e1nea. Cada l\u00ednea, cada detalle, est\u00e1 pensado para realzar su composici\u00f3n y dar car\u00e1cter a su proyecto.<\/p>\n<h3>Un llamativo estilo de arte callejero<\/h3>\n<p>Inspirado por <strong>arte callejero<\/strong> y <strong>arte pop<\/strong>este <strong>Plantilla Labios Glamour<\/strong> forma parte de una est\u00e9tica moderna y urbana. Con esta plantilla, cualquier artista -aficionado o experimentado- puede jugar con los colores y las texturas para crear una obra de arte \u00fanica. Aplicada sobre una pared, un lienzo o un mueble, transforma instant\u00e1neamente el espacio aport\u00e1ndole un fuerte toque art\u00edstico. Una herramienta esencial para quienes desean transmitir un mensaje contundente y causar una impresi\u00f3n duradera a trav\u00e9s de su arte.<\/p>\n<p>A\u00f1ade esto <strong>Plantilla Labios Glamour<\/strong> \u00a1a su colecci\u00f3n y d\u00e9 rienda suelta a su imaginaci\u00f3n!<\/p>","protected":false},"excerpt":{"rendered":"<p><strong data-start=\"1620\" data-end=\"1646\">Plantilla Labios Glamour<\/strong>La herramienta perfecta para artistas y decoradores. Pinta en paredes, lienzos o madera con esta plantilla precisa y reutilizable.<\/p>","protected":false},"featured_media":20550,"comment_status":"open","ping_status":"closed","template":"","meta":{"bwfblock_default_font":"","_kad_blocks_custom_css":"","_kad_blocks_head_custom_js":"","_kad_blocks_body_custom_js":"","_kad_blocks_footer_custom_js":"","_kadence_starter_templates_imported_post":false,"_kad_post_transparent":"default","_kad_post_title":"","_kad_post_layout":"default","_kad_post_sidebar_id":"","_kad_post_content_style":"default","_kad_post_vertical_padding":"default","_kad_post_feature":"","_kad_post_feature_position":"","_kad_post_header":false,"_kad_post_footer":false,"_kad_post_classname":""},"product_brand":[1415],"product_cat":[1137,485,481,36],"product_tag":[689,494,489,147,692,359,739,1136,333,327,286,338],"class_list":{"0":"post-20468","1":"product","2":"type-product","3":"status-publish","4":"has-post-thumbnail","6":"product_brand-mes-pochoirs","7":"product_cat-pop-graffiti-lips","8":"product_cat-close-up","9":"product_cat-collections","10":"product_cat-pochoirs-portraits-visages","11":"product_tag-artistique","12":"product_tag-bouche","13":"product_tag-close-up","14":"product_tag-design","15":"product_tag-expressif","16":"product_tag-femme","17":"product_tag-graphique","18":"product_tag-levres","19":"product_tag-pop-art","20":"product_tag-street-art","21":"product_tag-urbain","22":"product_tag-visage","24":"first","25":"instock","26":"taxable","27":"shipping-taxable","28":"purchasable","29":"product-type-variable","30":"has-default-attributes","31":"entry","32":"content-bg","33":"loop-entry"},"taxonomy_info":{"product_brand":[{"value":1415,"label":"Mes Pochoirs"}],"product_cat":[{"value":1137,"label":"Pop Graffiti Lips"},{"value":485,"label":"Close-Up"},{"value":481,"label":"Collections"},{"value":36,"label":"Portraits &amp; Visages"}],"product_tag":[{"value":689,"label":"artistique"},{"value":494,"label":"bouche"},{"value":489,"label":"Close-Up"},{"value":147,"label":"Design"},{"value":692,"label":"expressif"},{"value":359,"label":"femme"},{"value":739,"label":"graphique"},{"value":1136,"label":"l\u00e8vres"},{"value":333,"label":"pop art"},{"value":327,"label":"street art"},{"value":286,"label":"urbain"},{"value":338,"label":"visage"}]},"featured_image_src_large":["https:\/\/mes-pochoirs.com\/wp-content\/uploads\/2025\/02\/PGL002-pochoir-close-up-levres-copyright-mes-pochoirs-858x1030.jpg",858,1030,true],"author_info":[],"comment_info":0,"_links":{"self":[{"href":"https:\/\/mes-pochoirs.com\/es\/wp-json\/wp\/v2\/product\/20468","targetHints":{"allow":["GET"]}}],"collection":[{"href":"https:\/\/mes-pochoirs.com\/es\/wp-json\/wp\/v2\/product"}],"about":[{"href":"https:\/\/mes-pochoirs.com\/es\/wp-json\/wp\/v2\/types\/product"}],"replies":[{"embeddable":true,"href":"https:\/\/mes-pochoirs.com\/es\/wp-json\/wp\/v2\/comments?post=20468"}],"wp:featuredmedia":[{"embeddable":true,"href":"https:\/\/mes-pochoirs.com\/es\/wp-json\/wp\/v2\/media\/20550"}],"wp:attachment":[{"href":"https:\/\/mes-pochoirs.com\/es\/wp-json\/wp\/v2\/media?parent=20468"}],"wp:term":[{"taxonomy":"product_brand","embeddable":true,"href":"https:\/\/mes-pochoirs.com\/es\/wp-json\/wp\/v2\/product_brand?post=20468"},{"taxonomy":"product_cat","embeddable":true,"href":"https:\/\/mes-pochoirs.com\/es\/wp-json\/wp\/v2\/product_cat?post=20468"},{"taxonomy":"product_tag","embeddable":true,"href":"https:\/\/mes-pochoirs.com\/es\/wp-json\/wp\/v2\/product_tag?post=20468"}],"curies":[{"name":"wp","href":"https:\/\/api.w.org\/{rel}","templated":true}]}}