{"id":20494,"date":"2025-02-11T14:04:56","date_gmt":"2025-02-11T13:04:56","guid":{"rendered":"https:\/\/mes-pochoirs.com\/?post_type=product&#038;p=20494"},"modified":"2025-10-31T12:29:30","modified_gmt":"2025-10-31T11:29:30","slug":"plantilla-de-diseno-de-labios-pgl010","status":"publish","type":"product","link":"https:\/\/mes-pochoirs.com\/es\/produit\/pochoir-levres-design-pgl010","title":{"rendered":"Plantilla de dise\u00f1o de labios - PGL010"},"content":{"rendered":"<h2>Plantilla de dise\u00f1o de labios<\/h2>\n<h3>S\u00edmbolo de expresi\u00f3n y sensualidad<\/h3>\n<p>Sum\u00e9rjase en el mundo de <strong>Plantilla de dise\u00f1o de labios<\/strong>Es una invitaci\u00f3n a expresar audacia y creatividad a trav\u00e9s de una imagen fuerte y poderosa. Este modelo representa una <strong>boca entreabierta<\/strong>capturando un momento suspendido entre el misterio y la provocaci\u00f3n. El cuidado detalle de los labios, combinado con la <strong>l\u00edneas gr\u00e1ficas y salpicaduras<\/strong>Esta plantilla es a la vez moderna y expresiva. Con su est\u00e9tica din\u00e1mica, encarna la energ\u00eda bruta del arte urbano, al tiempo que sugiere un enfoque m\u00e1s moderno y expresivo. <strong>expresi\u00f3n libre y asertiva<\/strong>. Tanto si desea evocar sensualidad, rebeld\u00eda o simplemente a\u00f1adir un toque poderoso a sus creaciones, esta plantilla se convertir\u00e1 en un aliado esencial para causar una impresi\u00f3n duradera.<\/p>\n<h3>Un estilo urbano y contempor\u00e1neo para obras de arte impactantes<\/h3>\n<p>Le <strong>Plantilla de dise\u00f1o de labios<\/strong> se inspira en los c\u00f3digos de <strong>arte callejero y dise\u00f1o gr\u00e1fico moderno<\/strong>. Sus l\u00edneas quebradas y efectos de goteo le dan un aspecto muy distintivo. <strong>no estructurada y din\u00e1mica<\/strong>perfecta para crear obras que no pasar\u00e1n desapercibidas. Con un sutil equilibrio entre precisi\u00f3n y caos visual, esta plantilla ofrece un <strong>dimensi\u00f3n art\u00edstica \u00fanica<\/strong>Cada pasada de pintura revela una nueva faceta de su car\u00e1cter. Ideal para proyectos sobre lienzo, paredes, textiles u objetos decorativos, esta plantilla le permite insuflar nueva vida a su obra. <strong>esp\u00edritu audaz y urbano<\/strong> a tus creaciones. Tanto si eres un artista, un decorador o un entusiasta de la personalizaci\u00f3n, te abre todo un nuevo mundo de posibilidades. <strong>posibilidades de expresi\u00f3n ilimitadas<\/strong>transformando cada medio en una obra de arte cautivadora y original.<\/p>\n<p><strong>\u00a1Expr\u00e9sate sin l\u00edmites con la plantilla L\u00e8vre Design y dale car\u00e1cter a tus creaciones!<\/strong><\/p>","protected":false},"excerpt":{"rendered":"<p><strong>Plantilla de dise\u00f1o de labios<\/strong>Perfecto para artistas y arte callejero. Reutilizable y reversible, ideal para cuadros y decoraciones originales.<\/p>","protected":false},"featured_media":20558,"comment_status":"open","ping_status":"closed","template":"","meta":{"bwfblock_default_font":"","_kad_blocks_custom_css":"","_kad_blocks_head_custom_js":"","_kad_blocks_body_custom_js":"","_kad_blocks_footer_custom_js":"","_kadence_starter_templates_imported_post":false,"_kad_post_transparent":"default","_kad_post_title":"","_kad_post_layout":"default","_kad_post_sidebar_id":"","_kad_post_content_style":"default","_kad_post_vertical_padding":"default","_kad_post_feature":"","_kad_post_feature_position":"","_kad_post_header":false,"_kad_post_footer":false,"_kad_post_classname":""},"product_brand":[1415],"product_cat":[1137,485,481,36],"product_tag":[689,494,489,147,692,359,739,1136,333,327,286,338],"class_list":{"0":"post-20494","1":"product","2":"type-product","3":"status-publish","4":"has-post-thumbnail","6":"product_brand-mes-pochoirs","7":"product_cat-pop-graffiti-lips","8":"product_cat-close-up","9":"product_cat-collections","10":"product_cat-pochoirs-portraits-visages","11":"product_tag-artistique","12":"product_tag-bouche","13":"product_tag-close-up","14":"product_tag-design","15":"product_tag-expressif","16":"product_tag-femme","17":"product_tag-graphique","18":"product_tag-levres","19":"product_tag-pop-art","20":"product_tag-street-art","21":"product_tag-urbain","22":"product_tag-visage","24":"first","25":"instock","26":"taxable","27":"shipping-taxable","28":"purchasable","29":"product-type-variable","30":"entry","31":"content-bg","32":"loop-entry"},"taxonomy_info":{"product_brand":[{"value":1415,"label":"Mes Pochoirs"}],"product_cat":[{"value":1137,"label":"Pop Graffiti Lips"},{"value":485,"label":"Close-Up"},{"value":481,"label":"Collections"},{"value":36,"label":"Portraits &amp; Visages"}],"product_tag":[{"value":689,"label":"artistique"},{"value":494,"label":"bouche"},{"value":489,"label":"Close-Up"},{"value":147,"label":"Design"},{"value":692,"label":"expressif"},{"value":359,"label":"femme"},{"value":739,"label":"graphique"},{"value":1136,"label":"l\u00e8vres"},{"value":333,"label":"pop art"},{"value":327,"label":"street art"},{"value":286,"label":"urbain"},{"value":338,"label":"visage"}]},"featured_image_src_large":["https:\/\/mes-pochoirs.com\/wp-content\/uploads\/2025\/02\/PGL010-pochoir-close-up-levres-copyright-mes-pochoirs-858x1030.jpg",858,1030,true],"author_info":[],"comment_info":0,"_links":{"self":[{"href":"https:\/\/mes-pochoirs.com\/es\/wp-json\/wp\/v2\/product\/20494","targetHints":{"allow":["GET"]}}],"collection":[{"href":"https:\/\/mes-pochoirs.com\/es\/wp-json\/wp\/v2\/product"}],"about":[{"href":"https:\/\/mes-pochoirs.com\/es\/wp-json\/wp\/v2\/types\/product"}],"replies":[{"embeddable":true,"href":"https:\/\/mes-pochoirs.com\/es\/wp-json\/wp\/v2\/comments?post=20494"}],"wp:featuredmedia":[{"embeddable":true,"href":"https:\/\/mes-pochoirs.com\/es\/wp-json\/wp\/v2\/media\/20558"}],"wp:attachment":[{"href":"https:\/\/mes-pochoirs.com\/es\/wp-json\/wp\/v2\/media?parent=20494"}],"wp:term":[{"taxonomy":"product_brand","embeddable":true,"href":"https:\/\/mes-pochoirs.com\/es\/wp-json\/wp\/v2\/product_brand?post=20494"},{"taxonomy":"product_cat","embeddable":true,"href":"https:\/\/mes-pochoirs.com\/es\/wp-json\/wp\/v2\/product_cat?post=20494"},{"taxonomy":"product_tag","embeddable":true,"href":"https:\/\/mes-pochoirs.com\/es\/wp-json\/wp\/v2\/product_tag?post=20494"}],"curies":[{"name":"wp","href":"https:\/\/api.w.org\/{rel}","templated":true}]}}