{"id":20512,"date":"2025-02-11T14:25:59","date_gmt":"2025-02-11T13:25:59","guid":{"rendered":"https:\/\/mes-pochoirs.com\/?post_type=product&#038;p=20512"},"modified":"2025-10-31T12:29:32","modified_gmt":"2025-10-31T11:29:32","slug":"plantilla-urban-kiss-pgl012","status":"publish","type":"product","link":"https:\/\/mes-pochoirs.com\/es\/produit\/pochoir-baiser-urbain-pgl012","title":{"rendered":"Plantilla Urban Kiss - PGL012"},"content":{"rendered":"<h2>Plantilla Urban Kiss\u00a0<\/h2>\n<h3>Una huella art\u00edstica audaz y expresiva<\/h3>\n<p><strong> Plantilla Urban Kiss<\/strong> capta toda la intensidad de una boca llena y sensual, realzada por un efecto de goteo que la hace tan intrigante como cautivadora. Este expresivo dise\u00f1o evoca misterio, audacia y cierta provocaci\u00f3n art\u00edstica. S\u00edmbolo universal del deseo y la comunicaci\u00f3n, estos labios estilizados parecen congelar un momento emocional: un beso robado, un mensaje silencioso pero poderoso, una huella que deja una impresi\u00f3n duradera. Tanto si desea a\u00f1adir un toque de <strong>glamuroso, rebelde o provocador<\/strong> Esta plantilla ofrece una fuerte firma visual que no deja indiferente a nadie. Invita a la expresi\u00f3n personal y a la exploraci\u00f3n de nuevas ideas.<\/p>\n<h3>Un estilo gr\u00e1fico inspirado en el arte callejero y el pop art<\/h3>\n<p><strong>Plantilla Urban Kiss<\/strong> se inspira directamente en el mundo de <strong>arte callejero<\/strong> y <strong>arte pop<\/strong>Es una imagen que impacta, seduce y engancha en un solo vistazo. Con sus contornos n\u00edtidos y su llamativo contraste, recuerda el trabajo de los grandes nombres del graffiti y el dise\u00f1o gr\u00e1fico urbano. El efecto de goteo a\u00f1ade un toque de dinamismo y espontaneidad, como si la pintura acabara de gotear sobre la pared o el lienzo. Esta plantilla es <strong>herramienta inspiradora<\/strong>ideal para quienes desean personalizar sus superficies con una huella art\u00edstica \u00fanica. En una pared, un lienzo, un mueble o incluso un textil, transforma lo ordinario en algo especial. <strong>una obra cautivadora y moderna<\/strong>. Ya seas artista, aficionado a la decoraci\u00f3n o al bricolaje, esta plantilla te brinda la oportunidad de explorar un mundo de gr\u00e1ficos. <strong>audaz y original<\/strong>donde el arte se convierte en un aut\u00e9ntico medio de expresi\u00f3n.<\/p>\n<p><strong>Da rienda suelta a tu creatividad y convierte cada beso en un mensaje inolvidable.<\/strong><\/p>","protected":false},"excerpt":{"rendered":"<p><strong data-start=\"1354\" data-end=\"1379\">Plantilla Urban Kiss<\/strong>Ideal para crear llamativas obras de arte. Reutilizables, reversibles y perfectos para pintar, hacer pizarras y decorar paredes.<\/p>","protected":false},"featured_media":20560,"comment_status":"open","ping_status":"closed","template":"","meta":{"bwfblock_default_font":"","_kad_blocks_custom_css":"","_kad_blocks_head_custom_js":"","_kad_blocks_body_custom_js":"","_kad_blocks_footer_custom_js":"","_kadence_starter_templates_imported_post":false,"_kad_post_transparent":"default","_kad_post_title":"","_kad_post_layout":"default","_kad_post_sidebar_id":"","_kad_post_content_style":"default","_kad_post_vertical_padding":"default","_kad_post_feature":"","_kad_post_feature_position":"","_kad_post_header":false,"_kad_post_footer":false,"_kad_post_classname":""},"product_brand":[1415],"product_cat":[1137,485,481,36],"product_tag":[689,494,489,147,692,359,739,1136,333,327,286,338],"class_list":{"0":"post-20512","1":"product","2":"type-product","3":"status-publish","4":"has-post-thumbnail","6":"product_brand-mes-pochoirs","7":"product_cat-pop-graffiti-lips","8":"product_cat-close-up","9":"product_cat-collections","10":"product_cat-pochoirs-portraits-visages","11":"product_tag-artistique","12":"product_tag-bouche","13":"product_tag-close-up","14":"product_tag-design","15":"product_tag-expressif","16":"product_tag-femme","17":"product_tag-graphique","18":"product_tag-levres","19":"product_tag-pop-art","20":"product_tag-street-art","21":"product_tag-urbain","22":"product_tag-visage","24":"first","25":"instock","26":"taxable","27":"shipping-taxable","28":"purchasable","29":"product-type-variable","30":"entry","31":"content-bg","32":"loop-entry"},"taxonomy_info":{"product_brand":[{"value":1415,"label":"Mes Pochoirs"}],"product_cat":[{"value":1137,"label":"Pop Graffiti Lips"},{"value":485,"label":"Close-Up"},{"value":481,"label":"Collections"},{"value":36,"label":"Portraits &amp; Visages"}],"product_tag":[{"value":689,"label":"artistique"},{"value":494,"label":"bouche"},{"value":489,"label":"Close-Up"},{"value":147,"label":"Design"},{"value":692,"label":"expressif"},{"value":359,"label":"femme"},{"value":739,"label":"graphique"},{"value":1136,"label":"l\u00e8vres"},{"value":333,"label":"pop art"},{"value":327,"label":"street art"},{"value":286,"label":"urbain"},{"value":338,"label":"visage"}]},"featured_image_src_large":["https:\/\/mes-pochoirs.com\/wp-content\/uploads\/2025\/02\/PGL012-pochoir-close-up-levres-copyright-mes-pochoirs-858x1030.jpg",858,1030,true],"author_info":[],"comment_info":0,"_links":{"self":[{"href":"https:\/\/mes-pochoirs.com\/es\/wp-json\/wp\/v2\/product\/20512","targetHints":{"allow":["GET"]}}],"collection":[{"href":"https:\/\/mes-pochoirs.com\/es\/wp-json\/wp\/v2\/product"}],"about":[{"href":"https:\/\/mes-pochoirs.com\/es\/wp-json\/wp\/v2\/types\/product"}],"replies":[{"embeddable":true,"href":"https:\/\/mes-pochoirs.com\/es\/wp-json\/wp\/v2\/comments?post=20512"}],"wp:featuredmedia":[{"embeddable":true,"href":"https:\/\/mes-pochoirs.com\/es\/wp-json\/wp\/v2\/media\/20560"}],"wp:attachment":[{"href":"https:\/\/mes-pochoirs.com\/es\/wp-json\/wp\/v2\/media?parent=20512"}],"wp:term":[{"taxonomy":"product_brand","embeddable":true,"href":"https:\/\/mes-pochoirs.com\/es\/wp-json\/wp\/v2\/product_brand?post=20512"},{"taxonomy":"product_cat","embeddable":true,"href":"https:\/\/mes-pochoirs.com\/es\/wp-json\/wp\/v2\/product_cat?post=20512"},{"taxonomy":"product_tag","embeddable":true,"href":"https:\/\/mes-pochoirs.com\/es\/wp-json\/wp\/v2\/product_tag?post=20512"}],"curies":[{"name":"wp","href":"https:\/\/api.w.org\/{rel}","templated":true}]}}