{"id":20813,"date":"2025-02-19T09:33:45","date_gmt":"2025-02-19T08:33:45","guid":{"rendered":"https:\/\/mes-pochoirs.com\/?post_type=product&#038;p=20813"},"modified":"2025-10-31T12:29:43","modified_gmt":"2025-10-31T11:29:43","slug":"plantilla-goteo-artistico-ddm002","status":"publish","type":"product","link":"https:\/\/mes-pochoirs.com\/es\/produit\/pochoir-artistique-dripping-ddm002","title":{"rendered":"Plantilla Rostro Femenino - Sombras y Manchas - DDM002"},"content":{"rendered":"<h2>Plantilla Dripping Art<\/h2>\n<h3>Expresi\u00f3n intensa y evocadora<\/h3>\n<p>Sum\u00e9rjase en un mundo de emoci\u00f3n y misterio con el <strong>Plantilla Dripping Art<\/strong>. Este llamativo modelo representa un rostro femenino de perfil, captando un momento suspendido entre el \u00e9xtasis y el abandono. Con los ojos cerrados y los labios entreabiertos, desprende una sensaci\u00f3n de serenidad y abandono, como si la figura se dejara llevar por un sue\u00f1o o una oleada de sensaciones. Las gotas que escapan del rostro a\u00f1aden profundidad simb\u00f3lica: la disoluci\u00f3n de la identidad, la transformaci\u00f3n interior, el paso entre dos estados... Esta plantilla no es s\u00f3lo decorativa, tambi\u00e9n es un medio de expresar la esencia del artista. <strong>transmite un mensaje contundente e invita a la reflexi\u00f3n<\/strong>. Es la herramienta perfecta para los artistas que buscan un impacto visual y una expresi\u00f3n poderosa.<\/p>\n<h3>Dise\u00f1o art\u00edstico potente e inspirador<\/h3>\n<p>Le <strong>Plantilla Dripping Art<\/strong>\u00a0aporta un toque decididamente contempor\u00e1neo a sus creaciones. Su estilo minimalista e impactante lo convierte en una excelente opci\u00f3n para el arte callejero, los murales, los muebles personalizados o incluso los lienzos art\u00edsticos. F\u00e1cil de usar en una amplia gama de superficies (pared, madera, lienzo, textil...), le permite explorar <strong>composiciones creativas \u00fanicas<\/strong>. Esta plantilla no s\u00f3lo embellece un espacio: tambi\u00e9n <strong>provoca emociones, atrae y cuenta una historia<\/strong>. Es ideal para artistas, decoradores y aficionados al bricolaje que deseen crear un fuerte impacto visual, al tiempo que a\u00f1aden un toque de sensibilidad y profundidad a su trabajo. Con el <strong>Plantilla Dripping Art<\/strong>D\u00e9 a su arte una nueva dimensi\u00f3n, entre la abstracci\u00f3n y la expresi\u00f3n pura.<\/p>","protected":false},"excerpt":{"rendered":"<p><strong>Plantilla Dripping Art<\/strong> - \u00a1A\u00f1ada un efecto \u00fanico a sus trabajos! Plantilla reutilizable, reversible y de alta calidad, perfecta para todo tipo de superficies.<\/p>","protected":false},"featured_media":20965,"comment_status":"open","ping_status":"closed","template":"","meta":{"bwfblock_default_font":"","_kad_blocks_custom_css":"","_kad_blocks_head_custom_js":"","_kad_blocks_body_custom_js":"","_kad_blocks_footer_custom_js":"","_kadence_starter_templates_imported_post":false,"_kad_post_transparent":"default","_kad_post_title":"","_kad_post_layout":"default","_kad_post_sidebar_id":"","_kad_post_content_style":"default","_kad_post_vertical_padding":"default","_kad_post_feature":"","_kad_post_feature_position":"","_kad_post_header":false,"_kad_post_footer":false,"_kad_post_classname":""},"product_brand":[1415],"product_cat":[1139,481,36],"product_tag":[694,689,1142,147,1141,1058,359,285,1143,390,1140,327,286,338],"class_list":{"0":"post-20813","1":"product","2":"type-product","3":"status-publish","4":"has-post-thumbnail","6":"product_brand-mes-pochoirs","7":"product_cat-dripping-dreams","8":"product_cat-collections","9":"product_cat-pochoirs-portraits-visages","10":"product_tag-abstrait","11":"product_tag-artistique","12":"product_tag-coulures","13":"product_tag-design","14":"product_tag-dripping","15":"product_tag-emotion","16":"product_tag-femme","17":"product_tag-graffiti","18":"product_tag-ombres","19":"product_tag-portrait","20":"product_tag-silhouette","21":"product_tag-street-art","22":"product_tag-urbain","23":"product_tag-visage","25":"first","26":"instock","27":"taxable","28":"shipping-taxable","29":"purchasable","30":"product-type-variable","31":"has-default-attributes","32":"entry","33":"content-bg","34":"loop-entry"},"taxonomy_info":{"product_brand":[{"value":1415,"label":"Mes Pochoirs"}],"product_cat":[{"value":1139,"label":"Dripping Dreams"},{"value":481,"label":"Collections"},{"value":36,"label":"Portraits &amp; Visages"}],"product_tag":[{"value":694,"label":"abstrait"},{"value":689,"label":"artistique"},{"value":1142,"label":"coulures"},{"value":147,"label":"Design"},{"value":1141,"label":"dripping"},{"value":1058,"label":"Emotion"},{"value":359,"label":"femme"},{"value":285,"label":"graffiti"},{"value":1143,"label":"ombres"},{"value":390,"label":"portrait"},{"value":1140,"label":"silhouette"},{"value":327,"label":"street art"},{"value":286,"label":"urbain"},{"value":338,"label":"visage"}]},"featured_image_src_large":["https:\/\/mes-pochoirs.com\/wp-content\/uploads\/2025\/02\/DDM002-pochoir-visage-femme-dripping-dreams-copyright-mes-pochoirs-858x1030.jpg",858,1030,true],"author_info":[],"comment_info":0,"_links":{"self":[{"href":"https:\/\/mes-pochoirs.com\/es\/wp-json\/wp\/v2\/product\/20813","targetHints":{"allow":["GET"]}}],"collection":[{"href":"https:\/\/mes-pochoirs.com\/es\/wp-json\/wp\/v2\/product"}],"about":[{"href":"https:\/\/mes-pochoirs.com\/es\/wp-json\/wp\/v2\/types\/product"}],"replies":[{"embeddable":true,"href":"https:\/\/mes-pochoirs.com\/es\/wp-json\/wp\/v2\/comments?post=20813"}],"wp:featuredmedia":[{"embeddable":true,"href":"https:\/\/mes-pochoirs.com\/es\/wp-json\/wp\/v2\/media\/20965"}],"wp:attachment":[{"href":"https:\/\/mes-pochoirs.com\/es\/wp-json\/wp\/v2\/media?parent=20813"}],"wp:term":[{"taxonomy":"product_brand","embeddable":true,"href":"https:\/\/mes-pochoirs.com\/es\/wp-json\/wp\/v2\/product_brand?post=20813"},{"taxonomy":"product_cat","embeddable":true,"href":"https:\/\/mes-pochoirs.com\/es\/wp-json\/wp\/v2\/product_cat?post=20813"},{"taxonomy":"product_tag","embeddable":true,"href":"https:\/\/mes-pochoirs.com\/es\/wp-json\/wp\/v2\/product_tag?post=20813"}],"curies":[{"name":"wp","href":"https:\/\/api.w.org\/{rel}","templated":true}]}}