{"id":20841,"date":"2025-02-19T11:00:07","date_gmt":"2025-02-19T10:00:07","guid":{"rendered":"https:\/\/mes-pochoirs.com\/?post_type=product&#038;p=20841"},"modified":"2025-10-31T12:29:49","modified_gmt":"2025-10-31T11:29:49","slug":"plantilla-cara-arte-moderno-ddm006","status":"publish","type":"product","link":"https:\/\/mes-pochoirs.com\/es\/produit\/pochoir-visage-art-moderne-ddm006","title":{"rendered":"Plantilla Rostro Femenino - Sombras y Manchas - DDM006"},"content":{"rendered":"<h2>Plantilla Modern Art Face<\/h2>\n<h3>Una expresi\u00f3n de sensualidad y emoci\u00f3n<\/h3>\n<p>Sum\u00e9rjase en un cautivador universo art\u00edstico con este <strong>plantilla cara arte moderno<\/strong>Esta pieza \u00fanica capta la intensidad y la sensualidad de un perfil femenino de l\u00edneas expresivas. Los labios entreabiertos, los ojos resaltados por delicadas pesta\u00f1as y la postura ligeramente reclinada sugieren un momento suspendido entre el abandono y el ensue\u00f1o. Cada trazo de pintura con esta plantilla dar\u00e1 vida a una silueta impregnada de <strong>misterio y fuerza emocional<\/strong>traer un <strong>poderosa dimensi\u00f3n art\u00edstica<\/strong> a sus creaciones. Esta plantilla no es una simple herramienta de pintura: cuenta una historia, la historia de un hombre, una mujer y un ni\u00f1o. <strong>rostro cautivador<\/strong>Un soplo de emoci\u00f3n congelada en llamativo contraste. Est\u00e1 dise\u00f1ado para ofrecer <strong>un fuerte impacto visual<\/strong>ideal para quienes desean expresar <strong>intensidad y profundidad a trav\u00e9s del arte<\/strong>.<\/p>\n<h3>Estilo contempor\u00e1neo y urbano<\/h3>\n<p>Este <strong>plantilla cara arte moderno<\/strong> se inspira en <strong>arte callejero y pop art<\/strong>Tiene un dise\u00f1o refinado que funciona igual de bien en lienzos, paredes y muebles. Su estilo gr\u00e1fico, marcado por l\u00edneas limpias y sombras acentuadas, recuerda el mundo de los frescos urbanos, al tiempo que conserva un toque de elegancia minimalista. Los ligeros efectos de goteo a\u00f1aden un <strong>crudo y aut\u00e9ntico<\/strong>perfecto para los fans de <strong>decoraci\u00f3n contempor\u00e1nea y arte impactante<\/strong>. Con esta plantilla, d\u00e9 rienda suelta a su creatividad y confiera una nueva dimensi\u00f3n a sus trabajos. <strong>una audaz declaraci\u00f3n art\u00edstica<\/strong>. Tanto si eres un entusiasta del arte urbano, un decorador en busca de una pieza impactante o un artista que busca transmitir una emoci\u00f3n poderosa, esta plantilla te ayudar\u00e1 a <strong>transforman cualquier superficie en una aut\u00e9ntica obra de arte.<\/strong><\/p>","protected":false},"excerpt":{"rendered":"<p><strong>Plantilla de cara de arte moderno<\/strong> Reutilizable y reversible. A\u00f1ade un toque art\u00edstico a tu obra en pared, lienzo o mueble.<\/p>","protected":false},"featured_media":20969,"comment_status":"open","ping_status":"closed","template":"","meta":{"bwfblock_default_font":"","_kad_blocks_custom_css":"","_kad_blocks_head_custom_js":"","_kad_blocks_body_custom_js":"","_kad_blocks_footer_custom_js":"","_kadence_starter_templates_imported_post":false,"_kad_post_transparent":"default","_kad_post_title":"","_kad_post_layout":"default","_kad_post_sidebar_id":"","_kad_post_content_style":"default","_kad_post_vertical_padding":"default","_kad_post_feature":"","_kad_post_feature_position":"","_kad_post_header":false,"_kad_post_footer":false,"_kad_post_classname":""},"product_brand":[1415],"product_cat":[1139,481,36],"product_tag":[694,689,1142,147,1141,1058,359,285,1143,390,1140,327,286,338],"class_list":{"0":"post-20841","1":"product","2":"type-product","3":"status-publish","4":"has-post-thumbnail","6":"product_brand-mes-pochoirs","7":"product_cat-dripping-dreams","8":"product_cat-collections","9":"product_cat-pochoirs-portraits-visages","10":"product_tag-abstrait","11":"product_tag-artistique","12":"product_tag-coulures","13":"product_tag-design","14":"product_tag-dripping","15":"product_tag-emotion","16":"product_tag-femme","17":"product_tag-graffiti","18":"product_tag-ombres","19":"product_tag-portrait","20":"product_tag-silhouette","21":"product_tag-street-art","22":"product_tag-urbain","23":"product_tag-visage","25":"first","26":"instock","27":"taxable","28":"shipping-taxable","29":"purchasable","30":"product-type-variable","31":"has-default-attributes","32":"entry","33":"content-bg","34":"loop-entry"},"taxonomy_info":{"product_brand":[{"value":1415,"label":"Mes Pochoirs"}],"product_cat":[{"value":1139,"label":"Dripping Dreams"},{"value":481,"label":"Collections"},{"value":36,"label":"Portraits &amp; Visages"}],"product_tag":[{"value":694,"label":"abstrait"},{"value":689,"label":"artistique"},{"value":1142,"label":"coulures"},{"value":147,"label":"Design"},{"value":1141,"label":"dripping"},{"value":1058,"label":"Emotion"},{"value":359,"label":"femme"},{"value":285,"label":"graffiti"},{"value":1143,"label":"ombres"},{"value":390,"label":"portrait"},{"value":1140,"label":"silhouette"},{"value":327,"label":"street art"},{"value":286,"label":"urbain"},{"value":338,"label":"visage"}]},"featured_image_src_large":["https:\/\/mes-pochoirs.com\/wp-content\/uploads\/2025\/02\/DDM006-pochoir-visage-femme-dripping-dreams-copyright-mes-pochoirs-858x1030.jpg",858,1030,true],"author_info":[],"comment_info":0,"_links":{"self":[{"href":"https:\/\/mes-pochoirs.com\/es\/wp-json\/wp\/v2\/product\/20841","targetHints":{"allow":["GET"]}}],"collection":[{"href":"https:\/\/mes-pochoirs.com\/es\/wp-json\/wp\/v2\/product"}],"about":[{"href":"https:\/\/mes-pochoirs.com\/es\/wp-json\/wp\/v2\/types\/product"}],"replies":[{"embeddable":true,"href":"https:\/\/mes-pochoirs.com\/es\/wp-json\/wp\/v2\/comments?post=20841"}],"wp:featuredmedia":[{"embeddable":true,"href":"https:\/\/mes-pochoirs.com\/es\/wp-json\/wp\/v2\/media\/20969"}],"wp:attachment":[{"href":"https:\/\/mes-pochoirs.com\/es\/wp-json\/wp\/v2\/media?parent=20841"}],"wp:term":[{"taxonomy":"product_brand","embeddable":true,"href":"https:\/\/mes-pochoirs.com\/es\/wp-json\/wp\/v2\/product_brand?post=20841"},{"taxonomy":"product_cat","embeddable":true,"href":"https:\/\/mes-pochoirs.com\/es\/wp-json\/wp\/v2\/product_cat?post=20841"},{"taxonomy":"product_tag","embeddable":true,"href":"https:\/\/mes-pochoirs.com\/es\/wp-json\/wp\/v2\/product_tag?post=20841"}],"curies":[{"name":"wp","href":"https:\/\/api.w.org\/{rel}","templated":true}]}}