{"id":20884,"date":"2025-02-19T11:38:34","date_gmt":"2025-02-19T10:38:34","guid":{"rendered":"https:\/\/mes-pochoirs.com\/?post_type=product&#038;p=20884"},"modified":"2025-10-31T12:30:16","modified_gmt":"2025-10-31T11:30:16","slug":"plantilla-abstracta-mujer-ddm010","status":"publish","type":"product","link":"https:\/\/mes-pochoirs.com\/es\/produit\/pochoir-femme-abstrait-ddm010","title":{"rendered":"Plantilla Rostro Femenino - Sombras y Manchas - DDM010"},"content":{"rendered":"<h2>Plantilla Mujer Abstracta<\/h2>\n<h3>Un rostro impregnado de misterio y emoci\u00f3n<\/h3>\n<p><strong>Plantilla Mujer Abstracta :<\/strong> Se trata de un dise\u00f1o poderoso y cautivador, en el que la elegancia femenina se funde con una expresi\u00f3n intensa. Este perfil de ojos cerrados parece suspendido en un momento de contemplaci\u00f3n, entre la dulzura y el abandono. Los delicados rasgos del rostro contrastan con las art\u00edsticas gotas que se escapan hacia abajo, evocando el paso del tiempo, un pensamiento que se desvanece o una emoci\u00f3n que fluye libremente. Esta plantilla no es un simple dibujo; cuenta una historia e invita a cada cual a proyectar en ella su propia interpretaci\u00f3n. Este dise\u00f1o juega sutilmente con los contrastes. Las gotas dan un efecto espont\u00e1neo y fluido. A\u00f1aden un toque moderno. El movimiento crea una din\u00e1mica visual \u00fanica, perfecta para dar car\u00e1cter a una pared, un lienzo o un mueble personalizado.<\/p>\n<h3>Una herramienta art\u00edstica inspiradora y expresiva<\/h3>\n<p><strong>Plantilla Mujer Abstracta :<\/strong> m\u00e1s que una simple plantilla, es una aut\u00e9ntica herramienta de expresi\u00f3n art\u00edstica. Inspirada en el arte callejero y el dise\u00f1o minimalista, se puede utilizar para crear obras de arte con un fuerte impacto visual, ya sea en un mural, un cuadro o un proyecto decorativo. Con sus l\u00edneas limpias y su llamativo contraste, capta instant\u00e1neamente la atenci\u00f3n e insufla energ\u00eda moderna a cualquier espacio. Tanto si eres artista, decorador o aficionado al bricolaje, esta plantilla est\u00e1 dise\u00f1ada para dar vida a tus ideas m\u00e1s originales. Util\u00edzala con pintura en spray, acr\u00edlica o incluso tinta para crear obras de arte \u00fanicas y llamativas. Su atrevido dise\u00f1o te permite jugar con colores, superposiciones y texturas para conseguir un aspecto totalmente personalizado. A\u00f1ade un toque de emoci\u00f3n y elegancia a tus creaciones con este dise\u00f1o de plantilla fuerte e inspirador.<\/p>","protected":false},"excerpt":{"rendered":"<p><strong>Plantilla Mujer Abstracta<\/strong> moderno y reutilizable. A\u00f1ade un toque art\u00edstico a tus obras de arte, cuadros o decoraciones de pared con este dise\u00f1o \u00fanico.<\/p>","protected":false},"featured_media":20975,"comment_status":"open","ping_status":"closed","template":"","meta":{"bwfblock_default_font":"","_kad_blocks_custom_css":"","_kad_blocks_head_custom_js":"","_kad_blocks_body_custom_js":"","_kad_blocks_footer_custom_js":"","_kadence_starter_templates_imported_post":false,"_kad_post_transparent":"default","_kad_post_title":"","_kad_post_layout":"default","_kad_post_sidebar_id":"","_kad_post_content_style":"default","_kad_post_vertical_padding":"default","_kad_post_feature":"","_kad_post_feature_position":"","_kad_post_header":false,"_kad_post_footer":false,"_kad_post_classname":""},"product_brand":[1415],"product_cat":[1139,481,36],"product_tag":[694,689,1142,147,1141,1058,359,285,1143,390,1140,327,286,338],"class_list":{"0":"post-20884","1":"product","2":"type-product","3":"status-publish","4":"has-post-thumbnail","6":"product_brand-mes-pochoirs","7":"product_cat-dripping-dreams","8":"product_cat-collections","9":"product_cat-pochoirs-portraits-visages","10":"product_tag-abstrait","11":"product_tag-artistique","12":"product_tag-coulures","13":"product_tag-design","14":"product_tag-dripping","15":"product_tag-emotion","16":"product_tag-femme","17":"product_tag-graffiti","18":"product_tag-ombres","19":"product_tag-portrait","20":"product_tag-silhouette","21":"product_tag-street-art","22":"product_tag-urbain","23":"product_tag-visage","25":"first","26":"instock","27":"taxable","28":"shipping-taxable","29":"purchasable","30":"product-type-variable","31":"entry","32":"content-bg","33":"loop-entry"},"taxonomy_info":{"product_brand":[{"value":1415,"label":"Mes Pochoirs"}],"product_cat":[{"value":1139,"label":"Dripping Dreams"},{"value":481,"label":"Collections"},{"value":36,"label":"Portraits &amp; Visages"}],"product_tag":[{"value":694,"label":"abstrait"},{"value":689,"label":"artistique"},{"value":1142,"label":"coulures"},{"value":147,"label":"Design"},{"value":1141,"label":"dripping"},{"value":1058,"label":"Emotion"},{"value":359,"label":"femme"},{"value":285,"label":"graffiti"},{"value":1143,"label":"ombres"},{"value":390,"label":"portrait"},{"value":1140,"label":"silhouette"},{"value":327,"label":"street art"},{"value":286,"label":"urbain"},{"value":338,"label":"visage"}]},"featured_image_src_large":["https:\/\/mes-pochoirs.com\/wp-content\/uploads\/2025\/02\/DDM010-pochoir-visage-femme-dripping-dreams-copyright-mes-pochoirs-858x1030.jpg",858,1030,true],"author_info":[],"comment_info":0,"_links":{"self":[{"href":"https:\/\/mes-pochoirs.com\/es\/wp-json\/wp\/v2\/product\/20884","targetHints":{"allow":["GET"]}}],"collection":[{"href":"https:\/\/mes-pochoirs.com\/es\/wp-json\/wp\/v2\/product"}],"about":[{"href":"https:\/\/mes-pochoirs.com\/es\/wp-json\/wp\/v2\/types\/product"}],"replies":[{"embeddable":true,"href":"https:\/\/mes-pochoirs.com\/es\/wp-json\/wp\/v2\/comments?post=20884"}],"wp:featuredmedia":[{"embeddable":true,"href":"https:\/\/mes-pochoirs.com\/es\/wp-json\/wp\/v2\/media\/20975"}],"wp:attachment":[{"href":"https:\/\/mes-pochoirs.com\/es\/wp-json\/wp\/v2\/media?parent=20884"}],"wp:term":[{"taxonomy":"product_brand","embeddable":true,"href":"https:\/\/mes-pochoirs.com\/es\/wp-json\/wp\/v2\/product_brand?post=20884"},{"taxonomy":"product_cat","embeddable":true,"href":"https:\/\/mes-pochoirs.com\/es\/wp-json\/wp\/v2\/product_cat?post=20884"},{"taxonomy":"product_tag","embeddable":true,"href":"https:\/\/mes-pochoirs.com\/es\/wp-json\/wp\/v2\/product_tag?post=20884"}],"curies":[{"name":"wp","href":"https:\/\/api.w.org\/{rel}","templated":true}]}}