{"id":20934,"date":"2025-02-19T12:14:27","date_gmt":"2025-02-19T11:14:27","guid":{"rendered":"https:\/\/mes-pochoirs.com\/?post_type=product&#038;p=20934"},"modified":"2025-10-31T12:30:22","modified_gmt":"2025-10-31T11:30:22","slug":"coulure-face-stencil-ddm014","status":"publish","type":"product","link":"https:\/\/mes-pochoirs.com\/es\/produit\/pochoir-coulures-visage-ddm014","title":{"rendered":"Plantilla Rostro Femenino - Sombras y Manchas - DDM014"},"content":{"rendered":"<h2>Plantilla de heridas en la cara<\/h2>\n<h3>Un retrato expresivo e intenso<\/h3>\n<p>A\u00f1ade un toque art\u00edstico y atrevido a tus creaciones con este <strong>Plantilla de heridas en la cara<\/strong>Este es el retrato cautivador y misterioso de una mujer. Su mirada intensa y su expresi\u00f3n serena parecen contar una historia, una emoci\u00f3n congelada en el tiempo. El efecto de desvanecimiento y las gotas de pintura a\u00f1aden una dimensi\u00f3n dram\u00e1tica, evocando el paso del tiempo, la transformaci\u00f3n y el poder del arte urbano. Esta plantilla es mucho m\u00e1s que un simple motivo: se convierte en un verdadero <strong>medios de expresi\u00f3n<\/strong> para dar vida a obras llenas de significado y emoci\u00f3n. Tanto si desea personalizar una pared, un lienzo o un mueble, este <strong>Plantilla de heridas en la cara<\/strong>\u00a0causar\u00e1 un fuerte impacto visual. Su llamativo dise\u00f1o capta inmediatamente la atenci\u00f3n e invita a la interpretaci\u00f3n. Encaja a la perfecci\u00f3n en ambientes modernos, industriales o art\u00edsticos, para lograr un aspecto \u00fanico y vibrante.<\/p>\n<h3>Un estilo entre el street art y el minimalismo<\/h3>\n<p>Inspirado por <strong>arte callejero y dise\u00f1o gr\u00e1fico contempor\u00e1neo<\/strong>este <strong>Plantilla de heridas en la cara<\/strong> combina minimalismo y fuerza visual. Sus contrastes recuerdan las t\u00e9cnicas de estarcido urbano utilizadas por los grandes nombres del graffiti, al tiempo que conservan una refinada elegancia. El efecto de goteo a\u00f1ade un toque art\u00edstico, reforzando el dinamismo del dise\u00f1o. Esta plantilla es perfecta para artistas, dise\u00f1adores y aficionados a la decoraci\u00f3n original que deseen dar a su trabajo un aspecto distintivo. <strong>fuerte identidad a sus obras<\/strong>. F\u00e1cil de usar en una variedad de superficies (paredes, lienzos, madera, textiles), se convierte en un ideal <strong>aliado creativo<\/strong> para expresar un mensaje poderoso, afirmar un estilo o simplemente embellecer un espacio con un toque art\u00edstico y contempor\u00e1neo. Con esta plantilla, cada proyecto se convierte en una declaraci\u00f3n visual que combina fuerza, elegancia y modernidad.<\/p>","protected":false},"excerpt":{"rendered":"<p><strong data-start=\"1265\" data-end=\"1293\">Plantilla de heridas en la cara<\/strong> inspirados en el arte callejero, perfectos para crear obras de arte \u00fanicas. De alta calidad, reutilizables y disponibles en varios tama\u00f1os.<\/p>","protected":false},"featured_media":20980,"comment_status":"open","ping_status":"closed","template":"","meta":{"bwfblock_default_font":"","_kad_blocks_custom_css":"","_kad_blocks_head_custom_js":"","_kad_blocks_body_custom_js":"","_kad_blocks_footer_custom_js":"","_kadence_starter_templates_imported_post":false,"_kad_post_transparent":"default","_kad_post_title":"","_kad_post_layout":"default","_kad_post_sidebar_id":"","_kad_post_content_style":"default","_kad_post_vertical_padding":"default","_kad_post_feature":"","_kad_post_feature_position":"","_kad_post_header":false,"_kad_post_footer":false,"_kad_post_classname":""},"product_brand":[1415],"product_cat":[1139,481,36],"product_tag":[694,689,1142,147,1141,1058,359,285,1143,390,1140,327,286,338],"class_list":{"0":"post-20934","1":"product","2":"type-product","3":"status-publish","4":"has-post-thumbnail","6":"product_brand-mes-pochoirs","7":"product_cat-dripping-dreams","8":"product_cat-collections","9":"product_cat-pochoirs-portraits-visages","10":"product_tag-abstrait","11":"product_tag-artistique","12":"product_tag-coulures","13":"product_tag-design","14":"product_tag-dripping","15":"product_tag-emotion","16":"product_tag-femme","17":"product_tag-graffiti","18":"product_tag-ombres","19":"product_tag-portrait","20":"product_tag-silhouette","21":"product_tag-street-art","22":"product_tag-urbain","23":"product_tag-visage","25":"first","26":"instock","27":"taxable","28":"shipping-taxable","29":"purchasable","30":"product-type-variable","31":"entry","32":"content-bg","33":"loop-entry"},"taxonomy_info":{"product_brand":[{"value":1415,"label":"Mes Pochoirs"}],"product_cat":[{"value":1139,"label":"Dripping Dreams"},{"value":481,"label":"Collections"},{"value":36,"label":"Portraits &amp; Visages"}],"product_tag":[{"value":694,"label":"abstrait"},{"value":689,"label":"artistique"},{"value":1142,"label":"coulures"},{"value":147,"label":"Design"},{"value":1141,"label":"dripping"},{"value":1058,"label":"Emotion"},{"value":359,"label":"femme"},{"value":285,"label":"graffiti"},{"value":1143,"label":"ombres"},{"value":390,"label":"portrait"},{"value":1140,"label":"silhouette"},{"value":327,"label":"street art"},{"value":286,"label":"urbain"},{"value":338,"label":"visage"}]},"featured_image_src_large":["https:\/\/mes-pochoirs.com\/wp-content\/uploads\/2025\/02\/DDM014-pochoir-visage-femme-dripping-dreams-copyright-mes-pochoirs-858x1030.jpg",858,1030,true],"author_info":[],"comment_info":0,"_links":{"self":[{"href":"https:\/\/mes-pochoirs.com\/es\/wp-json\/wp\/v2\/product\/20934","targetHints":{"allow":["GET"]}}],"collection":[{"href":"https:\/\/mes-pochoirs.com\/es\/wp-json\/wp\/v2\/product"}],"about":[{"href":"https:\/\/mes-pochoirs.com\/es\/wp-json\/wp\/v2\/types\/product"}],"replies":[{"embeddable":true,"href":"https:\/\/mes-pochoirs.com\/es\/wp-json\/wp\/v2\/comments?post=20934"}],"wp:featuredmedia":[{"embeddable":true,"href":"https:\/\/mes-pochoirs.com\/es\/wp-json\/wp\/v2\/media\/20980"}],"wp:attachment":[{"href":"https:\/\/mes-pochoirs.com\/es\/wp-json\/wp\/v2\/media?parent=20934"}],"wp:term":[{"taxonomy":"product_brand","embeddable":true,"href":"https:\/\/mes-pochoirs.com\/es\/wp-json\/wp\/v2\/product_brand?post=20934"},{"taxonomy":"product_cat","embeddable":true,"href":"https:\/\/mes-pochoirs.com\/es\/wp-json\/wp\/v2\/product_cat?post=20934"},{"taxonomy":"product_tag","embeddable":true,"href":"https:\/\/mes-pochoirs.com\/es\/wp-json\/wp\/v2\/product_tag?post=20934"}],"curies":[{"name":"wp","href":"https:\/\/api.w.org\/{rel}","templated":true}]}}