{"id":21211,"date":"2025-02-26T11:12:20","date_gmt":"2025-02-26T10:12:20","guid":{"rendered":"https:\/\/mes-pochoirs.com\/?post_type=product&#038;p=21211"},"modified":"2025-10-31T12:30:43","modified_gmt":"2025-10-31T11:30:43","slug":"plantilla-lagarto-exotico-a0069","status":"publish","type":"product","link":"https:\/\/mes-pochoirs.com\/es\/produit\/pochoir-exotique-lezard-a0069","title":{"rendered":"Plantilla lagarto - A0069"},"content":{"rendered":"<h2>Plantilla de lagarto ex\u00f3tico<\/h2>\n<h3>S\u00edmbolo de vitalidad y energ\u00eda salvaje<\/h3>\n<p>Sum\u00e9rjase en el fascinante mundo de la fauna ex\u00f3tica con este <strong>Plantilla de lagarto ex\u00f3tico<\/strong>Es una invitaci\u00f3n a captar la vivacidad y la fuerza de este fascinante animal. Su esbelto cuerpo, en pleno ascenso, parece inspirar un movimiento din\u00e1mico e instintivo, como si este lagarto saltara de la plantilla para cobrar vida ante tus propios ojos. Su mirada penetrante y su postura expresiva evocan una fuerza primitiva, una conexi\u00f3n profunda con la naturaleza y su energ\u00eda bruta. Con esta plantilla, dar\u00e1s un toque de color a tu hogar. <strong>dinamismo y car\u00e1cter<\/strong> a tus creaciones art\u00edsticas, ya sean decoraciones murales, personalizaci\u00f3n de muebles o atrevidos proyectos de bricolaje. D\u00e9jese seducir por este s\u00edmbolo de resistencia y adaptabilidad, y confiera a sus obras un impacto visual poderoso y evocador.<\/p>\n<h3>Dise\u00f1o gr\u00e1fico inspirador<\/h3>\n<p>Este <strong>Plantilla de lagarto ex\u00f3tico<\/strong> se distingue por su est\u00e9tica atrevida y moderna. Recuerda a los estilos tribal y de arte callejero, perfecto para a\u00f1adir una fuerte identidad a tus creaciones. Con sus l\u00edneas limpias, esta plantilla capta a la perfecci\u00f3n la energ\u00eda bruta del reptil, al tiempo que ofrece una gran libertad de expresi\u00f3n a artistas y dise\u00f1adores. F\u00e1cil de usar, proporciona un acabado impecable en <strong>todas las superficies<\/strong>Ya sea sobre madera, tela, papel o incluso hormig\u00f3n. Exprese su creatividad sin l\u00edmites y transforme sus superficies en verdaderas obras de arte con este motivo llamativo y original. Ya sea para una decoraci\u00f3n ex\u00f3tica, un fresco urbano o una pieza \u00fanica, esta plantilla se convertir\u00e1 r\u00e1pidamente en su favorita. <strong>herramienta indispensable<\/strong> de su colecci\u00f3n de arte.<\/p>","protected":false},"excerpt":{"rendered":"<p><strong>Plantilla de lagarto ex\u00f3tico<\/strong> - A\u00f1ade un toque ex\u00f3tico y salvaje a tu hogar o a tus creaciones art\u00edsticas con este dise\u00f1o \u00fanico.<\/p>","protected":false},"featured_media":21295,"comment_status":"open","ping_status":"closed","template":"","meta":{"bwfblock_default_font":"","_kad_blocks_custom_css":"","_kad_blocks_head_custom_js":"","_kad_blocks_body_custom_js":"","_kad_blocks_footer_custom_js":"","_kadence_starter_templates_imported_post":false,"_kad_post_transparent":"default","_kad_post_title":"","_kad_post_layout":"default","_kad_post_sidebar_id":"","_kad_post_content_style":"default","_kad_post_vertical_padding":"default","_kad_post_feature":"","_kad_post_feature_position":"","_kad_post_header":false,"_kad_post_footer":false,"_kad_post_classname":""},"product_brand":[1415],"product_cat":[364],"product_tag":[367,1177,620,456,1175,1064,370,1186,1176],"class_list":{"0":"post-21211","1":"product","2":"type-product","3":"status-publish","4":"has-post-thumbnail","6":"product_brand-mes-pochoirs","7":"product_cat-pochoirs-animaux","8":"product_tag-animal","9":"product_tag-energie","10":"product_tag-exotique","11":"product_tag-faune","12":"product_tag-lezard","13":"product_tag-liberte","14":"product_tag-nature","15":"product_tag-reptile","16":"product_tag-transformation","18":"first","19":"instock","20":"taxable","21":"shipping-taxable","22":"purchasable","23":"product-type-variable","24":"has-default-attributes","25":"entry","26":"content-bg","27":"loop-entry"},"taxonomy_info":{"product_brand":[{"value":1415,"label":"Mes Pochoirs"}],"product_cat":[{"value":364,"label":"Animaux"}],"product_tag":[{"value":367,"label":"animal"},{"value":1177,"label":"\u00e9nergie"},{"value":620,"label":"exotique"},{"value":456,"label":"faune"},{"value":1175,"label":"l\u00e9zard"},{"value":1064,"label":"Libert\u00e9"},{"value":370,"label":"nature"},{"value":1186,"label":"reptile"},{"value":1176,"label":"transformation"}]},"featured_image_src_large":["https:\/\/mes-pochoirs.com\/wp-content\/uploads\/2025\/02\/A0069-pochoir-lezard-copyright-mes-pochoirs-858x1030.jpg",858,1030,true],"author_info":[],"comment_info":0,"_links":{"self":[{"href":"https:\/\/mes-pochoirs.com\/es\/wp-json\/wp\/v2\/product\/21211","targetHints":{"allow":["GET"]}}],"collection":[{"href":"https:\/\/mes-pochoirs.com\/es\/wp-json\/wp\/v2\/product"}],"about":[{"href":"https:\/\/mes-pochoirs.com\/es\/wp-json\/wp\/v2\/types\/product"}],"replies":[{"embeddable":true,"href":"https:\/\/mes-pochoirs.com\/es\/wp-json\/wp\/v2\/comments?post=21211"}],"wp:featuredmedia":[{"embeddable":true,"href":"https:\/\/mes-pochoirs.com\/es\/wp-json\/wp\/v2\/media\/21295"}],"wp:attachment":[{"href":"https:\/\/mes-pochoirs.com\/es\/wp-json\/wp\/v2\/media?parent=21211"}],"wp:term":[{"taxonomy":"product_brand","embeddable":true,"href":"https:\/\/mes-pochoirs.com\/es\/wp-json\/wp\/v2\/product_brand?post=21211"},{"taxonomy":"product_cat","embeddable":true,"href":"https:\/\/mes-pochoirs.com\/es\/wp-json\/wp\/v2\/product_cat?post=21211"},{"taxonomy":"product_tag","embeddable":true,"href":"https:\/\/mes-pochoirs.com\/es\/wp-json\/wp\/v2\/product_tag?post=21211"}],"curies":[{"name":"wp","href":"https:\/\/api.w.org\/{rel}","templated":true}]}}