{"id":21479,"date":"2025-03-05T15:26:08","date_gmt":"2025-03-05T14:26:08","guid":{"rendered":"https:\/\/mes-pochoirs.com\/?post_type=product&#038;p=21479"},"modified":"2025-10-31T12:31:43","modified_gmt":"2025-10-31T11:31:43","slug":"plantilla-voz-francesa-leyenda-pld007","status":"publish","type":"product","link":"https:\/\/mes-pochoirs.com\/es\/produit\/pochoir-legende-voix-francaise-pld007","title":{"rendered":"Plantilla Colecci\u00f3n \"Pop Legends\" - PLD007"},"content":{"rendered":"<h2>leyenda de la plantilla voz francesa<\/h2>\n<h3>Un retrato poderoso y cargado de emoci\u00f3n<\/h3>\n<p><strong>Plantilla de la leyenda de la voz francesa<\/strong> Reg\u00e1lese una plantilla que capta la intensidad de un rostro inolvidable inspirado en un icono intemporal de la m\u00fasica francesa. Este retrato expresa la emoci\u00f3n en su esencia, entre la fuerza y la vulnerabilidad. La mirada hacia el cielo y la boca entreabierta evocan la pasi\u00f3n pura e inspirada de una cantante que hizo historia. Cada detalle, desde las pesta\u00f1as dibujadas con audacia hasta la luz que acaricia sus labios, cuenta una historia de talento en bruto y expresi\u00f3n sin filtros. Esta plantilla es mucho m\u00e1s que un dise\u00f1o: es una ventana al mundo de la cantante. <strong>el alma de una leyenda<\/strong>. Invita a cada artista a crear en torno a esta personalidad \u00fanica, a revisitar a la celebridad desde un \u00e1ngulo personal y creativo.<\/p>\n<h3>Un estilo gr\u00e1fico a medio camino entre el pop art y el street art<\/h3>\n<p><strong>Plantilla de la leyenda de la voz francesa<\/strong> Inspirada en las grandes tendencias art\u00edsticas, esta plantilla combina h\u00e1bilmente la energ\u00eda bruta del arte pop, el impacto visual del arte callejero y la elegancia de un retrato estilizado. Esta plantilla es la herramienta creativa ideal para crear obras de arte modernas, expresivas y originales, jugando con el simbolismo de un \"retrato\". <strong>Estrella francesa de eterno carisma.<\/strong> Ya sea sobre lienzo, pared o mueble, te permite reinterpretar este icono a tu manera, infundi\u00e9ndole tu propia voz art\u00edstica.<\/p>","protected":false},"excerpt":{"rendered":"<p><strong>Plantilla de la leyenda de la voz francesa<\/strong> para artistas. Creaci\u00f3n de cuadros, frescos, de alta calidad, reutilizables, reversibles, de todos los tama\u00f1os.<\/p>","protected":false},"featured_media":21732,"comment_status":"open","ping_status":"closed","template":"","meta":{"bwfblock_default_font":"","_kad_blocks_custom_css":"","_kad_blocks_head_custom_js":"","_kad_blocks_body_custom_js":"","_kad_blocks_footer_custom_js":"","_kadence_starter_templates_imported_post":false,"_kad_post_transparent":"default","_kad_post_title":"","_kad_post_layout":"default","_kad_post_sidebar_id":"","_kad_post_content_style":"default","_kad_post_vertical_padding":"default","_kad_post_feature":"","_kad_post_feature_position":"","_kad_post_header":false,"_kad_post_footer":false,"_kad_post_classname":""},"product_brand":[1415],"product_cat":[1190,481,732,332,36],"product_tag":[340,1200,1195,471,1191,445,1192,333,390,478,338],"class_list":{"0":"post-21479","1":"product","2":"type-product","3":"status-publish","4":"has-post-thumbnail","6":"product_brand-mes-pochoirs","7":"product_cat-pop-legends","8":"product_cat-collections","9":"product_cat-pochoirs-icones-celebrites","10":"product_cat-pochoirs-pop-art","11":"product_cat-pochoirs-portraits-visages","12":"product_tag-celebrite","13":"product_tag-chanteuse","14":"product_tag-francaise","15":"product_tag-icone","16":"product_tag-legende","17":"product_tag-musique","18":"product_tag-personnalite","19":"product_tag-pop-art","20":"product_tag-portrait","21":"product_tag-stars","22":"product_tag-visage","24":"first","25":"instock","26":"taxable","27":"shipping-taxable","28":"purchasable","29":"product-type-variable","30":"has-default-attributes","31":"entry","32":"content-bg","33":"loop-entry"},"taxonomy_info":{"product_brand":[{"value":1415,"label":"Mes Pochoirs"}],"product_cat":[{"value":1190,"label":"Pop Legends"},{"value":481,"label":"Collections"},{"value":732,"label":"Ic\u00f4nes &amp; C\u00e9l\u00e9brit\u00e9s"},{"value":332,"label":"Pop Art"},{"value":36,"label":"Portraits &amp; Visages"}],"product_tag":[{"value":340,"label":"c\u00e9l\u00e9brit\u00e9"},{"value":1200,"label":"chanteuse"},{"value":1195,"label":"fran\u00e7aise"},{"value":471,"label":"icone"},{"value":1191,"label":"l\u00e9gende"},{"value":445,"label":"musique"},{"value":1192,"label":"personnalit\u00e9"},{"value":333,"label":"pop art"},{"value":390,"label":"portrait"},{"value":478,"label":"stars"},{"value":338,"label":"visage"}]},"featured_image_src_large":["https:\/\/mes-pochoirs.com\/wp-content\/uploads\/2025\/03\/PLD007-pochoir-pop-legends-copyright-mes-pochoirs-858x1030.jpg",858,1030,true],"author_info":[],"comment_info":0,"_links":{"self":[{"href":"https:\/\/mes-pochoirs.com\/es\/wp-json\/wp\/v2\/product\/21479","targetHints":{"allow":["GET"]}}],"collection":[{"href":"https:\/\/mes-pochoirs.com\/es\/wp-json\/wp\/v2\/product"}],"about":[{"href":"https:\/\/mes-pochoirs.com\/es\/wp-json\/wp\/v2\/types\/product"}],"replies":[{"embeddable":true,"href":"https:\/\/mes-pochoirs.com\/es\/wp-json\/wp\/v2\/comments?post=21479"}],"wp:featuredmedia":[{"embeddable":true,"href":"https:\/\/mes-pochoirs.com\/es\/wp-json\/wp\/v2\/media\/21732"}],"wp:attachment":[{"href":"https:\/\/mes-pochoirs.com\/es\/wp-json\/wp\/v2\/media?parent=21479"}],"wp:term":[{"taxonomy":"product_brand","embeddable":true,"href":"https:\/\/mes-pochoirs.com\/es\/wp-json\/wp\/v2\/product_brand?post=21479"},{"taxonomy":"product_cat","embeddable":true,"href":"https:\/\/mes-pochoirs.com\/es\/wp-json\/wp\/v2\/product_cat?post=21479"},{"taxonomy":"product_tag","embeddable":true,"href":"https:\/\/mes-pochoirs.com\/es\/wp-json\/wp\/v2\/product_tag?post=21479"}],"curies":[{"name":"wp","href":"https:\/\/api.w.org\/{rel}","templated":true}]}}