{"id":21485,"date":"2025-03-05T15:38:19","date_gmt":"2025-03-05T14:38:19","guid":{"rendered":"https:\/\/mes-pochoirs.com\/?post_type=product&#038;p=21485"},"modified":"2025-10-31T12:31:45","modified_gmt":"2025-10-31T11:31:45","slug":"plantilla-actriz-de-hollywood-pld008","status":"publish","type":"product","link":"https:\/\/mes-pochoirs.com\/es\/produit\/pochoir-actrice-hollywoodienne-pld008","title":{"rendered":"Plantilla de la colecci\u00f3n \"Pop Legends\" - PLD008"},"content":{"rendered":"<h2>Plantilla de actriz de Hollywood<\/h2>\n<h3>Un retrato que capta la esencia de una leyenda<\/h3>\n<p>Sum\u00e9rjase en un mundo de glamour y misterio con este <strong>Plantilla de actriz de Hollywood<\/strong>inspirado en un icono del cine atemporal. Este <strong>retrato<\/strong>\u00a0capta toda la intensidad de una mirada inolvidable y la fuerza de una personalidad que marc\u00f3 la historia del <strong>Hollywood<\/strong> de oro. Su expresi\u00f3n segura y misteriosa a la vez atrae de inmediato, recordando a aquellas estrellas cuya mera presencia bastaba para encender la pantalla. Con esta <strong>Plantilla de actriz de Hollywood<\/strong>Cada rasgo -desde los ojos penetrantes hasta los labios glamurosos y el cabello voluminoso- cuenta una historia de celebridad, carisma y elegancia. Invita a los artistas a jugar con los contrastes e infundir a sus creaciones el aura legendaria que atraviesa las \u00e9pocas. Tanto si busca expresar la belleza cl\u00e1sica, la fascinaci\u00f3n por las estrellas o un mensaje m\u00e1s comprometido con el medio ambiente, tenemos algo para usted.<strong>la imagen de la mujer en el cine<\/strong>la plantilla se convierte en una herramienta narrativa por derecho propio.<\/p>\n<h3>Un estilo art\u00edstico a medio camino entre el pop art y el street art<\/h3>\n<p>Este <strong>Plantilla de actriz de Hollywood<\/strong> forma parte de un <strong>estilo pop art<\/strong> que combina la fuerza de los retratos de famosos con la cruda energ\u00eda del arte callejero. Sus marcados contrastes y patrones de puntos recuerdan a los carteles de cine de los a\u00f1os 60, pero se adaptan perfectamente a una est\u00e9tica contempor\u00e1nea. Dise\u00f1ada para inspirar a artistas urbanos, dise\u00f1adores de muebles a medida y a cualquiera que sienta pasi\u00f3n por la decoraci\u00f3n original, esta plantilla transforma cualquier superficie en un lienzo expresivo y lleno de car\u00e1cter. Puede utilizarse para crear llamativos frescos, a\u00f1adir textura a las paredes o dar un toque de personalidad a sus obras m\u00e1s atrevidas. Con esta plantilla de actriz de Hollywood, d\u00e9 rienda suelta a su imaginaci\u00f3n y atr\u00e9vase a seguir los pasos de los grandes artistas del pop art, a la vez que rinde homenaje a las estrellas m\u00e1s famosas de nuestro tiempo. <strong>grandes estrellas<\/strong> de <strong>Cine de Hollywood<\/strong>.<\/p>","protected":false},"excerpt":{"rendered":"<p><strong>Plantilla de actriz de Hollywood<\/strong> para crear arte pop en una pared o un cuadro. Reutilizables, reversibles, de alta calidad, disponibles en varios tama\u00f1os.<\/p>","protected":false},"featured_media":21621,"comment_status":"open","ping_status":"closed","template":"","meta":{"bwfblock_default_font":"","_kad_blocks_custom_css":"","_kad_blocks_head_custom_js":"","_kad_blocks_body_custom_js":"","_kad_blocks_footer_custom_js":"","_kadence_starter_templates_imported_post":false,"_kad_post_transparent":"default","_kad_post_title":"","_kad_post_layout":"default","_kad_post_sidebar_id":"","_kad_post_content_style":"default","_kad_post_vertical_padding":"default","_kad_post_feature":"","_kad_post_feature_position":"","_kad_post_header":false,"_kad_post_footer":false,"_kad_post_classname":""},"product_brand":[1415],"product_cat":[1190,481,732,332,36],"product_tag":[1193,340,824,1201,471,1191,1192,333,390,478,338],"class_list":{"0":"post-21485","1":"product","2":"type-product","3":"status-publish","4":"has-post-thumbnail","6":"product_brand-mes-pochoirs","7":"product_cat-pop-legends","8":"product_cat-collections","9":"product_cat-pochoirs-icones-celebrites","10":"product_cat-pochoirs-pop-art","11":"product_cat-pochoirs-portraits-visages","12":"product_tag-actrice","13":"product_tag-celebrite","14":"product_tag-cinema","15":"product_tag-hollywood","16":"product_tag-icone","17":"product_tag-legende","18":"product_tag-personnalite","19":"product_tag-pop-art","20":"product_tag-portrait","21":"product_tag-stars","22":"product_tag-visage","24":"first","25":"instock","26":"taxable","27":"shipping-taxable","28":"purchasable","29":"product-type-variable","30":"has-default-attributes","31":"entry","32":"content-bg","33":"loop-entry"},"taxonomy_info":{"product_brand":[{"value":1415,"label":"Mes Pochoirs"}],"product_cat":[{"value":1190,"label":"Pop Legends"},{"value":481,"label":"Collections"},{"value":732,"label":"Ic\u00f4nes &amp; C\u00e9l\u00e9brit\u00e9s"},{"value":332,"label":"Pop Art"},{"value":36,"label":"Portraits &amp; Visages"}],"product_tag":[{"value":1193,"label":"actrice"},{"value":340,"label":"c\u00e9l\u00e9brit\u00e9"},{"value":824,"label":"cin\u00e9ma"},{"value":1201,"label":"Hollywood"},{"value":471,"label":"icone"},{"value":1191,"label":"l\u00e9gende"},{"value":1192,"label":"personnalit\u00e9"},{"value":333,"label":"pop art"},{"value":390,"label":"portrait"},{"value":478,"label":"stars"},{"value":338,"label":"visage"}]},"featured_image_src_large":["https:\/\/mes-pochoirs.com\/wp-content\/uploads\/2025\/03\/PLD008-pochoir-collection-pop-legends-copyright-mes-pochoirs-858x1030.jpg",858,1030,true],"author_info":[],"comment_info":0,"_links":{"self":[{"href":"https:\/\/mes-pochoirs.com\/es\/wp-json\/wp\/v2\/product\/21485","targetHints":{"allow":["GET"]}}],"collection":[{"href":"https:\/\/mes-pochoirs.com\/es\/wp-json\/wp\/v2\/product"}],"about":[{"href":"https:\/\/mes-pochoirs.com\/es\/wp-json\/wp\/v2\/types\/product"}],"replies":[{"embeddable":true,"href":"https:\/\/mes-pochoirs.com\/es\/wp-json\/wp\/v2\/comments?post=21485"}],"wp:featuredmedia":[{"embeddable":true,"href":"https:\/\/mes-pochoirs.com\/es\/wp-json\/wp\/v2\/media\/21621"}],"wp:attachment":[{"href":"https:\/\/mes-pochoirs.com\/es\/wp-json\/wp\/v2\/media?parent=21485"}],"wp:term":[{"taxonomy":"product_brand","embeddable":true,"href":"https:\/\/mes-pochoirs.com\/es\/wp-json\/wp\/v2\/product_brand?post=21485"},{"taxonomy":"product_cat","embeddable":true,"href":"https:\/\/mes-pochoirs.com\/es\/wp-json\/wp\/v2\/product_cat?post=21485"},{"taxonomy":"product_tag","embeddable":true,"href":"https:\/\/mes-pochoirs.com\/es\/wp-json\/wp\/v2\/product_tag?post=21485"}],"curies":[{"name":"wp","href":"https:\/\/api.w.org\/{rel}","templated":true}]}}