{"id":21491,"date":"2025-03-05T15:51:43","date_gmt":"2025-03-05T14:51:43","guid":{"rendered":"https:\/\/mes-pochoirs.com\/?post_type=product&#038;p=21491"},"modified":"2025-10-31T12:31:47","modified_gmt":"2025-10-31T11:31:47","slug":"plantilla-king-of-rock-pld009","status":"publish","type":"product","link":"https:\/\/mes-pochoirs.com\/es\/produit\/pochoir-roi-du-rock-pld009","title":{"rendered":"Plantilla de la colecci\u00f3n \"Pop Legends\" - PLD009"},"content":{"rendered":"<h2>Plantilla King of Rock<\/h2>\n<h3>Un retrato legendario que suena como un riff de guitarra<\/h3>\n<p>D\u00e9jese seducir por la <strong>Plantilla King of Rock<\/strong>Una pieza imprescindible que captura la esencia misma de la celebridad y el rock. Este <strong>retrato<\/strong> La atrevida imagen representa a un icono de actitud provocativa, pelo repeinado hacia atr\u00e1s y ojos tan penetrantes como una nota de guitarra el\u00e9ctrica. Entre <strong>leyenda<\/strong> Con una personalidad atemporal y rebelde, este rostro evoca la libertad, el empuje y la energ\u00eda bruta de la m\u00fasica que ha dado forma a generaciones. Esta plantilla es mucho m\u00e1s que un simple motivo: transmite un poderoso mensaje de expresi\u00f3n sin l\u00edmites y creatividad desenfrenada. Tanto si desea a\u00f1adir car\u00e1cter a un <strong>obra art\u00edstica<\/strong>Ya sea para personalizar una pared o firmar una creaci\u00f3n personal, esta plantilla invita a todo artista a atreverse y dejar su propia huella en el mundo del arte urbano.<\/p>\n<h3>un llamativo estilo pop art para potenciar tu creatividad<\/h3>\n<p>Le <strong>Plantilla King of Rock<\/strong> se inscribe en la pura tradici\u00f3n de <strong>estilo pop art<\/strong>con sus llamativos contrastes y su est\u00e9tica gr\u00e1fica reconocible al instante. Este retrato estilizado juega con las luces y las sombras para crear un rostro poderoso, listo para causar un impacto inmediato. Inspirada en las t\u00e9cnicas del street art, esta plantilla se presta a multitud de superficies: lienzos, muebles, paredes u objetos decorativos, dando rienda suelta a todos sus deseos creativos. Con esta plantilla, cualquier artista puede evocar el aura de una estrella, de un cantante legendario, de un rey de la escena, y reinterpretar su imagen con un toque personal. M\u00e1s que una herramienta, es una invitaci\u00f3n a jugar con los c\u00f3digos de la celebridad, a reinventar el icono y dejar su huella en el mundo de la m\u00fasica, el arte y la cultura pop.<\/p>","protected":false},"excerpt":{"rendered":"<p><strong>Plantilla King of Rock<\/strong> Reutilizables para pintura, cuadros u obras de arte \u00fanicas. Alta calidad, reversible, varios tama\u00f1os disponibles.<\/p>","protected":false},"featured_media":21731,"comment_status":"open","ping_status":"closed","template":"","meta":{"bwfblock_default_font":"","_kad_blocks_custom_css":"","_kad_blocks_head_custom_js":"","_kad_blocks_body_custom_js":"","_kad_blocks_footer_custom_js":"","_kadence_starter_templates_imported_post":false,"_kad_post_transparent":"default","_kad_post_title":"","_kad_post_layout":"default","_kad_post_sidebar_id":"","_kad_post_content_style":"default","_kad_post_vertical_padding":"default","_kad_post_feature":"","_kad_post_feature_position":"","_kad_post_header":false,"_kad_post_footer":false,"_kad_post_classname":""},"product_brand":[1415],"product_cat":[1190,481,732,332,36],"product_tag":[340,1196,471,1191,445,1192,333,390,560,1202,478,338],"class_list":{"0":"post-21491","1":"product","2":"type-product","3":"status-publish","4":"has-post-thumbnail","6":"product_brand-mes-pochoirs","7":"product_cat-pop-legends","8":"product_cat-collections","9":"product_cat-pochoirs-icones-celebrites","10":"product_cat-pochoirs-pop-art","11":"product_cat-pochoirs-portraits-visages","12":"product_tag-celebrite","13":"product_tag-chanteur","14":"product_tag-icone","15":"product_tag-legende","16":"product_tag-musique","17":"product_tag-personnalite","18":"product_tag-pop-art","19":"product_tag-portrait","20":"product_tag-rock","21":"product_tag-roi","22":"product_tag-stars","23":"product_tag-visage","25":"first","26":"instock","27":"taxable","28":"shipping-taxable","29":"purchasable","30":"product-type-variable","31":"has-default-attributes","32":"entry","33":"content-bg","34":"loop-entry"},"taxonomy_info":{"product_brand":[{"value":1415,"label":"Mes Pochoirs"}],"product_cat":[{"value":1190,"label":"Pop Legends"},{"value":481,"label":"Collections"},{"value":732,"label":"Ic\u00f4nes &amp; C\u00e9l\u00e9brit\u00e9s"},{"value":332,"label":"Pop Art"},{"value":36,"label":"Portraits &amp; Visages"}],"product_tag":[{"value":340,"label":"c\u00e9l\u00e9brit\u00e9"},{"value":1196,"label":"chanteur"},{"value":471,"label":"icone"},{"value":1191,"label":"l\u00e9gende"},{"value":445,"label":"musique"},{"value":1192,"label":"personnalit\u00e9"},{"value":333,"label":"pop art"},{"value":390,"label":"portrait"},{"value":560,"label":"Rock"},{"value":1202,"label":"roi"},{"value":478,"label":"stars"},{"value":338,"label":"visage"}]},"featured_image_src_large":["https:\/\/mes-pochoirs.com\/wp-content\/uploads\/2025\/03\/PLD009-pochoir-pop-legends-copyright-mes-pochoirs-858x1030.jpg",858,1030,true],"author_info":[],"comment_info":0,"_links":{"self":[{"href":"https:\/\/mes-pochoirs.com\/es\/wp-json\/wp\/v2\/product\/21491","targetHints":{"allow":["GET"]}}],"collection":[{"href":"https:\/\/mes-pochoirs.com\/es\/wp-json\/wp\/v2\/product"}],"about":[{"href":"https:\/\/mes-pochoirs.com\/es\/wp-json\/wp\/v2\/types\/product"}],"replies":[{"embeddable":true,"href":"https:\/\/mes-pochoirs.com\/es\/wp-json\/wp\/v2\/comments?post=21491"}],"wp:featuredmedia":[{"embeddable":true,"href":"https:\/\/mes-pochoirs.com\/es\/wp-json\/wp\/v2\/media\/21731"}],"wp:attachment":[{"href":"https:\/\/mes-pochoirs.com\/es\/wp-json\/wp\/v2\/media?parent=21491"}],"wp:term":[{"taxonomy":"product_brand","embeddable":true,"href":"https:\/\/mes-pochoirs.com\/es\/wp-json\/wp\/v2\/product_brand?post=21491"},{"taxonomy":"product_cat","embeddable":true,"href":"https:\/\/mes-pochoirs.com\/es\/wp-json\/wp\/v2\/product_cat?post=21491"},{"taxonomy":"product_tag","embeddable":true,"href":"https:\/\/mes-pochoirs.com\/es\/wp-json\/wp\/v2\/product_tag?post=21491"}],"curies":[{"name":"wp","href":"https:\/\/api.w.org\/{rel}","templated":true}]}}