{"id":21675,"date":"2025-03-04T15:14:29","date_gmt":"2025-03-04T14:14:29","guid":{"rendered":"https:\/\/mes-pochoirs.com\/?post_type=product&#038;p=21675"},"modified":"2025-10-31T12:31:59","modified_gmt":"2025-10-31T11:31:59","slug":"plantilla-estampado-perro-a0074","status":"publish","type":"product","link":"https:\/\/mes-pochoirs.com\/es\/produit\/pochoir-empreinte-de-chien-a0074","title":{"rendered":"Plantilla Huella de perro - A0074"},"content":{"rendered":"<h2>Plantilla Huella de perro<\/h2>\n<h3>Un rastro que cuenta una historia<\/h3>\n<p>Le <strong>Plantilla Huella de perro<\/strong> capta mucho m\u00e1s que una pata en el suelo. Evoca la presencia discreta pero preciosa de un compa\u00f1ero fiel, el rastro dejado durante un paseo amistoso o la huella indeleble que nuestras mascotas dejan en nuestros corazones. Ya sea un juguet\u00f3n Golden Retriever, un curioso Beagle o un en\u00e9rgico Pastor Australiano, cada huella cuenta una historia, entre la naturaleza salvaje y la vida cotidiana compartida. Tanto si desea ilustrar la ternura de un perro dom\u00e9stico como el esp\u00edritu libre de un trotamundos de cuatro patas, esta plantilla se convierte en un vector de emociones, capaz de transformar una creaci\u00f3n en una aut\u00e9ntica historia visual.<\/p>\n<h3>Un estilo crudo y aut\u00e9ntico para su creatividad<\/h3>\n<p>Le <strong>Plantilla Huella de perro<\/strong> seduce por su estilo art\u00edstico. Las almohadillas y los contornos crean un efecto de rastro natural, como si el animal acabara de pasar dejando su huella en una pared, un mueble o un lienzo. Tanto si recuerda la elegancia de un Setter Ingl\u00e9s como la energ\u00eda de un Jack Russell, su dise\u00f1o texturizado se adapta por igual a creaciones de arte callejero o a decoraciones m\u00e1s r\u00fasticas o inspiradas en la naturaleza. Utilizado en superposiciones, con colores contrastados o efectos de relieve, ofrece total libertad de expresi\u00f3n a los artistas, aficionados o experimentados. En un solo gesto, esta plantilla permite contar la historia del perro, esa mascota que se ha convertido en musa, guardi\u00e1n o s\u00edmbolo de lealtad y libertad.<\/p>","protected":false},"excerpt":{"rendered":"<p><strong>Plantilla Huella de perro<\/strong> para artistas, dise\u00f1adores y pintores. Reutilizables, reversibles y disponibles en varios tama\u00f1os.<\/p>","protected":false},"featured_media":21632,"comment_status":"open","ping_status":"closed","template":"","meta":{"bwfblock_default_font":"","_kad_blocks_custom_css":"","_kad_blocks_head_custom_js":"","_kad_blocks_body_custom_js":"","_kad_blocks_footer_custom_js":"","_kadence_starter_templates_imported_post":false,"_kad_post_transparent":"default","_kad_post_title":"","_kad_post_layout":"default","_kad_post_sidebar_id":"","_kad_post_content_style":"default","_kad_post_vertical_padding":"default","_kad_post_feature":"","_kad_post_feature_position":"","_kad_post_header":false,"_kad_post_footer":false,"_kad_post_classname":""},"product_brand":[1415],"product_cat":[364],"product_tag":[367,710,708,1209,1207,1206,1211,1205,1208],"class_list":{"0":"post-21675","1":"product","2":"type-product","3":"status-publish","4":"has-post-thumbnail","6":"product_brand-mes-pochoirs","7":"product_cat-pochoirs-animaux","8":"product_tag-animal","9":"product_tag-animal-de-compagnie","10":"product_tag-chien","11":"product_tag-compagnon","12":"product_tag-coussinets","13":"product_tag-empreinte","14":"product_tag-griffes","15":"product_tag-patte","16":"product_tag-trace","18":"first","19":"instock","20":"taxable","21":"shipping-taxable","22":"purchasable","23":"product-type-variable","24":"has-default-attributes","25":"entry","26":"content-bg","27":"loop-entry"},"taxonomy_info":{"product_brand":[{"value":1415,"label":"Mes Pochoirs"}],"product_cat":[{"value":364,"label":"Animaux"}],"product_tag":[{"value":367,"label":"animal"},{"value":710,"label":"animal de compagnie"},{"value":708,"label":"chien"},{"value":1209,"label":"compagnon"},{"value":1207,"label":"coussinets"},{"value":1206,"label":"empreinte"},{"value":1211,"label":"griffes"},{"value":1205,"label":"patte"},{"value":1208,"label":"trace"}]},"featured_image_src_large":["https:\/\/mes-pochoirs.com\/wp-content\/uploads\/2025\/03\/A0074-pochoir-empreinte-chien-copyright-mes-pochoirs-858x1030.jpg",858,1030,true],"author_info":[],"comment_info":0,"_links":{"self":[{"href":"https:\/\/mes-pochoirs.com\/es\/wp-json\/wp\/v2\/product\/21675","targetHints":{"allow":["GET"]}}],"collection":[{"href":"https:\/\/mes-pochoirs.com\/es\/wp-json\/wp\/v2\/product"}],"about":[{"href":"https:\/\/mes-pochoirs.com\/es\/wp-json\/wp\/v2\/types\/product"}],"replies":[{"embeddable":true,"href":"https:\/\/mes-pochoirs.com\/es\/wp-json\/wp\/v2\/comments?post=21675"}],"wp:featuredmedia":[{"embeddable":true,"href":"https:\/\/mes-pochoirs.com\/es\/wp-json\/wp\/v2\/media\/21632"}],"wp:attachment":[{"href":"https:\/\/mes-pochoirs.com\/es\/wp-json\/wp\/v2\/media?parent=21675"}],"wp:term":[{"taxonomy":"product_brand","embeddable":true,"href":"https:\/\/mes-pochoirs.com\/es\/wp-json\/wp\/v2\/product_brand?post=21675"},{"taxonomy":"product_cat","embeddable":true,"href":"https:\/\/mes-pochoirs.com\/es\/wp-json\/wp\/v2\/product_cat?post=21675"},{"taxonomy":"product_tag","embeddable":true,"href":"https:\/\/mes-pochoirs.com\/es\/wp-json\/wp\/v2\/product_tag?post=21675"}],"curies":[{"name":"wp","href":"https:\/\/api.w.org\/{rel}","templated":true}]}}