{"id":21695,"date":"2025-03-04T15:26:48","date_gmt":"2025-03-04T14:26:48","guid":{"rendered":"https:\/\/mes-pochoirs.com\/?post_type=product&#038;p=21695"},"modified":"2025-10-31T12:32:02","modified_gmt":"2025-10-31T11:32:02","slug":"plantilla-estampado-lobo-a0076","status":"publish","type":"product","link":"https:\/\/mes-pochoirs.com\/es\/produit\/pochoir-empreinte-de-loup-a0076","title":{"rendered":"Plantilla Huella de Lobo - A0076"},"content":{"rendered":"<h2>Plantilla Huella de lobo<\/h2>\n<h3>Una ruta salvaje repleta de s\u00edmbolos<\/h3>\n<p>Con el <strong>Plantilla Huella de lobo<\/strong>D\u00e9jate transportar al coraz\u00f3n del bosque, donde cada pata cuenta una historia. Este estampado meticulosamente dibujado capta la fuerza bruta de este m\u00edtico animal, mensajero de la naturaleza ind\u00f3mita. Los limpios contornos de las almohadillas de las patas y las garras evocan tanto el poder de la manada como la majestuosa soledad del lobo solitario, trazando su huella en la tierra h\u00fameda. Esta plantilla tambi\u00e9n evoca la herencia de ciertas razas, como el lobero checoslovaco, cuya silueta salvaje recuerda la de su antepasado, o el husky, acostumbrado a los grandes espacios. Con esta plantilla, dar\u00e1s vida a un s\u00edmbolo universal de la naturaleza libre, el instinto puro y la profunda conexi\u00f3n entre el hombre y el animal.<strong>.<\/strong> Tanto si eres un entusiasta de la vida salvaje, un amante de la naturaleza o un dise\u00f1ador en busca de s\u00edmbolos poderosos, esta plantilla despertar\u00e1 tu imaginaci\u00f3n. Te invita a explorar el v\u00ednculo ancestral entre la huella dejada y la historia que cuenta.<\/p>\n<h3>Una herramienta art\u00edstica con un estilo crudo y poderoso<\/h3>\n<p>Le <strong>Plantilla Huella de lobo<\/strong> es mucho m\u00e1s que un simple patr\u00f3n: es una aut\u00e9ntica herramienta creativa para sus proyectos art\u00edsticos y decorativos. Su estilo minimalista pero poderoso puede adaptarse a cualquier superficie, desde paredes y lienzos hasta muebles y textiles. Evoca una doble identidad: la pata del lobo salvaje y la de los perros de esp\u00edritu libre como el Malamute o el Pastor Alem\u00e1n, compa\u00f1eros protectores y aventureros a la vez. Gracias a la delicadeza de sus recortes, cada huella reproducida conserva toda la autenticidad de una huella de pata real. Ya sea para crear un ambiente de bosque salvaje en un dormitorio, para embellecer un fresco urbano o para personalizar un objeto decorativo, esta plantilla atrae todas las miradas. Juega con el contraste entre la sencillez del estampado y el poder evocador del lobo, creando un fuerte impacto visual que causa una impresi\u00f3n duradera. Esta plantilla de animales se presta tanto a creaciones naturalistas como a composiciones m\u00e1s contempor\u00e1neas o simb\u00f3licas.<\/p>","protected":false},"excerpt":{"rendered":"<p><strong>Plantilla Huella de lobo<\/strong> Reutilizables de alta calidad para sus cuadros, pinturas o decoraciones de naturaleza. Varios tama\u00f1os disponibles.<\/p>","protected":false},"featured_media":21634,"comment_status":"open","ping_status":"closed","template":"","meta":{"bwfblock_default_font":"","_kad_blocks_custom_css":"","_kad_blocks_head_custom_js":"","_kad_blocks_body_custom_js":"","_kad_blocks_footer_custom_js":"","_kadence_starter_templates_imported_post":false,"_kad_post_transparent":"default","_kad_post_title":"","_kad_post_layout":"default","_kad_post_sidebar_id":"","_kad_post_content_style":"default","_kad_post_vertical_padding":"default","_kad_post_feature":"","_kad_post_feature_position":"","_kad_post_header":false,"_kad_post_footer":false,"_kad_post_classname":""},"product_brand":[1415],"product_cat":[364],"product_tag":[367,708,1207,1206,460,1211,396,370,1205,452,1208],"class_list":{"0":"post-21695","1":"product","2":"type-product","3":"status-publish","4":"has-post-thumbnail","6":"product_brand-mes-pochoirs","7":"product_cat-pochoirs-animaux","8":"product_tag-animal","9":"product_tag-chien","10":"product_tag-coussinets","11":"product_tag-empreinte","12":"product_tag-foret","13":"product_tag-griffes","14":"product_tag-loup","15":"product_tag-nature","16":"product_tag-patte","17":"product_tag-sauvage","18":"product_tag-trace","20":"first","21":"instock","22":"taxable","23":"shipping-taxable","24":"purchasable","25":"product-type-variable","26":"has-default-attributes","27":"entry","28":"content-bg","29":"loop-entry"},"taxonomy_info":{"product_brand":[{"value":1415,"label":"Mes Pochoirs"}],"product_cat":[{"value":364,"label":"Animaux"}],"product_tag":[{"value":367,"label":"animal"},{"value":708,"label":"chien"},{"value":1207,"label":"coussinets"},{"value":1206,"label":"empreinte"},{"value":460,"label":"for\u00eat"},{"value":1211,"label":"griffes"},{"value":396,"label":"loup"},{"value":370,"label":"nature"},{"value":1205,"label":"patte"},{"value":452,"label":"sauvage"},{"value":1208,"label":"trace"}]},"featured_image_src_large":["https:\/\/mes-pochoirs.com\/wp-content\/uploads\/2025\/03\/A0076-pochoir-empreinte-loup-copyright-mes-pochoirs-858x1030.jpg",858,1030,true],"author_info":[],"comment_info":0,"_links":{"self":[{"href":"https:\/\/mes-pochoirs.com\/es\/wp-json\/wp\/v2\/product\/21695","targetHints":{"allow":["GET"]}}],"collection":[{"href":"https:\/\/mes-pochoirs.com\/es\/wp-json\/wp\/v2\/product"}],"about":[{"href":"https:\/\/mes-pochoirs.com\/es\/wp-json\/wp\/v2\/types\/product"}],"replies":[{"embeddable":true,"href":"https:\/\/mes-pochoirs.com\/es\/wp-json\/wp\/v2\/comments?post=21695"}],"wp:featuredmedia":[{"embeddable":true,"href":"https:\/\/mes-pochoirs.com\/es\/wp-json\/wp\/v2\/media\/21634"}],"wp:attachment":[{"href":"https:\/\/mes-pochoirs.com\/es\/wp-json\/wp\/v2\/media?parent=21695"}],"wp:term":[{"taxonomy":"product_brand","embeddable":true,"href":"https:\/\/mes-pochoirs.com\/es\/wp-json\/wp\/v2\/product_brand?post=21695"},{"taxonomy":"product_cat","embeddable":true,"href":"https:\/\/mes-pochoirs.com\/es\/wp-json\/wp\/v2\/product_cat?post=21695"},{"taxonomy":"product_tag","embeddable":true,"href":"https:\/\/mes-pochoirs.com\/es\/wp-json\/wp\/v2\/product_tag?post=21695"}],"curies":[{"name":"wp","href":"https:\/\/api.w.org\/{rel}","templated":true}]}}