{"id":21705,"date":"2025-03-04T15:30:45","date_gmt":"2025-03-04T14:30:45","guid":{"rendered":"https:\/\/mes-pochoirs.com\/?post_type=product&#038;p=21705"},"modified":"2025-10-31T12:32:04","modified_gmt":"2025-10-31T11:32:04","slug":"perro-lobo-plantilla-a0077","status":"publish","type":"product","link":"https:\/\/mes-pochoirs.com\/es\/produit\/pochoir-empreinte-de-chien-loup-a0077","title":{"rendered":"Plantilla Huella Wolfhound - A0077"},"content":{"rendered":"<h2>Plantilla Huella de perro lobo<\/h2>\n<h3>Cuando la naturaleza se invita a s\u00ed misma en su arte<\/h3>\n<p>Le <strong>Plantilla Huella de perro lobo<\/strong> capta la esencia misma del animal libre e ind\u00f3mito. Esta huella, con sus almohadillas marcadas y sus garras afiladas, evoca tanto la fuerza bruta de la naturaleza como la conexi\u00f3n instintiva entre el hombre y su compa\u00f1ero salvaje. Cada detalle de esta huella recuerda la silueta de un perro lobo checoslovaco, un Saarloos o incluso un pastor alem\u00e1n, razas en las que a\u00fan vibra la herencia del lobo. Cruce entre perro dom\u00e9stico y animal salvaje, este estampado cuenta la historia de aquellos que dejan su huella en la tierra... y en nuestra memoria. Esta plantilla de animales no es s\u00f3lo decorativa: transmite un poderoso mensaje sobre la libertad, el instinto y la lealtad inquebrantable de los perros lobo.<\/p>\n<h3>Dise\u00f1o expresivo para obras de arte impactantes<\/h3>\n<p>Con el <strong>Plantilla Huella de perro lobo<\/strong>Cada proyecto art\u00edstico adquiere una fuerte dimensi\u00f3n gr\u00e1fica. Este motivo, a la vez realista y estilizado, se presta tanto a la decoraci\u00f3n mural como a la personalizaci\u00f3n de objetos, muebles y textiles. Evoca el esp\u00edritu de razas emblem\u00e1ticas como el Husky y el Malamute, acostumbradas a abrirse camino en la nieve y los grandes espacios. Su contorno deliberadamente irregular, marcado por las garras del perro lobo, confiere a tus creaciones un aspecto crudo, casi primitivo, que atraer\u00e1 a los amantes del arte animal y los ambientes salvajes. Tanto si desea ilustrar el alma de un fiel compa\u00f1ero como transcribir la huella dejada por un animal legendario, esta plantilla de garras de perro lobo le ofrece una total libertad de expresi\u00f3n. Es mucho m\u00e1s que una herramienta decorativa: es un vector de emoci\u00f3n, una huella creativa que resuena en el alma del artista y cuenta una historia con cada trazo de pintura o spray.<\/p>","protected":false},"excerpt":{"rendered":"<p><strong>Plantilla Huella de perro lobo<\/strong> Perfectos para sus creaciones pict\u00f3ricas. Reutilizables, de alta calidad, varios tama\u00f1os.<\/p>","protected":false},"featured_media":21635,"comment_status":"open","ping_status":"closed","template":"","meta":{"bwfblock_default_font":"","_kad_blocks_custom_css":"","_kad_blocks_head_custom_js":"","_kad_blocks_body_custom_js":"","_kad_blocks_footer_custom_js":"","_kadence_starter_templates_imported_post":false,"_kad_post_transparent":"default","_kad_post_title":"","_kad_post_layout":"default","_kad_post_sidebar_id":"","_kad_post_content_style":"default","_kad_post_vertical_padding":"default","_kad_post_feature":"","_kad_post_feature_position":"","_kad_post_header":false,"_kad_post_footer":false,"_kad_post_classname":""},"product_brand":[1415],"product_cat":[364],"product_tag":[367,710,708,1209,1207,1206,1213,396,1205,1208],"class_list":{"0":"post-21705","1":"product","2":"type-product","3":"status-publish","4":"has-post-thumbnail","6":"product_brand-mes-pochoirs","7":"product_cat-pochoirs-animaux","8":"product_tag-animal","9":"product_tag-animal-de-compagnie","10":"product_tag-chien","11":"product_tag-compagnon","12":"product_tag-coussinets","13":"product_tag-empreinte","14":"product_tag-griffes-chien-loup","15":"product_tag-loup","16":"product_tag-patte","17":"product_tag-trace","19":"first","20":"instock","21":"taxable","22":"shipping-taxable","23":"purchasable","24":"product-type-variable","25":"has-default-attributes","26":"entry","27":"content-bg","28":"loop-entry"},"taxonomy_info":{"product_brand":[{"value":1415,"label":"Mes Pochoirs"}],"product_cat":[{"value":364,"label":"Animaux"}],"product_tag":[{"value":367,"label":"animal"},{"value":710,"label":"animal de compagnie"},{"value":708,"label":"chien"},{"value":1209,"label":"compagnon"},{"value":1207,"label":"coussinets"},{"value":1206,"label":"empreinte"},{"value":1213,"label":"griffes chien-loup"},{"value":396,"label":"loup"},{"value":1205,"label":"patte"},{"value":1208,"label":"trace"}]},"featured_image_src_large":["https:\/\/mes-pochoirs.com\/wp-content\/uploads\/2025\/03\/A0077-pochoir-empreinte-chien-loup-copyright-mes-pochoirs-858x1030.jpg",858,1030,true],"author_info":[],"comment_info":0,"_links":{"self":[{"href":"https:\/\/mes-pochoirs.com\/es\/wp-json\/wp\/v2\/product\/21705","targetHints":{"allow":["GET"]}}],"collection":[{"href":"https:\/\/mes-pochoirs.com\/es\/wp-json\/wp\/v2\/product"}],"about":[{"href":"https:\/\/mes-pochoirs.com\/es\/wp-json\/wp\/v2\/types\/product"}],"replies":[{"embeddable":true,"href":"https:\/\/mes-pochoirs.com\/es\/wp-json\/wp\/v2\/comments?post=21705"}],"wp:featuredmedia":[{"embeddable":true,"href":"https:\/\/mes-pochoirs.com\/es\/wp-json\/wp\/v2\/media\/21635"}],"wp:attachment":[{"href":"https:\/\/mes-pochoirs.com\/es\/wp-json\/wp\/v2\/media?parent=21705"}],"wp:term":[{"taxonomy":"product_brand","embeddable":true,"href":"https:\/\/mes-pochoirs.com\/es\/wp-json\/wp\/v2\/product_brand?post=21705"},{"taxonomy":"product_cat","embeddable":true,"href":"https:\/\/mes-pochoirs.com\/es\/wp-json\/wp\/v2\/product_cat?post=21705"},{"taxonomy":"product_tag","embeddable":true,"href":"https:\/\/mes-pochoirs.com\/es\/wp-json\/wp\/v2\/product_tag?post=21705"}],"curies":[{"name":"wp","href":"https:\/\/api.w.org\/{rel}","templated":true}]}}