{"id":21926,"date":"2025-04-09T09:07:12","date_gmt":"2025-04-09T07:07:12","guid":{"rendered":"https:\/\/mes-pochoirs.com\/?post_type=product&#038;p=21926"},"modified":"2025-10-31T12:32:09","modified_gmt":"2025-10-31T11:32:09","slug":"che-guevara-plantilla-ic0006","status":"publish","type":"product","link":"https:\/\/mes-pochoirs.com\/es\/produit\/pochoir-che-guevara-ic0006","title":{"rendered":"Plantilla Che Guevara - IC0006"},"content":{"rendered":"<h2>Plantilla Che Guevara<\/h2>\n<h3>S\u00edmbolo de rebeld\u00eda y compromiso<\/h3>\n<p>Sum\u00e9rjase en el coraz\u00f3n de la historia con este <strong>Plantilla Che Guevara<\/strong>un icono intemporal de la revoluci\u00f3n y la libertad. Representando el famoso retrato del guerrillero argentino, esta plantilla encarna el esp\u00edritu rebelde y militante del Che, una figura hist\u00f3rica que dej\u00f3 una huella duradera por su compromiso y su lucha por un ideal. Con su mirada decidida y su carisma inquebrantable, este retrato transmite un poderoso mensaje de resistencia, protesta y activismo pol\u00edtico. Perfecta para quienes deseen mostrar su compromiso o a\u00f1adir un toque de historia y simbolismo a sus creaciones art\u00edsticas, esta plantilla es mucho m\u00e1s que una simple herramienta: es toda una declaraci\u00f3n.<\/p>\n<h3>Una herramienta creativa con un estilo urbano e impactante<\/h3>\n<p>Este <strong>Plantilla Che Guevara<\/strong> est\u00e1 totalmente en l\u00ednea con la est\u00e9tica del arte callejero y el graffiti, ofreciendo un toque urbano y revolucionario a todas tus creaciones. Su estilo minimalista y de alto contraste te permite jugar con luces y sombras para conseguir un efecto impactante y expresivo. Ya sea sobre un lienzo, una pared o un mueble, esta plantilla transformar\u00e1 sus superficies en verdaderas obras de arte militantes, ideales para expresar una visi\u00f3n comprometida y rebelde. A\u00f1ade una fuerte dimensi\u00f3n art\u00edstica a tus creaciones y da rienda suelta a tu inspiraci\u00f3n con esta plantilla llena de historia y simbolismo, perfecta para transmitir un poderoso mensaje a trav\u00e9s del arte.<\/p>","protected":false},"excerpt":{"rendered":"<p><strong>Plantilla Che Guevara<\/strong> de alta calidad, perfectas para a\u00f1adir un efecto urbano a sus cuadros o decoraciones. Reutilizables y disponibles en varios tama\u00f1os.<\/p>","protected":false},"featured_media":22198,"comment_status":"open","ping_status":"closed","template":"","meta":{"bwfblock_default_font":"","_kad_blocks_custom_css":"","_kad_blocks_head_custom_js":"","_kad_blocks_body_custom_js":"","_kad_blocks_footer_custom_js":"","_kadence_starter_templates_imported_post":false,"_kad_post_transparent":"default","_kad_post_title":"","_kad_post_layout":"default","_kad_post_sidebar_id":"","_kad_post_content_style":"default","_kad_post_vertical_padding":"default","_kad_post_feature":"","_kad_post_feature_position":"","_kad_post_header":false,"_kad_post_footer":false,"_kad_post_classname":""},"product_brand":[1415],"product_cat":[732,36],"product_tag":[1226,1216,1219,1070,1222,1223,1217,891,471,1220,1064,1109,1051,390,834,1048,1215,1104,1218,324,286],"class_list":{"0":"post-21926","1":"product","2":"type-product","3":"status-publish","4":"has-post-thumbnail","6":"product_brand-mes-pochoirs","7":"product_cat-pochoirs-icones-celebrites","8":"product_cat-pochoirs-portraits-visages","9":"product_tag-activisme","10":"product_tag-che","11":"product_tag-combat","12":"product_tag-contestation","13":"product_tag-cuba","14":"product_tag-engagement","15":"product_tag-guevara","16":"product_tag-heros","17":"product_tag-icone","18":"product_tag-idealisme","19":"product_tag-liberte","20":"product_tag-militant","21":"product_tag-politique","22":"product_tag-portrait","23":"product_tag-rebelle","24":"product_tag-resistance","25":"product_tag-revolution","26":"product_tag-revolutionnaire","27":"product_tag-socialisme","28":"product_tag-symbole","29":"product_tag-urbain","31":"first","32":"instock","33":"taxable","34":"shipping-taxable","35":"purchasable","36":"product-type-variable","37":"has-default-attributes","38":"entry","39":"content-bg","40":"loop-entry"},"taxonomy_info":{"product_brand":[{"value":1415,"label":"Mes Pochoirs"}],"product_cat":[{"value":732,"label":"Ic\u00f4nes &amp; C\u00e9l\u00e9brit\u00e9s"},{"value":36,"label":"Portraits &amp; Visages"}],"product_tag":[{"value":1226,"label":"activisme"},{"value":1216,"label":"Che"},{"value":1219,"label":"combat"},{"value":1070,"label":"contestation"},{"value":1222,"label":"Cuba"},{"value":1223,"label":"engagement"},{"value":1217,"label":"Guevara"},{"value":891,"label":"h\u00e9ros"},{"value":471,"label":"icone"},{"value":1220,"label":"id\u00e9alisme"},{"value":1064,"label":"Libert\u00e9"},{"value":1109,"label":"militant"},{"value":1051,"label":"Politique"},{"value":390,"label":"portrait"},{"value":834,"label":"rebelle"},{"value":1048,"label":"R\u00e9sistance"},{"value":1215,"label":"r\u00e9volution"},{"value":1104,"label":"r\u00e9volutionnaire"},{"value":1218,"label":"socialisme"},{"value":324,"label":"symbole"},{"value":286,"label":"urbain"}]},"featured_image_src_large":["https:\/\/mes-pochoirs.com\/wp-content\/uploads\/2025\/03\/IC0006-pochoir-che-guevara-copyright-mes-pochoirs-858x1030.jpg",858,1030,true],"author_info":[],"comment_info":0,"_links":{"self":[{"href":"https:\/\/mes-pochoirs.com\/es\/wp-json\/wp\/v2\/product\/21926","targetHints":{"allow":["GET"]}}],"collection":[{"href":"https:\/\/mes-pochoirs.com\/es\/wp-json\/wp\/v2\/product"}],"about":[{"href":"https:\/\/mes-pochoirs.com\/es\/wp-json\/wp\/v2\/types\/product"}],"replies":[{"embeddable":true,"href":"https:\/\/mes-pochoirs.com\/es\/wp-json\/wp\/v2\/comments?post=21926"}],"wp:featuredmedia":[{"embeddable":true,"href":"https:\/\/mes-pochoirs.com\/es\/wp-json\/wp\/v2\/media\/22198"}],"wp:attachment":[{"href":"https:\/\/mes-pochoirs.com\/es\/wp-json\/wp\/v2\/media?parent=21926"}],"wp:term":[{"taxonomy":"product_brand","embeddable":true,"href":"https:\/\/mes-pochoirs.com\/es\/wp-json\/wp\/v2\/product_brand?post=21926"},{"taxonomy":"product_cat","embeddable":true,"href":"https:\/\/mes-pochoirs.com\/es\/wp-json\/wp\/v2\/product_cat?post=21926"},{"taxonomy":"product_tag","embeddable":true,"href":"https:\/\/mes-pochoirs.com\/es\/wp-json\/wp\/v2\/product_tag?post=21926"}],"curies":[{"name":"wp","href":"https:\/\/api.w.org\/{rel}","templated":true}]}}