{"id":22005,"date":"2025-12-04T14:48:53","date_gmt":"2025-12-04T13:48:53","guid":{"rendered":"https:\/\/mes-pochoirs.com\/?post_type=product&#038;p=22005"},"modified":"2025-12-15T23:51:29","modified_gmt":"2025-12-15T22:51:29","slug":"plantilla-oso-polar-a0087","status":"publish","type":"product","link":"https:\/\/mes-pochoirs.com\/es\/produit\/pochoir-ours-blanc-a0087","title":{"rendered":"Plantilla Oso Blanco - A0087"},"content":{"rendered":"<h2 class=\"p1\">Plantilla Oso Blanco - Silueta majestuosa en el agua<\/h2>\n<p class=\"p1\">Esta plantilla de Oso Blanco representa majestuosamente a un oso polar de pie en el agua, con el cuerpo parcialmente sumergido y la cabeza vuelta hacia el cielo. Su aspecto imponente, capturado en una pose tranquila y observadora, lo convierte en un motivo poderoso y reconocible al instante. Los n\u00edtidos recortes del pelaje, las sombras estructuradas y el efecto del reflejo en el agua crean un efecto visual muy realista y gr\u00e1fico.<\/p>\n<p class=\"p1\">Esta plantilla es ideal para los amantes de los animales, la naturaleza y la decoraci\u00f3n de inspiraci\u00f3n polar. Es ideal para crear un ambiente n\u00f3rdico, personalizar paredes, muebles o lienzos, o para crear llamativos proyectos de bricolaje. Su estilo preciso garantiza un acabado limpio, incluso para principiantes, a la vez que proporciona un efecto profesional una vez aplicada.<\/p>\n<p class=\"p1\">Perfecta para dar un toque de fuerza, naturalidad y elegancia a sus creaciones, esta plantilla se convertir\u00e1 r\u00e1pidamente en imprescindible para sus decoraciones de animales o tem\u00e1ticas.<\/p>","protected":false},"excerpt":{"rendered":"<p>Plantilla Oso blanco de pie en el agua - Potente y elegante, perfecta para a\u00f1adir un toque natural y n\u00f3rdico a tus creaciones decorativas y proyectos de bricolaje.<\/p>","protected":false},"featured_media":22189,"comment_status":"open","ping_status":"closed","template":"","meta":{"bwfblock_default_font":"","_kad_blocks_custom_css":"","_kad_blocks_head_custom_js":"","_kad_blocks_body_custom_js":"","_kad_blocks_footer_custom_js":"","_kadence_starter_templates_imported_post":false,"_kad_post_transparent":"default","_kad_post_title":"","_kad_post_layout":"default","_kad_post_sidebar_id":"","_kad_post_content_style":"default","_kad_post_vertical_padding":"default","_kad_post_feature":"","_kad_post_feature_position":"","_kad_post_header":false,"_kad_post_footer":false,"_kad_post_classname":""},"product_brand":[1415],"product_cat":[364],"product_tag":[367,896,1233,1824,1133,370,1821,1114,1823,1822,1230,1134,452],"class_list":{"0":"post-22005","1":"product","2":"type-product","3":"status-publish","4":"has-post-thumbnail","6":"product_brand-mes-pochoirs","7":"product_cat-pochoirs-animaux","8":"product_tag-animal","9":"product_tag-eau","10":"product_tag-feroce","11":"product_tag-glacier","12":"product_tag-majestueux","13":"product_tag-nature","14":"product_tag-nordique","15":"product_tag-ours","16":"product_tag-ours-blanc","17":"product_tag-ours-polaire","18":"product_tag-predateur","19":"product_tag-puissant","20":"product_tag-sauvage","22":"first","23":"instock","24":"taxable","25":"shipping-taxable","26":"purchasable","27":"product-type-variable","28":"entry","29":"content-bg","30":"loop-entry"},"taxonomy_info":{"product_brand":[{"value":1415,"label":"Mes Pochoirs"}],"product_cat":[{"value":364,"label":"Animaux"}],"product_tag":[{"value":367,"label":"animal"},{"value":896,"label":"eau"},{"value":1233,"label":"f\u00e9roce"},{"value":1824,"label":"glacier"},{"value":1133,"label":"majestueux"},{"value":370,"label":"nature"},{"value":1821,"label":"nordique"},{"value":1114,"label":"ours"},{"value":1823,"label":"ours blanc"},{"value":1822,"label":"ours polaire"},{"value":1230,"label":"pr\u00e9dateur"},{"value":1134,"label":"puissant"},{"value":452,"label":"sauvage"}]},"featured_image_src_large":["https:\/\/mes-pochoirs.com\/wp-content\/uploads\/2025\/03\/A0087-pochoir-ours-copyright-mes-pochoirs-858x1030.jpg",858,1030,true],"author_info":[],"comment_info":0,"_links":{"self":[{"href":"https:\/\/mes-pochoirs.com\/es\/wp-json\/wp\/v2\/product\/22005","targetHints":{"allow":["GET"]}}],"collection":[{"href":"https:\/\/mes-pochoirs.com\/es\/wp-json\/wp\/v2\/product"}],"about":[{"href":"https:\/\/mes-pochoirs.com\/es\/wp-json\/wp\/v2\/types\/product"}],"replies":[{"embeddable":true,"href":"https:\/\/mes-pochoirs.com\/es\/wp-json\/wp\/v2\/comments?post=22005"}],"wp:featuredmedia":[{"embeddable":true,"href":"https:\/\/mes-pochoirs.com\/es\/wp-json\/wp\/v2\/media\/22189"}],"wp:attachment":[{"href":"https:\/\/mes-pochoirs.com\/es\/wp-json\/wp\/v2\/media?parent=22005"}],"wp:term":[{"taxonomy":"product_brand","embeddable":true,"href":"https:\/\/mes-pochoirs.com\/es\/wp-json\/wp\/v2\/product_brand?post=22005"},{"taxonomy":"product_cat","embeddable":true,"href":"https:\/\/mes-pochoirs.com\/es\/wp-json\/wp\/v2\/product_cat?post=22005"},{"taxonomy":"product_tag","embeddable":true,"href":"https:\/\/mes-pochoirs.com\/es\/wp-json\/wp\/v2\/product_tag?post=22005"}],"curies":[{"name":"wp","href":"https:\/\/api.w.org\/{rel}","templated":true}]}}