{"id":22054,"date":"2025-03-27T11:58:41","date_gmt":"2025-03-27T10:58:41","guid":{"rendered":"https:\/\/mes-pochoirs.com\/?post_type=product&#038;p=22054"},"modified":"2025-10-31T12:33:07","modified_gmt":"2025-10-31T11:33:07","slug":"lobo-aullando-plantilla-a0090","status":"publish","type":"product","link":"https:\/\/mes-pochoirs.com\/es\/produit\/pochoir-hurlement-loup-a0090","title":{"rendered":"Plantilla Lobo aullador - A0090"},"content":{"rendered":"<h2>Plantilla Lobo aullador<\/h2>\n<h3>Un grito salvaje y m\u00edstico<\/h3>\n<p><strong>Plantilla Lobo aullador<\/strong>una impactante representaci\u00f3n del rey de los bosques, aullando bajo la noche estrellada. Este cautivador dise\u00f1o capta la esencia misma del <strong>lobo<\/strong>un animal cada vez <strong>salvaje<\/strong> y <strong>majestuoso<\/strong>que encarna la <strong>fuerza<\/strong>el <strong>libertad<\/strong> y el<strong>instinto<\/strong> primario. Sonido <strong>grito nocturno<\/strong>resonando a trav\u00e9s del <strong>monta\u00f1a<\/strong> y el <strong>bosque<\/strong>evoca el v\u00ednculo inextricable entre la<strong>animal<\/strong> y su <strong>envase<\/strong>entre el ser y la naturaleza. Utilizar esta plantilla significa dar voz a este poder simb\u00f3lico e invitar a la energ\u00eda m\u00edstica a tus creaciones art\u00edsticas.<\/p>\n<h4>Un estilo llamativo para un fuerte impacto visual<\/h4>\n<p><strong>Plantilla Lobo aullador<\/strong>\u00a0ofrece un acabado ultradetallado que realza cada rasgo de la capa y la intensidad del color. <strong>aullando<\/strong>. Ya sea para un proyecto art\u00edstico, una pared inspirada en la <strong>naturaleza<\/strong>Esta plantilla transforma instant\u00e1neamente un espacio en un retablo viviente. Deje que su creatividad hable por usted y a\u00f1ada un toque de <strong>potencia<\/strong>de <strong>misterio<\/strong> y <strong>simbolismo<\/strong> a tu arte con esta herramienta \u00fanica.<\/p>","protected":false},"excerpt":{"rendered":"<p><strong>Plantilla Lobo aullador,<\/strong> Reutilizables y reversibles, para obras de arte intensas e inspiradoras. Ideal para pintura, arte mural y decoraci\u00f3n.<\/p>","protected":false},"featured_media":22192,"comment_status":"open","ping_status":"closed","template":"","meta":{"bwfblock_default_font":"","_kad_blocks_custom_css":"","_kad_blocks_head_custom_js":"","_kad_blocks_body_custom_js":"","_kad_blocks_footer_custom_js":"","_kadence_starter_templates_imported_post":false,"_kad_post_transparent":"default","_kad_post_title":"","_kad_post_layout":"default","_kad_post_sidebar_id":"","_kad_post_content_style":"default","_kad_post_vertical_padding":"default","_kad_post_feature":"","_kad_post_feature_position":"","_kad_post_header":false,"_kad_post_footer":false,"_kad_post_classname":""},"product_brand":[1415],"product_cat":[364],"product_tag":[367,460,1235,1064,396,1212,1234,370,452],"class_list":{"0":"post-22054","1":"product","2":"type-product","3":"status-publish","4":"has-post-thumbnail","6":"product_brand-mes-pochoirs","7":"product_cat-pochoirs-animaux","8":"product_tag-animal","9":"product_tag-foret","10":"product_tag-hurlement","11":"product_tag-liberte","12":"product_tag-loup","13":"product_tag-meute","14":"product_tag-montagne","15":"product_tag-nature","16":"product_tag-sauvage","18":"first","19":"instock","20":"taxable","21":"shipping-taxable","22":"purchasable","23":"product-type-variable","24":"entry","25":"content-bg","26":"loop-entry"},"taxonomy_info":{"product_brand":[{"value":1415,"label":"Mes Pochoirs"}],"product_cat":[{"value":364,"label":"Animaux"}],"product_tag":[{"value":367,"label":"animal"},{"value":460,"label":"for\u00eat"},{"value":1235,"label":"hurlement"},{"value":1064,"label":"Libert\u00e9"},{"value":396,"label":"loup"},{"value":1212,"label":"meute"},{"value":1234,"label":"montagne"},{"value":370,"label":"nature"},{"value":452,"label":"sauvage"}]},"featured_image_src_large":["https:\/\/mes-pochoirs.com\/wp-content\/uploads\/2025\/03\/A0090-pochoir-loup-copyright-mes-pochoirs-858x1030.jpg",858,1030,true],"author_info":[],"comment_info":0,"_links":{"self":[{"href":"https:\/\/mes-pochoirs.com\/es\/wp-json\/wp\/v2\/product\/22054","targetHints":{"allow":["GET"]}}],"collection":[{"href":"https:\/\/mes-pochoirs.com\/es\/wp-json\/wp\/v2\/product"}],"about":[{"href":"https:\/\/mes-pochoirs.com\/es\/wp-json\/wp\/v2\/types\/product"}],"replies":[{"embeddable":true,"href":"https:\/\/mes-pochoirs.com\/es\/wp-json\/wp\/v2\/comments?post=22054"}],"wp:featuredmedia":[{"embeddable":true,"href":"https:\/\/mes-pochoirs.com\/es\/wp-json\/wp\/v2\/media\/22192"}],"wp:attachment":[{"href":"https:\/\/mes-pochoirs.com\/es\/wp-json\/wp\/v2\/media?parent=22054"}],"wp:term":[{"taxonomy":"product_brand","embeddable":true,"href":"https:\/\/mes-pochoirs.com\/es\/wp-json\/wp\/v2\/product_brand?post=22054"},{"taxonomy":"product_cat","embeddable":true,"href":"https:\/\/mes-pochoirs.com\/es\/wp-json\/wp\/v2\/product_cat?post=22054"},{"taxonomy":"product_tag","embeddable":true,"href":"https:\/\/mes-pochoirs.com\/es\/wp-json\/wp\/v2\/product_tag?post=22054"}],"curies":[{"name":"wp","href":"https:\/\/api.w.org\/{rel}","templated":true}]}}