{"id":22094,"date":"2025-08-06T12:36:56","date_gmt":"2025-08-06T10:36:56","guid":{"rendered":"https:\/\/mes-pochoirs.com\/?post_type=product&#038;p=22094"},"modified":"2025-10-31T12:33:11","modified_gmt":"2025-10-31T11:33:11","slug":"plantilla-videojuego-gorila-a0095","status":"publish","type":"product","link":"https:\/\/mes-pochoirs.com\/es\/produit\/pochoir-jeux-video-gorille-a0095","title":{"rendered":"Plantilla Gorila Videojuegos - A0095"},"content":{"rendered":"<h2>Plantilla Gorila Videojuegos<\/h2>\n<h3>Una poderosa fusi\u00f3n de naturaleza y cultura friki<\/h3>\n<p><strong>Plantilla Gorila Videojuegos<\/strong> - He aqu\u00ed un atrevido dise\u00f1o que combina la fuerza bruta del reino animal con el fascinante mundo de los videojuegos. Esta plantilla representa a un imponente gorila, concentrado, con un mando en las manos, absorto en el mundo digital de los videojuegos. Con su intensa mirada y su actitud casi humana, esta obra plantea preguntas: \u00bfqui\u00e9n domina a qui\u00e9n, el animal o la tecnolog\u00eda? La imagen es una sutil reflexi\u00f3n sobre nuestra inmersi\u00f3n en el mundo digital y virtual. Perfecta para los aficionados a los videojuegos, los entusiastas del arte callejero o cualquiera que busque a\u00f1adir un toque original e impactante a sus creaciones, esta plantilla es mucho m\u00e1s que un simple motivo. Es una invitaci\u00f3n a expresar un poderoso mensaje sobre el impacto de la tecnolog\u00eda digital en nuestras vidas y la forma en que moldea nuestro mundo, a veces incluso m\u00e1s all\u00e1 de nuestra naturaleza instintiva.<\/p>\n<h3>Un estilo gr\u00e1fico impactante para obras \u00fanicas<\/h3>\n<p><strong>Plantilla Gorila Videojuegos<\/strong> - Su estilo gr\u00e1fico la hace ideal para crear efectos visuales impactantes y din\u00e1micos. Con sus l\u00edneas limpias y precisas, esta plantilla transforma cualquier superficie en una aut\u00e9ntica obra de arte urbano. Ya sea sobre una pared, un lienzo o incluso sobre textiles, podr\u00e1s crear una composici\u00f3n moderna y original que combine cultura geek y expresi\u00f3n art\u00edstica. Los detalles finamente trabajados de esta plantilla captan a la perfecci\u00f3n la intensidad de la mirada del gorila y la postura inmersiva del jugador. El joystick, el casco y la actitud concentrada de este emblem\u00e1tico animal evocan el universo digital y el poder hipn\u00f3tico de lo virtual. Toda una baza para los artistas en busca de inspiraci\u00f3n y los que desean dejar una fuerte huella visual a trav\u00e9s de creaciones \u00fanicas y comprometidas.<\/p>","protected":false},"excerpt":{"rendered":"<p><strong data-start=\"570\" data-end=\"600\">Plantilla Gorila Videojuegos<\/strong> Ideal para artistas y pintores. Reutilizables, reversibles y de alta calidad, perfectos para obras de arte, lienzos y decoraci\u00f3n de paredes.<\/p>","protected":false},"featured_media":22197,"comment_status":"open","ping_status":"closed","template":"","meta":{"bwfblock_default_font":"","_kad_blocks_custom_css":"","_kad_blocks_head_custom_js":"","_kad_blocks_body_custom_js":"","_kad_blocks_footer_custom_js":"","_kadence_starter_templates_imported_post":false,"_kad_post_transparent":"default","_kad_post_title":"","_kad_post_layout":"default","_kad_post_sidebar_id":"","_kad_post_content_style":"default","_kad_post_vertical_padding":"default","_kad_post_feature":"","_kad_post_feature_position":"","_kad_post_header":false,"_kad_post_footer":false,"_kad_post_classname":""},"product_brand":[1415],"product_cat":[364,328],"product_tag":[367,1002,1241,1115,720,1240,1098,327,750,1239,1101],"class_list":{"0":"post-22094","1":"product","2":"type-product","3":"status-publish","4":"has-post-thumbnail","6":"product_brand-mes-pochoirs","7":"product_cat-pochoirs-animaux","8":"product_cat-pochoirs-street-art","9":"product_tag-animal","10":"product_tag-gaming","11":"product_tag-geek","12":"product_tag-gorille","13":"product_tag-jeu","14":"product_tag-manette","15":"product_tag-numerique","16":"product_tag-street-art","17":"product_tag-technologie","18":"product_tag-video","19":"product_tag-virtuel","21":"first","22":"instock","23":"taxable","24":"shipping-taxable","25":"purchasable","26":"product-type-variable","27":"entry","28":"content-bg","29":"loop-entry"},"taxonomy_info":{"product_brand":[{"value":1415,"label":"Mes Pochoirs"}],"product_cat":[{"value":364,"label":"Animaux"},{"value":328,"label":"Street Art"}],"product_tag":[{"value":367,"label":"animal"},{"value":1002,"label":"gaming"},{"value":1241,"label":"geek"},{"value":1115,"label":"gorille"},{"value":720,"label":"jeu"},{"value":1240,"label":"manette"},{"value":1098,"label":"num\u00e9rique"},{"value":327,"label":"street art"},{"value":750,"label":"technologie"},{"value":1239,"label":"vid\u00e9o"},{"value":1101,"label":"virtuel"}]},"featured_image_src_large":["https:\/\/mes-pochoirs.com\/wp-content\/uploads\/2025\/03\/A0095-pochoir-gorille-gamer-copyright-mes-pochoirs-858x1030.jpg",858,1030,true],"author_info":[],"comment_info":2,"_links":{"self":[{"href":"https:\/\/mes-pochoirs.com\/es\/wp-json\/wp\/v2\/product\/22094","targetHints":{"allow":["GET"]}}],"collection":[{"href":"https:\/\/mes-pochoirs.com\/es\/wp-json\/wp\/v2\/product"}],"about":[{"href":"https:\/\/mes-pochoirs.com\/es\/wp-json\/wp\/v2\/types\/product"}],"replies":[{"embeddable":true,"href":"https:\/\/mes-pochoirs.com\/es\/wp-json\/wp\/v2\/comments?post=22094"}],"wp:featuredmedia":[{"embeddable":true,"href":"https:\/\/mes-pochoirs.com\/es\/wp-json\/wp\/v2\/media\/22197"}],"wp:attachment":[{"href":"https:\/\/mes-pochoirs.com\/es\/wp-json\/wp\/v2\/media?parent=22094"}],"wp:term":[{"taxonomy":"product_brand","embeddable":true,"href":"https:\/\/mes-pochoirs.com\/es\/wp-json\/wp\/v2\/product_brand?post=22094"},{"taxonomy":"product_cat","embeddable":true,"href":"https:\/\/mes-pochoirs.com\/es\/wp-json\/wp\/v2\/product_cat?post=22094"},{"taxonomy":"product_tag","embeddable":true,"href":"https:\/\/mes-pochoirs.com\/es\/wp-json\/wp\/v2\/product_tag?post=22094"}],"curies":[{"name":"wp","href":"https:\/\/api.w.org\/{rel}","templated":true}]}}