{"id":22126,"date":"2025-03-27T14:17:02","date_gmt":"2025-03-27T13:17:02","guid":{"rendered":"https:\/\/mes-pochoirs.com\/?post_type=product&#038;p=22126"},"modified":"2025-10-31T12:33:17","modified_gmt":"2025-10-31T11:33:17","slug":"plantilla-cara-hombre-pv0022","status":"publish","type":"product","link":"https:\/\/mes-pochoirs.com\/es\/produit\/pochoir-visage-homme-pv0022","title":{"rendered":"Plantilla para cara de hombre - PV0022"},"content":{"rendered":"<h2>Plantilla Cara de Hombre<\/h2>\n<h3>Un retrato poderoso y moderno<\/h3>\n<p>D\u00e9jese cautivar por este <strong>plantilla cara de hombre<\/strong>Una aut\u00e9ntica invitaci\u00f3n a expresar su creatividad con intensidad. Este retrato de un joven en <strong>mirada penetrante<\/strong> con su actitud asertiva desprende un sorprendente poder evocador. Su expresi\u00f3n segura y <strong>moderno<\/strong> la convierte en un sujeto intemporal, rebelde y carism\u00e1tico a la vez. Cada detalle, desde sus mechones despeinados hasta la estructura de su cuello resping\u00f3n, evoca una personalidad audaz y un esp\u00edritu libre. Ya sea para dar car\u00e1cter a una pared, realzar un mueble o personalizar un textil, esta <strong>plantilla art\u00edstica<\/strong> le permite crear una obra de arte memorable, llena de <strong>gr\u00e1ficos y emoci\u00f3n<\/strong>.<\/p>\n<h3>Un estilo llamativo y gr\u00e1fico<\/h3>\n<p>Dise\u00f1ado con un sutil juego de contrastes y precisos recortes, este <strong>plantilla cara de hombre<\/strong> se inspira en <strong>estilo gr\u00e1fico<\/strong> y dise\u00f1o futurista. Las l\u00edneas limpias y los motivos angulosos que se funden en la chaqueta recuerdan al mundo ciberpunk o al <strong>arte callejero<\/strong>a\u00f1adiendo un toque de <strong>art\u00edstico y contempor\u00e1neo<\/strong> a su dise\u00f1o. Gracias a su corte detallado y equilibrado, esta plantilla es adecuada para una gran variedad de medios y t\u00e9cnicas: pintura en aerosol, acr\u00edlico, tinta o t\u00e9cnica mixta. Se convierte en un <strong>una poderosa herramienta de expresi\u00f3n<\/strong> para artistas y aficionados que desean causar una impresi\u00f3n duradera con un <strong>retrato de un hombre<\/strong> con un fuerte impacto visual. Convierte tu espacio en un espacio de arte dejando volar tu imaginaci\u00f3n con esta plantilla \u00fanica e inspiradora.<\/p>","protected":false},"excerpt":{"rendered":"<p><strong data-start=\"561\" data-end=\"585\">Plantilla Cara de Hombre<\/strong> Reutilizables, ideales para pintura y pizarras. Alta calidad, varios tama\u00f1os disponibles. Perfecto para sus obras de arte.<\/p>","protected":false},"featured_media":22205,"comment_status":"open","ping_status":"closed","template":"","meta":{"bwfblock_default_font":"","_kad_blocks_custom_css":"","_kad_blocks_head_custom_js":"","_kad_blocks_body_custom_js":"","_kad_blocks_footer_custom_js":"","_kadence_starter_templates_imported_post":false,"_kad_post_transparent":"default","_kad_post_title":"","_kad_post_layout":"default","_kad_post_sidebar_id":"","_kad_post_content_style":"default","_kad_post_vertical_padding":"default","_kad_post_feature":"","_kad_post_feature_position":"","_kad_post_header":false,"_kad_post_footer":false,"_kad_post_classname":""},"product_brand":[1415],"product_cat":[36,332,328],"product_tag":[689,739,505,675,390,488,338],"class_list":{"0":"post-22126","1":"product","2":"type-product","3":"status-publish","4":"has-post-thumbnail","6":"product_brand-mes-pochoirs","7":"product_cat-pochoirs-portraits-visages","8":"product_cat-pochoirs-pop-art","9":"product_cat-pochoirs-street-art","10":"product_tag-artistique","11":"product_tag-graphique","12":"product_tag-homme","13":"product_tag-moderne","14":"product_tag-portrait","15":"product_tag-regard","16":"product_tag-visage","18":"first","19":"instock","20":"taxable","21":"shipping-taxable","22":"purchasable","23":"product-type-variable","24":"entry","25":"content-bg","26":"loop-entry"},"taxonomy_info":{"product_brand":[{"value":1415,"label":"Mes Pochoirs"}],"product_cat":[{"value":36,"label":"Portraits &amp; Visages"},{"value":332,"label":"Pop Art"},{"value":328,"label":"Street Art"}],"product_tag":[{"value":689,"label":"artistique"},{"value":739,"label":"graphique"},{"value":505,"label":"homme"},{"value":675,"label":"moderne"},{"value":390,"label":"portrait"},{"value":488,"label":"regard"},{"value":338,"label":"visage"}]},"featured_image_src_large":["https:\/\/mes-pochoirs.com\/wp-content\/uploads\/2025\/03\/PV0022-pochoir-portrait-visage-homme-copyright-mes-pochoirs-858x1030.jpg",858,1030,true],"author_info":[],"comment_info":0,"_links":{"self":[{"href":"https:\/\/mes-pochoirs.com\/es\/wp-json\/wp\/v2\/product\/22126","targetHints":{"allow":["GET"]}}],"collection":[{"href":"https:\/\/mes-pochoirs.com\/es\/wp-json\/wp\/v2\/product"}],"about":[{"href":"https:\/\/mes-pochoirs.com\/es\/wp-json\/wp\/v2\/types\/product"}],"replies":[{"embeddable":true,"href":"https:\/\/mes-pochoirs.com\/es\/wp-json\/wp\/v2\/comments?post=22126"}],"wp:featuredmedia":[{"embeddable":true,"href":"https:\/\/mes-pochoirs.com\/es\/wp-json\/wp\/v2\/media\/22205"}],"wp:attachment":[{"href":"https:\/\/mes-pochoirs.com\/es\/wp-json\/wp\/v2\/media?parent=22126"}],"wp:term":[{"taxonomy":"product_brand","embeddable":true,"href":"https:\/\/mes-pochoirs.com\/es\/wp-json\/wp\/v2\/product_brand?post=22126"},{"taxonomy":"product_cat","embeddable":true,"href":"https:\/\/mes-pochoirs.com\/es\/wp-json\/wp\/v2\/product_cat?post=22126"},{"taxonomy":"product_tag","embeddable":true,"href":"https:\/\/mes-pochoirs.com\/es\/wp-json\/wp\/v2\/product_tag?post=22126"}],"curies":[{"name":"wp","href":"https:\/\/api.w.org\/{rel}","templated":true}]}}