{"id":22169,"date":"2025-03-13T12:15:18","date_gmt":"2025-03-13T11:15:18","guid":{"rendered":"https:\/\/mes-pochoirs.com\/?post_type=product&#038;p=22169"},"modified":"2026-03-10T15:25:48","modified_gmt":"2026-03-10T14:25:48","slug":"plantilla-astronauta-guitarra-electrica-mc0015","status":"publish","type":"product","link":"https:\/\/mes-pochoirs.com\/es\/produit\/pochoir-astronaute-guitare-electrique-mc0015","title":{"rendered":"Plantilla Astronauta y su Guitarra El\u00e9ctrica - MC0015"},"content":{"rendered":"<h2>Stencil Astronauta Guitarra El\u00e9ctrica<\/h2>\n<h4>El Explorador del Espacio y el Sonido<\/h4>\n<p><strong>Stencil Astronauta Guitarra El\u00e9ctrica<\/strong> - una fusi\u00f3n perfecta de energ\u00eda rockera e inmensidad interestelar. Este poderoso dise\u00f1o representa a un astronauta ingr\u00e1vido de rodillas, guitarra el\u00e9ctrica en mano, como si tocara un solo m\u00edtico bajo una lluvia de estrellas. Este cosmonauta del sonido parece traspasar los l\u00edmites de la realidad, transformando el espacio en un escenario donde la m\u00fasica se vuelve infinita. Simboliza la libertad, la exploraci\u00f3n y la audacia de los que sue\u00f1an a lo grande y vibran al ritmo del universo. Con esta plantilla, cada obra de arte se convierte en un homenaje a la fusi\u00f3n del arte y la ciencia ficci\u00f3n. Imagine este dise\u00f1o en una pared, un lienzo o incluso un mueble: inyectar\u00e1 un toque de creatividad espacial, una vibrante energ\u00eda rockera y un esp\u00edritu de aventura sin l\u00edmites.<\/p>\n<h3>Un estilo atrevido que combina arte callejero y ciencia ficci\u00f3n<\/h3>\n<p><strong>Stencil Astronauta Guitarra El\u00e9ctrica<\/strong>\u00a0Un llamativo dise\u00f1o gr\u00e1fico que mezcla la est\u00e9tica del arte callejero con un toque de ciencia ficci\u00f3n. Se adapta tanto a obras modernas y urbanas como a composiciones m\u00e1s abstractas, dando rienda suelta a su imaginaci\u00f3n. Con este motivo, d\u00e9 a sus paredes, lienzos, muebles o cualquier otra superficie una dimensi\u00f3n espacial, donde el mundo del rock se encuentra con el de las estrellas. Es una poderosa herramienta de expresi\u00f3n art\u00edstica, que le permitir\u00e1 afirmar su estilo y contar su propia historia, a medio camino entre un cosmonauta rebelde y un guitarrista en plena explosi\u00f3n creativa.<\/p>","protected":false},"excerpt":{"rendered":"<p><strong>Stencil Astronauta Guitarra El\u00e9ctrica<\/strong>Ideal para pintura y pizarras. De alta calidad, reutilizables, reversibles, disponibles en varios tama\u00f1os.<\/p>","protected":false},"featured_media":22201,"comment_status":"open","ping_status":"closed","template":"","meta":{"bwfblock_default_font":"","_kad_blocks_custom_css":"","_kad_blocks_head_custom_js":"","_kad_blocks_body_custom_js":"","_kad_blocks_footer_custom_js":"","_kadence_starter_templates_imported_post":false,"_kad_post_transparent":"default","_kad_post_title":"","_kad_post_layout":"default","_kad_post_sidebar_id":"","_kad_post_content_style":"default","_kad_post_vertical_padding":"default","_kad_post_feature":"","_kad_post_feature_position":"","_kad_post_header":false,"_kad_post_footer":false,"_kad_post_classname":""},"product_brand":[1415],"product_cat":[650,328,2033],"product_tag":[1243,391,990,392,722,1242,1244,445,560,638,721,1245],"class_list":{"0":"post-22169","1":"product","2":"type-product","3":"status-publish","4":"has-post-thumbnail","6":"product_brand-mes-pochoirs","7":"product_cat-musique","8":"product_cat-pochoirs-street-art","9":"product_cat-pochoirs-univers-spatial","10":"product_tag-apesanteur","11":"product_tag-astronaute","12":"product_tag-cosmonaute","13":"product_tag-espace","14":"product_tag-exploration","15":"product_tag-guitare","16":"product_tag-interstellaire","17":"product_tag-musique","18":"product_tag-rock","19":"product_tag-spatial","20":"product_tag-univers","21":"product_tag-voyage","23":"first","24":"instock","25":"taxable","26":"shipping-taxable","27":"purchasable","28":"product-type-variable","29":"has-default-attributes","30":"entry","31":"content-bg","32":"loop-entry"},"taxonomy_info":{"product_brand":[{"value":1415,"label":"Mes Pochoirs"}],"product_cat":[{"value":650,"label":"Musique"},{"value":328,"label":"Street Art"},{"value":2033,"label":"Univers Spatial"}],"product_tag":[{"value":1243,"label":"apesanteur"},{"value":391,"label":"astronaute"},{"value":990,"label":"cosmonaute"},{"value":392,"label":"espace"},{"value":722,"label":"exploration"},{"value":1242,"label":"guitare"},{"value":1244,"label":"interstellaire"},{"value":445,"label":"musique"},{"value":560,"label":"Rock"},{"value":638,"label":"spatial"},{"value":721,"label":"univers"},{"value":1245,"label":"voyage"}]},"featured_image_src_large":["https:\/\/mes-pochoirs.com\/wp-content\/uploads\/2025\/03\/MC0015-pochoir-astronaute-guitariste-copyright-mes-pochoirs-858x1030.jpg",858,1030,true],"author_info":[],"comment_info":1,"_links":{"self":[{"href":"https:\/\/mes-pochoirs.com\/es\/wp-json\/wp\/v2\/product\/22169","targetHints":{"allow":["GET"]}}],"collection":[{"href":"https:\/\/mes-pochoirs.com\/es\/wp-json\/wp\/v2\/product"}],"about":[{"href":"https:\/\/mes-pochoirs.com\/es\/wp-json\/wp\/v2\/types\/product"}],"replies":[{"embeddable":true,"href":"https:\/\/mes-pochoirs.com\/es\/wp-json\/wp\/v2\/comments?post=22169"}],"wp:featuredmedia":[{"embeddable":true,"href":"https:\/\/mes-pochoirs.com\/es\/wp-json\/wp\/v2\/media\/22201"}],"wp:attachment":[{"href":"https:\/\/mes-pochoirs.com\/es\/wp-json\/wp\/v2\/media?parent=22169"}],"wp:term":[{"taxonomy":"product_brand","embeddable":true,"href":"https:\/\/mes-pochoirs.com\/es\/wp-json\/wp\/v2\/product_brand?post=22169"},{"taxonomy":"product_cat","embeddable":true,"href":"https:\/\/mes-pochoirs.com\/es\/wp-json\/wp\/v2\/product_cat?post=22169"},{"taxonomy":"product_tag","embeddable":true,"href":"https:\/\/mes-pochoirs.com\/es\/wp-json\/wp\/v2\/product_tag?post=22169"}],"curies":[{"name":"wp","href":"https:\/\/api.w.org\/{rel}","templated":true}]}}