{"id":22175,"date":"2025-03-13T12:30:05","date_gmt":"2025-03-13T11:30:05","guid":{"rendered":"https:\/\/mes-pochoirs.com\/?post_type=product&#038;p=22175"},"modified":"2026-03-10T15:25:41","modified_gmt":"2026-03-10T14:25:41","slug":"plantilla-astronauta-guitarrista-mc0016","status":"publish","type":"product","link":"https:\/\/mes-pochoirs.com\/es\/produit\/pochoir-astronaute-guitariste-mc0016","title":{"rendered":"Plantilla Astronauta Guitarrista - MC0016"},"content":{"rendered":"<h2>Stencil Astronauta Guitarrista<\/h2>\n<h3>Un viaje interestelar al ritmo del rock<\/h3>\n<p><strong>Stencil Astronauta Guitarrista<\/strong>\u00a1una audaz fusi\u00f3n de exploraci\u00f3n espacial y potencia rockera! Imagina un <strong>cosmonauta<\/strong> flotando en el<strong>espacio<\/strong>dejando atr\u00e1s las limitaciones de la gravedad para vibrar al son de su <strong>guitarra<\/strong> el\u00e9ctrico. Este llamativo dise\u00f1o evoca un <strong>viaje interestelar<\/strong>donde el <strong>m\u00fasica<\/strong> se convierte en un lenguaje universal, que atraviesa galaxias y desaf\u00eda las leyes del tiempo. Esta plantilla es m\u00e1s que un motivo, cuenta una historia: la historia de un artista libre, que ampl\u00eda los l\u00edmites de lo posible y explora nuevos horizontes. Tanto si le apasiona <strong>ciencia ficci\u00f3n<\/strong>fan de <strong>roca<\/strong> o simplemente busca una forma \u00fanica de decorar, esta plantilla dar\u00e1 un toque inspirador e impactante a sus creaciones. Imag\u00ednatela en una pared, un lienzo o incluso un mueble: infundir\u00e1 una energ\u00eda c\u00f3smica y una sensaci\u00f3n de \"hogar\". <strong>libertad<\/strong> La forma perfecta de transformar cualquier superficie en una obra de arte.<\/p>\n<h3>Un estilo gr\u00e1fico potente y expresivo<\/h3>\n<p>Le <strong>Stencil Astronauta Guitarrista<\/strong> est\u00e1 dise\u00f1ado para tener un fuerte impacto visual, con sus l\u00edneas limpias y su estilo gr\u00e1fico cercano a la <strong>arte callejero<\/strong>. El efecto <strong>din\u00e1mico<\/strong> a\u00f1ade un toque de <strong>moderno<\/strong> y urbano a tu trabajo. Los efectos de pintura goteando a\u00f1aden una textura cruda y un toque rebelde, perfecto para aquellos que les gusta hacer una declaraci\u00f3n audaz. <strong>roca<\/strong> y el arte alternativo. Gracias a su precisi\u00f3n y adaptabilidad, esta plantilla le permite realizar creaciones \u00fanicas, ya sea para decoraci\u00f3n mural, personalizaci\u00f3n textil u obras sobre lienzo. Se convierte en una aut\u00e9ntica herramienta de expresi\u00f3n, que le permite incorporar un mensaje contundente a su arte: la<strong>exploraci\u00f3n<\/strong>la infinidad de<strong>universo<\/strong>el poder de <strong>m\u00fasica<\/strong> y la libertad de una mente dispuesta a desafiar a las estrellas. A\u00f1ade una dimensi\u00f3n intergal\u00e1ctica y un esp\u00edritu dispuesto a enfrentarse a las estrellas. <strong>rebelde<\/strong> \u00a1a tus creaciones con esta extraordinaria plantilla!<\/p>","protected":false},"excerpt":{"rendered":"<p><strong>Stencil Astronauta Guitarrista<\/strong> para pintura y decoraci\u00f3n. Reutilizables, de alta calidad, ideales para cuadros, obras originales y el universo espacial.<\/p>","protected":false},"featured_media":22202,"comment_status":"open","ping_status":"closed","template":"","meta":{"bwfblock_default_font":"","_kad_blocks_custom_css":"","_kad_blocks_head_custom_js":"","_kad_blocks_body_custom_js":"","_kad_blocks_footer_custom_js":"","_kadence_starter_templates_imported_post":false,"_kad_post_transparent":"default","_kad_post_title":"","_kad_post_layout":"default","_kad_post_sidebar_id":"","_kad_post_content_style":"default","_kad_post_vertical_padding":"default","_kad_post_feature":"","_kad_post_feature_position":"","_kad_post_header":false,"_kad_post_footer":false,"_kad_post_classname":""},"product_brand":[1415],"product_cat":[650,328,2033],"product_tag":[1243,391,990,392,233,722,1242,1244,445,560,1100,638,721,1245],"class_list":{"0":"post-22175","1":"product","2":"type-product","3":"status-publish","4":"has-post-thumbnail","6":"product_brand-mes-pochoirs","7":"product_cat-musique","8":"product_cat-pochoirs-street-art","9":"product_cat-pochoirs-univers-spatial","10":"product_tag-apesanteur","11":"product_tag-astronaute","12":"product_tag-cosmonaute","13":"product_tag-espace","14":"product_tag-etoile","15":"product_tag-exploration","16":"product_tag-guitare","17":"product_tag-interstellaire","18":"product_tag-musique","19":"product_tag-rock","20":"product_tag-science-fiction","21":"product_tag-spatial","22":"product_tag-univers","23":"product_tag-voyage","25":"first","26":"instock","27":"taxable","28":"shipping-taxable","29":"purchasable","30":"product-type-variable","31":"has-default-attributes","32":"entry","33":"content-bg","34":"loop-entry"},"taxonomy_info":{"product_brand":[{"value":1415,"label":"Mes Pochoirs"}],"product_cat":[{"value":650,"label":"Musique"},{"value":328,"label":"Street Art"},{"value":2033,"label":"Univers Spatial"}],"product_tag":[{"value":1243,"label":"apesanteur"},{"value":391,"label":"astronaute"},{"value":990,"label":"cosmonaute"},{"value":392,"label":"espace"},{"value":233,"label":"\u00e9toile"},{"value":722,"label":"exploration"},{"value":1242,"label":"guitare"},{"value":1244,"label":"interstellaire"},{"value":445,"label":"musique"},{"value":560,"label":"Rock"},{"value":1100,"label":"science-fiction"},{"value":638,"label":"spatial"},{"value":721,"label":"univers"},{"value":1245,"label":"voyage"}]},"featured_image_src_large":["https:\/\/mes-pochoirs.com\/wp-content\/uploads\/2025\/03\/MC0016-pochoir-astronaute-guitariste-copyright-mes-pochoirs-858x1030.jpg",858,1030,true],"author_info":[],"comment_info":0,"_links":{"self":[{"href":"https:\/\/mes-pochoirs.com\/es\/wp-json\/wp\/v2\/product\/22175","targetHints":{"allow":["GET"]}}],"collection":[{"href":"https:\/\/mes-pochoirs.com\/es\/wp-json\/wp\/v2\/product"}],"about":[{"href":"https:\/\/mes-pochoirs.com\/es\/wp-json\/wp\/v2\/types\/product"}],"replies":[{"embeddable":true,"href":"https:\/\/mes-pochoirs.com\/es\/wp-json\/wp\/v2\/comments?post=22175"}],"wp:featuredmedia":[{"embeddable":true,"href":"https:\/\/mes-pochoirs.com\/es\/wp-json\/wp\/v2\/media\/22202"}],"wp:attachment":[{"href":"https:\/\/mes-pochoirs.com\/es\/wp-json\/wp\/v2\/media?parent=22175"}],"wp:term":[{"taxonomy":"product_brand","embeddable":true,"href":"https:\/\/mes-pochoirs.com\/es\/wp-json\/wp\/v2\/product_brand?post=22175"},{"taxonomy":"product_cat","embeddable":true,"href":"https:\/\/mes-pochoirs.com\/es\/wp-json\/wp\/v2\/product_cat?post=22175"},{"taxonomy":"product_tag","embeddable":true,"href":"https:\/\/mes-pochoirs.com\/es\/wp-json\/wp\/v2\/product_tag?post=22175"}],"curies":[{"name":"wp","href":"https:\/\/api.w.org\/{rel}","templated":true}]}}