{"id":22450,"date":"2025-05-07T16:00:34","date_gmt":"2025-05-07T14:00:34","guid":{"rendered":"https:\/\/mes-pochoirs.com\/?post_type=product&#038;p=22450"},"modified":"2025-10-31T12:34:06","modified_gmt":"2025-10-31T11:34:06","slug":"plantilla-cabeza-de-panda-a0111","status":"publish","type":"product","link":"https:\/\/mes-pochoirs.com\/es\/produit\/pochoir-tete-de-panda-a0111","title":{"rendered":"Plantilla Cabeza de Panda - A0111"},"content":{"rendered":"<h2>Plantilla de cabeza de panda<\/h2>\n<h3>S\u00edmbolo de dulzura y serenidad<\/h3>\n<p><strong>Plantilla de cabeza de panda<\/strong>Una invitaci\u00f3n a la relajaci\u00f3n y la imaginaci\u00f3n. Con su mirada apacible y su expresi\u00f3n ben\u00e9vola, este dise\u00f1o evoca la <strong>tranquilidad<\/strong> y la calma de un mundo donde <strong>naturaleza<\/strong> reina suprema. El panda, que <strong>animal<\/strong> nos recuerda la inocencia de <strong>infancia<\/strong>un universo donde <strong>suavidad<\/strong> y el <strong>sue\u00f1o<\/strong> tomar el relevo del ajetreo de la vida cotidiana. Cada trazo de esta plantilla es una ventana abierta a una atm\u00f3sfera. <strong>zen<\/strong>inspirado en los bosques de <strong>bamb\u00fa<\/strong>Donde el tiempo parece detenerse. Utilizado sobre una pared, un lienzo o incluso un mueble, el <strong>Plantilla de cabeza de panda<\/strong> transforma instant\u00e1neamente un espacio en un refugio <strong>relajante y ligero<\/strong>. A\u00f1ade un toque de <strong>divertido<\/strong> y original a su decoraci\u00f3n, al tiempo que transmite un mensaje contundente: el de la vuelta a los valores esenciales, la tranquilidad y el respeto por los seres vivos.<\/p>\n<h3>Un estilo moderno y gr\u00e1fico<\/h3>\n<p><strong>Plantilla de cabeza de panda<\/strong>una herramienta creativa dise\u00f1ada para dar <strong>car\u00e1cter<\/strong> y originalidad a sus creaciones. Su elegante dise\u00f1o, que combina <strong>realismo y abstracci\u00f3n<\/strong>Juega con los contrastes y los recortes limpios para crear un efecto llamativo a la vez que refinado. Esta plantilla es m\u00e1s que un simple motivo decorativo: es un <strong>una invitaci\u00f3n a la expresi\u00f3n art\u00edstica<\/strong>Una forma de contar una historia a trav\u00e9s de la pintura y la textura. Con sus l\u00edneas din\u00e1micas y equilibradas, el <strong>Plantilla de cabeza de panda<\/strong> se adapta perfectamente a diferentes superficies: paredes, madera, papel, textiles... Reg\u00e1late una creaci\u00f3n \u00fanica y personalizada jugando con los colores y los matices para resaltar toda la fuerza y la elegancia de tu dise\u00f1o. <strong>tranquilidad<\/strong> de este <strong>animal<\/strong> fascinante. Tanto si desea a\u00f1adir un toque <strong>naturaleza<\/strong> o expresar una visi\u00f3n art\u00edstica original, esta plantilla es el aliado perfecto para su hogar. <strong>crear obras de arte cautivadoras e inspiradoras<\/strong>.<\/p>","protected":false},"excerpt":{"rendered":"<p><strong data-start=\"1393\" data-end=\"1418\">Plantilla de cabeza de panda<\/strong> Disponible en varios tama\u00f1os. Ideal para cuadros, decoraci\u00f3n de paredes y pintura. De gran calidad y reutilizables.<\/p>","protected":false},"featured_media":22423,"comment_status":"open","ping_status":"closed","template":"","meta":{"bwfblock_default_font":"","_kad_blocks_custom_css":"","_kad_blocks_head_custom_js":"","_kad_blocks_body_custom_js":"","_kad_blocks_footer_custom_js":"","_kadence_starter_templates_imported_post":false,"_kad_post_transparent":"default","_kad_post_title":"","_kad_post_layout":"default","_kad_post_sidebar_id":"","_kad_post_content_style":"default","_kad_post_vertical_padding":"default","_kad_post_feature":"","_kad_post_feature_position":"","_kad_post_header":false,"_kad_post_footer":false,"_kad_post_classname":""},"product_brand":[1415],"product_cat":[364],"product_tag":[367,1260,1259,1085,826,1257,1258,370,1254,442,1255,1256],"class_list":{"0":"post-22450","1":"product","2":"type-product","3":"status-publish","4":"has-post-thumbnail","6":"product_brand-mes-pochoirs","7":"product_cat-pochoirs-animaux","8":"product_tag-animal","9":"product_tag-bambou","10":"product_tag-detente","11":"product_tag-douceur","12":"product_tag-enfance","13":"product_tag-leger","14":"product_tag-ludique","15":"product_tag-nature","16":"product_tag-panda","17":"product_tag-reve","18":"product_tag-serenite","19":"product_tag-zen","21":"first","22":"instock","23":"taxable","24":"shipping-taxable","25":"purchasable","26":"product-type-variable","27":"has-default-attributes","28":"entry","29":"content-bg","30":"loop-entry"},"taxonomy_info":{"product_brand":[{"value":1415,"label":"Mes Pochoirs"}],"product_cat":[{"value":364,"label":"Animaux"}],"product_tag":[{"value":367,"label":"animal"},{"value":1260,"label":"bambou"},{"value":1259,"label":"d\u00e9tente"},{"value":1085,"label":"douceur"},{"value":826,"label":"enfance"},{"value":1257,"label":"l\u00e9ger"},{"value":1258,"label":"ludique"},{"value":370,"label":"nature"},{"value":1254,"label":"panda"},{"value":442,"label":"R\u00eave"},{"value":1255,"label":"s\u00e9r\u00e9nit\u00e9"},{"value":1256,"label":"zen"}]},"featured_image_src_large":["https:\/\/mes-pochoirs.com\/wp-content\/uploads\/2025\/03\/A0111-pochoir-tete-panda-copyright-mes-pochoirs-858x1030.jpg",858,1030,true],"author_info":[],"comment_info":0,"_links":{"self":[{"href":"https:\/\/mes-pochoirs.com\/es\/wp-json\/wp\/v2\/product\/22450","targetHints":{"allow":["GET"]}}],"collection":[{"href":"https:\/\/mes-pochoirs.com\/es\/wp-json\/wp\/v2\/product"}],"about":[{"href":"https:\/\/mes-pochoirs.com\/es\/wp-json\/wp\/v2\/types\/product"}],"replies":[{"embeddable":true,"href":"https:\/\/mes-pochoirs.com\/es\/wp-json\/wp\/v2\/comments?post=22450"}],"wp:featuredmedia":[{"embeddable":true,"href":"https:\/\/mes-pochoirs.com\/es\/wp-json\/wp\/v2\/media\/22423"}],"wp:attachment":[{"href":"https:\/\/mes-pochoirs.com\/es\/wp-json\/wp\/v2\/media?parent=22450"}],"wp:term":[{"taxonomy":"product_brand","embeddable":true,"href":"https:\/\/mes-pochoirs.com\/es\/wp-json\/wp\/v2\/product_brand?post=22450"},{"taxonomy":"product_cat","embeddable":true,"href":"https:\/\/mes-pochoirs.com\/es\/wp-json\/wp\/v2\/product_cat?post=22450"},{"taxonomy":"product_tag","embeddable":true,"href":"https:\/\/mes-pochoirs.com\/es\/wp-json\/wp\/v2\/product_tag?post=22450"}],"curies":[{"name":"wp","href":"https:\/\/api.w.org\/{rel}","templated":true}]}}