{"id":22650,"date":"2025-06-11T15:27:31","date_gmt":"2025-06-11T13:27:31","guid":{"rendered":"https:\/\/mes-pochoirs.com\/?post_type=product&#038;p=22650"},"modified":"2025-10-31T12:34:18","modified_gmt":"2025-10-31T11:34:18","slug":"ws008-stencil-gato-puro","status":"publish","type":"product","link":"https:\/\/mes-pochoirs.com\/es\/produit\/pochoir-chat-cigare-ws008","title":{"rendered":"Plantilla Cigar Cat - WS008"},"content":{"rendered":"<h2>Plantilla Cigar Cat<\/h2>\n<h3>Colecci\u00f3n \"Fumadores salvajes<\/h3>\n<p>Le <strong>Plantilla Cigar Cat<\/strong> capta la esencia misma de la independencia y la audacia. Con su mirada penetrante y el puro preparado, este gato encarna una figura a la vez misteriosa y relajada. El humo de su puro a\u00f1ade un toque de elegancia a esta imagen, al tiempo que refuerza la idea de un animal imperturbable, que se mueve a su propio ritmo. Perfecta para a\u00f1adir una dimensi\u00f3n rebelde a sus creaciones, esta plantilla evoca no s\u00f3lo el esp\u00edritu libre de los animales, sino tambi\u00e9n un car\u00e1cter descarado que no teme destacar. El gato se convierte aqu\u00ed en mucho m\u00e1s que un simple compa\u00f1ero: es una personalidad fuerte, un s\u00edmbolo de audacia y creatividad. Tanto si la utiliza para realzar una obra de arte pop como para crear un poderoso mensaje visual, esta plantilla es la herramienta que necesita para causar una impresi\u00f3n duradera.<\/p>\n<p>El estilo gr\u00e1fico de <strong>Plantilla Cigar Cat<\/strong> se inspira en los c\u00f3digos del arte pop. El corte limpio y geom\u00e9trico del dise\u00f1o confiere al conjunto un aire sorprendentemente moderno. Cada l\u00ednea parece meticulosamente elaborada para acentuar la silueta del gato y su puro, creando una imagen impactante y llena de car\u00e1cter. Este dise\u00f1o corta la imagen en distintas secciones, reforzando el aspecto visual de la obra y d\u00e1ndole un aire casi contempor\u00e1neo, al tiempo que juega con las formas y el espacio. Esta plantilla es m\u00e1s que una herramienta, es una invitaci\u00f3n a superar los l\u00edmites de la creatividad, ofreciendo a los artistas una forma de expresarse de manera original e impactante. Si eres un artista callejero, un dise\u00f1ador de murales, o simplemente buscas nuevas formas de a\u00f1adir car\u00e1cter a tu trabajo, esta plantilla Cigar Cat es la herramienta perfecta para insuflar nueva energ\u00eda a tus creaciones.<\/p>","protected":false},"excerpt":{"rendered":"<p><strong data-start=\"818\" data-end=\"846\">Plantilla con cabeza de oso pardo<\/strong>Un dise\u00f1o potente y reversible para su obra. Ideal para artistas, pintores y decoradores de paredes.<\/p>","protected":false},"featured_media":22831,"comment_status":"open","ping_status":"closed","template":"","meta":{"bwfblock_default_font":"","_kad_blocks_custom_css":"","_kad_blocks_head_custom_js":"","_kad_blocks_body_custom_js":"","_kad_blocks_footer_custom_js":"","_kadence_starter_templates_imported_post":false,"_kad_post_transparent":"default","_kad_post_title":"","_kad_post_layout":"default","_kad_post_sidebar_id":"","_kad_post_content_style":"default","_kad_post_vertical_padding":"default","_kad_post_feature":"","_kad_post_feature_position":"","_kad_post_header":false,"_kad_post_footer":false,"_kad_post_classname":""},"product_brand":[1415],"product_cat":[364,481,332,328,1447],"product_tag":[367,366,1446,766,642,322,360,333,1444,327],"class_list":{"0":"post-22650","1":"product","2":"type-product","3":"status-publish","4":"has-post-thumbnail","6":"product_brand-mes-pochoirs","7":"product_cat-pochoirs-animaux","8":"product_cat-collections","9":"product_cat-pochoirs-pop-art","10":"product_cat-pochoirs-street-art","11":"product_cat-wild-smokers","12":"product_tag-animal","13":"product_tag-animaux","14":"product_tag-attitutde-rebelle","15":"product_tag-chat","16":"product_tag-cigare","17":"product_tag-cool","18":"product_tag-lunettes-de-soleil","19":"product_tag-pop-art","20":"product_tag-rebel","21":"product_tag-street-art","23":"first","24":"instock","25":"taxable","26":"shipping-taxable","27":"purchasable","28":"product-type-variable","29":"entry","30":"content-bg","31":"loop-entry"},"taxonomy_info":{"product_brand":[{"value":1415,"label":"Mes Pochoirs"}],"product_cat":[{"value":364,"label":"Animaux"},{"value":481,"label":"Collections"},{"value":332,"label":"Pop Art"},{"value":328,"label":"Street Art"},{"value":1447,"label":"Wild Smokers"}],"product_tag":[{"value":367,"label":"animal"},{"value":366,"label":"animaux"},{"value":1446,"label":"attitutde rebelle"},{"value":766,"label":"chat"},{"value":642,"label":"cigare"},{"value":322,"label":"cool"},{"value":360,"label":"lunettes de soleil"},{"value":333,"label":"pop art"},{"value":1444,"label":"rebel"},{"value":327,"label":"street art"}]},"featured_image_src_large":["https:\/\/mes-pochoirs.com\/wp-content\/uploads\/2025\/04\/WS008-pochoir-chat-cigare-copyright-mes-pochoirs-858x1030.jpg",858,1030,true],"author_info":[],"comment_info":1,"_links":{"self":[{"href":"https:\/\/mes-pochoirs.com\/es\/wp-json\/wp\/v2\/product\/22650","targetHints":{"allow":["GET"]}}],"collection":[{"href":"https:\/\/mes-pochoirs.com\/es\/wp-json\/wp\/v2\/product"}],"about":[{"href":"https:\/\/mes-pochoirs.com\/es\/wp-json\/wp\/v2\/types\/product"}],"replies":[{"embeddable":true,"href":"https:\/\/mes-pochoirs.com\/es\/wp-json\/wp\/v2\/comments?post=22650"}],"wp:featuredmedia":[{"embeddable":true,"href":"https:\/\/mes-pochoirs.com\/es\/wp-json\/wp\/v2\/media\/22831"}],"wp:attachment":[{"href":"https:\/\/mes-pochoirs.com\/es\/wp-json\/wp\/v2\/media?parent=22650"}],"wp:term":[{"taxonomy":"product_brand","embeddable":true,"href":"https:\/\/mes-pochoirs.com\/es\/wp-json\/wp\/v2\/product_brand?post=22650"},{"taxonomy":"product_cat","embeddable":true,"href":"https:\/\/mes-pochoirs.com\/es\/wp-json\/wp\/v2\/product_cat?post=22650"},{"taxonomy":"product_tag","embeddable":true,"href":"https:\/\/mes-pochoirs.com\/es\/wp-json\/wp\/v2\/product_tag?post=22650"}],"curies":[{"name":"wp","href":"https:\/\/api.w.org\/{rel}","templated":true}]}}