{"id":22706,"date":"2025-04-09T10:07:58","date_gmt":"2025-04-09T08:07:58","guid":{"rendered":"https:\/\/mes-pochoirs.com\/?post_type=product&#038;p=22706"},"modified":"2025-10-31T12:34:55","modified_gmt":"2025-10-31T11:34:55","slug":"plantilla-abstracta-colibri-a0123","status":"publish","type":"product","link":"https:\/\/mes-pochoirs.com\/es\/produit\/pochoir-colibri-abstrait-a0123","title":{"rendered":"Plantilla Colibr\u00ed Abstracto - A0123"},"content":{"rendered":"<h2>Plantilla abstracta de colibr\u00ed<\/h2>\n<h3>S\u00edmbolo de ligereza y libertad<\/h3>\n<p><strong>Plantilla abstracta de colibr\u00ed :<\/strong> Este poderoso motivo presenta un colibr\u00ed en pleno vuelo, capturado en un estallido de movimientos y salpicaduras que evocan tanto la gracia como la energ\u00eda. Animal emblem\u00e1tico de la libertad y la ligereza, este peque\u00f1o p\u00e1jaro, fr\u00e1gil pero \u00e1gil, parece surgir de la propia materia, como si cobrara vida a trav\u00e9s de la pintura. Su expresiva silueta, acentuada por din\u00e1micas proyecciones, transmite una sensaci\u00f3n de absoluta libertad y armon\u00eda con la naturaleza. Cada pluma parece vibrar, cada brillo cuenta una historia: la de un vuelo libre e inspirador. Esta plantilla es mucho m\u00e1s que una simple herramienta: es una invitaci\u00f3n a explorar la poes\u00eda del movimiento, la belleza de los seres vivos, y a insuflar un soplo de aire fresco a tus creaciones.<\/p>\n<h3>Un estilo art\u00edstico audaz y expresivo<\/h3>\n<p><strong>Plantilla abstracta de colibr\u00ed :<\/strong> Su llamativo estilo gr\u00e1fico mezcla los c\u00f3digos del arte urbano, el graffiti y la ilustraci\u00f3n contempor\u00e1nea. Las salpicaduras y los efectos de tinta que componen este colibr\u00ed confieren a esta plantilla un aspecto decididamente abstracto, moderno y vivo. Perfecta para crear un punto focal fuerte en una pared, un lienzo o un mueble personalizado, esta plantilla te permite jugar con los contrastes y experimentar libremente. Atraer\u00e1 a los artistas que buscan impacto visual y emoci\u00f3n, al tiempo que se adapta a una amplia gama de soportes creativos. Con este motivo abstracto de un p\u00e1jaro en vuelo, cada obra se convierte en una expresi\u00f3n \u00fanica de ligereza, naturaleza y libertad. D\u00e9jese guiar por el instinto del colibr\u00ed, este animal mensajero, y transforme su espacio o sus proyectos art\u00edsticos en un aut\u00e9ntico manifiesto visual.<\/p>","protected":false},"excerpt":{"rendered":"<p><strong>Plantilla abstracta de colibr\u00ed<\/strong> para pintores. Reversibles, reutilizables, en varios tama\u00f1os. Realce sus creaciones con ligereza.<\/p>","protected":false},"featured_media":23129,"comment_status":"open","ping_status":"closed","template":"","meta":{"bwfblock_default_font":"","_kad_blocks_custom_css":"","_kad_blocks_head_custom_js":"","_kad_blocks_body_custom_js":"","_kad_blocks_footer_custom_js":"","_kadence_starter_templates_imported_post":false,"_kad_post_transparent":"default","_kad_post_title":"","_kad_post_layout":"default","_kad_post_sidebar_id":"","_kad_post_content_style":"default","_kad_post_vertical_padding":"default","_kad_post_feature":"","_kad_post_feature_position":"","_kad_post_header":false,"_kad_post_footer":false,"_kad_post_classname":""},"product_brand":[1415],"product_cat":[364],"product_tag":[694,367,1274,1165,1064,370,661,1276,1275],"class_list":{"0":"post-22706","1":"product","2":"type-product","3":"status-publish","4":"has-post-thumbnail","6":"product_brand-mes-pochoirs","7":"product_cat-pochoirs-animaux","8":"product_tag-abstrait","9":"product_tag-animal","10":"product_tag-colibri","11":"product_tag-legerete","12":"product_tag-liberte","13":"product_tag-nature","14":"product_tag-oiseau","15":"product_tag-plume","16":"product_tag-vol","18":"first","19":"instock","20":"taxable","21":"shipping-taxable","22":"purchasable","23":"product-type-variable","24":"entry","25":"content-bg","26":"loop-entry"},"taxonomy_info":{"product_brand":[{"value":1415,"label":"Mes Pochoirs"}],"product_cat":[{"value":364,"label":"Animaux"}],"product_tag":[{"value":694,"label":"abstrait"},{"value":367,"label":"animal"},{"value":1274,"label":"colibri"},{"value":1165,"label":"L\u00e9geret\u00e9"},{"value":1064,"label":"Libert\u00e9"},{"value":370,"label":"nature"},{"value":661,"label":"oiseau"},{"value":1276,"label":"plume"},{"value":1275,"label":"vol"}]},"featured_image_src_large":["https:\/\/mes-pochoirs.com\/wp-content\/uploads\/2025\/04\/A0123-pochoir-oiseau-colibri-copyright-mes-pochoirs-1-858x1030.jpg",858,1030,true],"author_info":[],"comment_info":0,"_links":{"self":[{"href":"https:\/\/mes-pochoirs.com\/es\/wp-json\/wp\/v2\/product\/22706","targetHints":{"allow":["GET"]}}],"collection":[{"href":"https:\/\/mes-pochoirs.com\/es\/wp-json\/wp\/v2\/product"}],"about":[{"href":"https:\/\/mes-pochoirs.com\/es\/wp-json\/wp\/v2\/types\/product"}],"replies":[{"embeddable":true,"href":"https:\/\/mes-pochoirs.com\/es\/wp-json\/wp\/v2\/comments?post=22706"}],"wp:featuredmedia":[{"embeddable":true,"href":"https:\/\/mes-pochoirs.com\/es\/wp-json\/wp\/v2\/media\/23129"}],"wp:attachment":[{"href":"https:\/\/mes-pochoirs.com\/es\/wp-json\/wp\/v2\/media?parent=22706"}],"wp:term":[{"taxonomy":"product_brand","embeddable":true,"href":"https:\/\/mes-pochoirs.com\/es\/wp-json\/wp\/v2\/product_brand?post=22706"},{"taxonomy":"product_cat","embeddable":true,"href":"https:\/\/mes-pochoirs.com\/es\/wp-json\/wp\/v2\/product_cat?post=22706"},{"taxonomy":"product_tag","embeddable":true,"href":"https:\/\/mes-pochoirs.com\/es\/wp-json\/wp\/v2\/product_tag?post=22706"}],"curies":[{"name":"wp","href":"https:\/\/api.w.org\/{rel}","templated":true}]}}