{"id":22937,"date":"2025-04-17T12:20:51","date_gmt":"2025-04-17T10:20:51","guid":{"rendered":"https:\/\/mes-pochoirs.com\/?post_type=product&#038;p=22937"},"modified":"2025-10-31T12:35:16","modified_gmt":"2025-10-31T11:35:16","slug":"ninos-y-mariposas-plantilla-sa0053","status":"publish","type":"product","link":"https:\/\/mes-pochoirs.com\/es\/produit\/pochoir-enfant-et-papillons-sa0053","title":{"rendered":"Plantilla Guardi\u00e1n Mariposa - SA0053"},"content":{"rendered":"<h2>Plantilla infantil con mariposas<\/h2>\n<h3>Un mundo de cuento al alcance de la mano<\/h3>\n<p><strong>Plantilla infantil con mariposas<\/strong> Esta encantadora plantilla presenta la delicada silueta de un ni\u00f1o alado, como una peque\u00f1a criatura m\u00e1gica, de pie al pie de un \u00e1rbol lleno de mariposas. Cada detalle de esta composici\u00f3n invita a so\u00f1ar despierto: las alas extendidas del ni\u00f1o, el suave movimiento de las mariposas que se elevan hacia el cielo, la naturaleza exuberante que parece susurrar secretos buc\u00f3licos. Este motivo po\u00e9tico evoca la dulzura de la infancia, la profunda conexi\u00f3n con la naturaleza y la belleza de un jard\u00edn interior donde confluyen los sue\u00f1os, la imaginaci\u00f3n y la ligereza. Utilizando este <strong>ni\u00f1os y mariposas plantilla<\/strong>Con el \u00e1rbol, dota a sus creaciones de una escena simb\u00f3lica y tranquilizadora, llena de ternura y magia. Es un motivo que capta nuestra atenci\u00f3n a la vez que nos cuenta una historia: la de un momento suspendido entre lo real y lo maravilloso, entre el \u00e1rbol y el aire, entre el ni\u00f1o y el vuelo libre de las mariposas.<\/p>\n<h3>Un estilo gr\u00e1fico impactante e inspirador<\/h3>\n<p><strong>Plantilla infantil con mariposas<\/strong> : adopta un marcado estilo gr\u00e1fico basado en la silueta. La sombra del ni\u00f1o, el detalle de las hojas y la ligereza de las alas de la mariposa contribuyen a crear un efecto visual impactante. Este dise\u00f1o ofrece una representaci\u00f3n profesional al tiempo que conserva una sensibilidad art\u00edstica, ideal para sus proyectos decorativos o creativos: paredes, lienzos, muebles, cuadernos o incluso frescos de exterior. Este <strong>ni\u00f1os y mariposas plantilla<\/strong> es mucho m\u00e1s que una herramienta decorativa: es un veh\u00edculo de expresi\u00f3n art\u00edstica. A\u00f1ade un toque m\u00e1gico y on\u00edrico a tus obras, a la vez que te permite jugar con texturas, fondos de color y superposiciones para conseguir un efecto a\u00fan m\u00e1s on\u00edrico. Es perfecto para un jard\u00edn, el dormitorio de un ni\u00f1o o cualquier espacio en busca de poes\u00eda visual.<\/p>","protected":false},"excerpt":{"rendered":"<p><strong data-start=\"1420\" data-end=\"1451\">Plantilla infantil con mariposas<\/strong>Un motivo de ensue\u00f1o para artistas, ideal para murales, lienzos o decoraciones buc\u00f3licas.<\/p>","protected":false},"featured_media":22923,"comment_status":"open","ping_status":"closed","template":"","meta":{"bwfblock_default_font":"","_kad_blocks_custom_css":"","_kad_blocks_head_custom_js":"","_kad_blocks_body_custom_js":"","_kad_blocks_footer_custom_js":"","_kadence_starter_templates_imported_post":false,"_kad_post_transparent":"default","_kad_post_title":"","_kad_post_layout":"default","_kad_post_sidebar_id":"","_kad_post_content_style":"default","_kad_post_vertical_padding":"default","_kad_post_feature":"","_kad_post_feature_position":"","_kad_post_header":false,"_kad_post_footer":false,"_kad_post_classname":""},"product_brand":[1415],"product_cat":[328,364,369],"product_tag":[1288,414,1085,825,1287,1285,370,1282,442,1140],"class_list":{"0":"post-22937","1":"product","2":"type-product","3":"status-publish","4":"has-post-thumbnail","6":"product_brand-mes-pochoirs","7":"product_cat-pochoirs-street-art","8":"product_cat-pochoirs-animaux","9":"product_cat-pochoirs-nature","10":"product_tag-ailes","11":"product_tag-arbre","12":"product_tag-douceur","13":"product_tag-enfant","14":"product_tag-jardin","15":"product_tag-magique","16":"product_tag-nature","17":"product_tag-papillon","18":"product_tag-reve","19":"product_tag-silhouette","21":"first","22":"instock","23":"taxable","24":"shipping-taxable","25":"purchasable","26":"product-type-variable","27":"entry","28":"content-bg","29":"loop-entry"},"taxonomy_info":{"product_brand":[{"value":1415,"label":"Mes Pochoirs"}],"product_cat":[{"value":328,"label":"Street Art"},{"value":364,"label":"Animaux"},{"value":369,"label":"Nature"}],"product_tag":[{"value":1288,"label":"ailes"},{"value":414,"label":"Arbre"},{"value":1085,"label":"douceur"},{"value":825,"label":"enfant"},{"value":1287,"label":"jardin"},{"value":1285,"label":"magique"},{"value":370,"label":"nature"},{"value":1282,"label":"papillon"},{"value":442,"label":"R\u00eave"},{"value":1140,"label":"silhouette"}]},"featured_image_src_large":["https:\/\/mes-pochoirs.com\/wp-content\/uploads\/2025\/04\/SA0053-pochoir-enfant-papillons-copyright-mes-pochoirs-858x1030.jpg",858,1030,true],"author_info":[],"comment_info":0,"_links":{"self":[{"href":"https:\/\/mes-pochoirs.com\/es\/wp-json\/wp\/v2\/product\/22937","targetHints":{"allow":["GET"]}}],"collection":[{"href":"https:\/\/mes-pochoirs.com\/es\/wp-json\/wp\/v2\/product"}],"about":[{"href":"https:\/\/mes-pochoirs.com\/es\/wp-json\/wp\/v2\/types\/product"}],"replies":[{"embeddable":true,"href":"https:\/\/mes-pochoirs.com\/es\/wp-json\/wp\/v2\/comments?post=22937"}],"wp:featuredmedia":[{"embeddable":true,"href":"https:\/\/mes-pochoirs.com\/es\/wp-json\/wp\/v2\/media\/22923"}],"wp:attachment":[{"href":"https:\/\/mes-pochoirs.com\/es\/wp-json\/wp\/v2\/media?parent=22937"}],"wp:term":[{"taxonomy":"product_brand","embeddable":true,"href":"https:\/\/mes-pochoirs.com\/es\/wp-json\/wp\/v2\/product_brand?post=22937"},{"taxonomy":"product_cat","embeddable":true,"href":"https:\/\/mes-pochoirs.com\/es\/wp-json\/wp\/v2\/product_cat?post=22937"},{"taxonomy":"product_tag","embeddable":true,"href":"https:\/\/mes-pochoirs.com\/es\/wp-json\/wp\/v2\/product_tag?post=22937"}],"curies":[{"name":"wp","href":"https:\/\/api.w.org\/{rel}","templated":true}]}}